{"id":45924,"date":"2025-05-12T11:48:48","date_gmt":"2025-05-12T11:48:48","guid":{"rendered":"https:\/\/wydawnictwo.ug.edu.pl\/ksiegarnia-online\/uncategorized\/rosyjska-utopia-literacka-w-pierwszym-dwudziestoleciu-xx-wieku\/"},"modified":"2026-02-10T15:47:19","modified_gmt":"2026-02-10T15:47:19","slug":"rosyjska-utopia-literacka-w-pierwszym-dwudziestoleciu-xx-wieku","status":"publish","type":"product","link":"https:\/\/wydawnictwo.ug.edu.pl\/en\/ksiegarnia-online\/literaturoznawstwo\/rosyjska-utopia-literacka-w-pierwszym-dwudziestoleciu-xx-wieku\/","title":{"rendered":"Rosyjska utopia literacka w pierwszym dwudziestoleciu XX wieku"},"content":{"rendered":"","protected":false},"excerpt":{"rendered":"<p>Przek\u0142ad i opracowanie naukowe: Liliana Kalita<\/p>\n<p>Wst\u0119p: Diana Obole\u0144ska<\/p>\n<p>W czwartym tomie serii \u201eBibliotheca Utopiana II\u201d, zatytu\u0142owanym <em>Rosyjska utopia literacka pierwszego dwudziestolecia XX wieku<\/em>, udost\u0119pniamy czytelnikowi dwa kolejne teksty utopijne literatury rosyjskiej, kt\u00f3re po raz pierwszy ukazuj\u0105 si\u0119 w polskim przek\u0142adzie w opracowaniu naukowym. S\u0105 to <em>Czerwona gwiazda. Utopia Aleksandra Bogdanowa<\/em> oraz <em>Podr\u00f3\u017c mojego brata Aleksieja do krainy ch\u0142opskiej utopii<\/em> Aleksandra Czajanowa. W obu powie\u015bciach autorzy skupiaj\u0105 si\u0119 w przewa\u017caj\u0105cej cz\u0119\u015bci na dw\u00f3ch uj\u0119ciach idei marksistowskiej: jej utopijnych korzeniach i pr\u00f3bie zapanowania nad czasem jako ci\u0105giem przemian. Wa\u017cnym aspektem wyp\u0142ywaj\u0105cym z nakre\u015blonej tu projekcji historycznej jest fakt uczestnictwa obu dzie\u0142 w procesie kszta\u0142towania si\u0119 my\u015blenia ideologicznego na poziomie jego fazy aktywnej.<\/p>\n<p>Seria \u201eBibliotheca Utopiana II\u201d<\/p>\n","protected":false},"featured_media":45440,"template":"","meta":{"_acf_changed":false},"journal":[],"rodzaj":[7074,7076],"seria":[],"product_brand":[],"product_cat":[6925],"product_tag":[7457],"class_list":{"0":"post-45924","1":"product","2":"type-product","3":"status-publish","4":"has-post-thumbnail","6":"rodzaj-ksiazki","7":"rodzaj-serie-wydawnicze","8":"product_cat-literaturoznawstwo","9":"product_tag-liliana-kalitaliliana-kalita","11":"first","12":"instock","13":"taxable","14":"shipping-taxable","15":"purchasable","16":"product-type-simple"},"acf":[],"_links":{"self":[{"href":"https:\/\/wydawnictwo.ug.edu.pl\/en\/wp-json\/wp\/v2\/product\/45924","targetHints":{"allow":["GET"]}}],"collection":[{"href":"https:\/\/wydawnictwo.ug.edu.pl\/en\/wp-json\/wp\/v2\/product"}],"about":[{"href":"https:\/\/wydawnictwo.ug.edu.pl\/en\/wp-json\/wp\/v2\/types\/product"}],"wp:featuredmedia":[{"embeddable":true,"href":"https:\/\/wydawnictwo.ug.edu.pl\/en\/wp-json\/wp\/v2\/media\/45440"}],"wp:attachment":[{"href":"https:\/\/wydawnictwo.ug.edu.pl\/en\/wp-json\/wp\/v2\/media?parent=45924"}],"wp:term":[{"taxonomy":"journal","embeddable":true,"href":"https:\/\/wydawnictwo.ug.edu.pl\/en\/wp-json\/wp\/v2\/journal?post=45924"},{"taxonomy":"rodzaj","embeddable":true,"href":"https:\/\/wydawnictwo.ug.edu.pl\/en\/wp-json\/wp\/v2\/rodzaj?post=45924"},{"taxonomy":"seria","embeddable":true,"href":"https:\/\/wydawnictwo.ug.edu.pl\/en\/wp-json\/wp\/v2\/seria?post=45924"},{"taxonomy":"product_brand","embeddable":true,"href":"https:\/\/wydawnictwo.ug.edu.pl\/en\/wp-json\/wp\/v2\/product_brand?post=45924"},{"taxonomy":"product_cat","embeddable":true,"href":"https:\/\/wydawnictwo.ug.edu.pl\/en\/wp-json\/wp\/v2\/product_cat?post=45924"},{"taxonomy":"product_tag","embeddable":true,"href":"https:\/\/wydawnictwo.ug.edu.pl\/en\/wp-json\/wp\/v2\/product_tag?post=45924"}],"curies":[{"name":"wp","href":"https:\/\/api.w.org\/{rel}","templated":true}]}}