{"id":45918,"date":"2025-05-21T07:47:18","date_gmt":"2025-05-21T07:47:18","guid":{"rendered":"https:\/\/wydawnictwo.ug.edu.pl\/ksiegarnia-online\/uncategorized\/przyjazn-niejedno-ma-imie-ksiega-pamiatkowa-dedykowana-profesor-marii-sibinskiej\/"},"modified":"2026-02-10T15:47:29","modified_gmt":"2026-02-10T15:47:29","slug":"przyjazn-niejedno-ma-imie-ksiega-pamiatkowa-dedykowana-profesor-marii-sibinskiej","status":"publish","type":"product","link":"https:\/\/wydawnictwo.ug.edu.pl\/en\/ksiegarnia-online\/varia\/przyjazn-niejedno-ma-imie-ksiega-pamiatkowa-dedykowana-profesor-marii-sibinskiej\/","title":{"rendered":"Przyja\u017a\u0144 niejedno ma imi\u0119. Ksi\u0119ga pami\u0105tkowa dedykowana Profesor Marii Sibi\u0144skiej"},"content":{"rendered":"","protected":false},"excerpt":{"rendered":"<p>Osoby, kt\u00f3re mia\u0142y przyjemno\u015b\u0107 wsp\u00f3\u0142pracowa\u0107 z Mari\u0105 Sibi\u0144sk\u0105, mog\u0142y si\u0119 cieszy\u0107 do\u015bwiadczeniem prawdziwie przyja\u017ani na zasadzie Arystotelejskiej wyk\u0142adni \u2013 pe\u0142nej szacunku, wsparcia, pomocy w sytuacjach kryzysowych, z wyci\u0105gni\u0119t\u0105 d\u0142oni\u0105 zar\u00f3wno w kwestiach zawodowych, jak i prywatnych. Nie dotyczy\u0142o to wy\u0142\u0105cznie sytuacji indywidualnych, lecz tak\u017ce tych w drugim wymiarze, kolektywnym, gdy dyskretnie tworzy\u0142a atmosfer\u0119 wsp\u00f3\u0142pracy w du\u017cej grupie os\u00f3b o r\u00f3\u017cnych pogl\u0105dach i silnych charakterach.<\/p>\n<p>Trudno sobie wyobrazi\u0107 ogrom pracy, kt\u00f3ry nale\u017ca\u0142o w\u0142o\u017cy\u0107 w wykreowanie tego typu mi\u0119dzyludzkich relacji, przy jednoczesnym rozwijaniu Instytutu, pracy dydaktycznej i naukowej. Profesor Sibi\u0144ska znalaz\u0142a czas, aby zdoby\u0107 pozycj\u0119 wybitnej skandynawistki, literaturoznawczyni, specjalizuj\u0105cej si\u0119 w zagadnieniach literatury norweskiej, kultury saamskiej, dramatu i teatru, z licznymi osi\u0105gni\u0119ciami i wyr\u00f3\u017cnieniami na swym naukowym koncie.<\/p>\n<p style=\"text-align: right;\"><em>Fragment Wst\u0119pu<\/em><\/p>\n","protected":false},"featured_media":45434,"template":"","meta":{"_acf_changed":false},"journal":[],"rodzaj":[7074],"seria":[],"product_brand":[],"product_cat":[6948],"product_tag":[7453,8286,7454],"class_list":{"0":"post-45918","1":"product","2":"type-product","3":"status-publish","4":"has-post-thumbnail","6":"rodzaj-ksiazki","7":"product_cat-varia","8":"product_tag-hanna-dymel-trzebiatowskahanna-dymel-trzebiatowska","9":"product_tag-helena-garczynska","10":"product_tag-maja-chacinskamaja-chacinska","12":"first","13":"instock","14":"taxable","15":"shipping-taxable","16":"purchasable","17":"product-type-simple"},"acf":[],"_links":{"self":[{"href":"https:\/\/wydawnictwo.ug.edu.pl\/en\/wp-json\/wp\/v2\/product\/45918","targetHints":{"allow":["GET"]}}],"collection":[{"href":"https:\/\/wydawnictwo.ug.edu.pl\/en\/wp-json\/wp\/v2\/product"}],"about":[{"href":"https:\/\/wydawnictwo.ug.edu.pl\/en\/wp-json\/wp\/v2\/types\/product"}],"wp:featuredmedia":[{"embeddable":true,"href":"https:\/\/wydawnictwo.ug.edu.pl\/en\/wp-json\/wp\/v2\/media\/45434"}],"wp:attachment":[{"href":"https:\/\/wydawnictwo.ug.edu.pl\/en\/wp-json\/wp\/v2\/media?parent=45918"}],"wp:term":[{"taxonomy":"journal","embeddable":true,"href":"https:\/\/wydawnictwo.ug.edu.pl\/en\/wp-json\/wp\/v2\/journal?post=45918"},{"taxonomy":"rodzaj","embeddable":true,"href":"https:\/\/wydawnictwo.ug.edu.pl\/en\/wp-json\/wp\/v2\/rodzaj?post=45918"},{"taxonomy":"seria","embeddable":true,"href":"https:\/\/wydawnictwo.ug.edu.pl\/en\/wp-json\/wp\/v2\/seria?post=45918"},{"taxonomy":"product_brand","embeddable":true,"href":"https:\/\/wydawnictwo.ug.edu.pl\/en\/wp-json\/wp\/v2\/product_brand?post=45918"},{"taxonomy":"product_cat","embeddable":true,"href":"https:\/\/wydawnictwo.ug.edu.pl\/en\/wp-json\/wp\/v2\/product_cat?post=45918"},{"taxonomy":"product_tag","embeddable":true,"href":"https:\/\/wydawnictwo.ug.edu.pl\/en\/wp-json\/wp\/v2\/product_tag?post=45918"}],"curies":[{"name":"wp","href":"https:\/\/api.w.org\/{rel}","templated":true}]}}