{"id":45916,"date":"2025-05-21T10:41:47","date_gmt":"2025-05-21T10:41:47","guid":{"rendered":"https:\/\/wydawnictwo.ug.edu.pl\/ksiegarnia-online\/uncategorized\/zarzadzanie-kampusami-akademickich-uczelni-publicznych\/"},"modified":"2026-02-10T15:47:31","modified_gmt":"2026-02-10T15:47:31","slug":"zarzadzanie-kampusami-akademickich-uczelni-publicznych","status":"publish","type":"product","link":"https:\/\/wydawnictwo.ug.edu.pl\/en\/ksiegarnia-online\/zarzadzanie\/zarzadzanie-kampusami-akademickich-uczelni-publicznych\/","title":{"rendered":"Zarz\u0105dzanie kampusami akademickich uczelni publicznych"},"content":{"rendered":"","protected":false},"excerpt":{"rendered":"<p><em>Zarz\u0105dzanie kampusami akademickich uczelni publicznych. Koncepcje \u2013 do\u015bwiadczenia \u2013 kierunki zmian<\/em><\/p>\n<p style=\"text-align: left;\">\u201eKsi\u0105\u017cka stanowi wyczerpuj\u0105ce studium dotycz\u0105ce zarz\u0105dzania kampusami akademickich uczelni publicznych w kontek\u015bcie funkcjonuj\u0105cych teorii i modeli zarz\u0105dzania nieruchomo\u015bciami oraz organizacjami. Autorka dokona\u0142a warto\u015bciowych studi\u00f3w literaturowych \u015bwiatowego i krajowego dorobku obejmuj\u0105cego zar\u00f3wno odleg\u0142e czasowo, jak i wsp\u00f3\u0142czesne publikacje. Zalet\u0105 monografii s\u0105 liczne koncepcje teoretyczne, kt\u00f3re zosta\u0142y poparte mi\u0119dzynarodowymi badaniami innych autor\u00f3w oraz w\u0142asnymi przemy\u015bleniami.<\/p>\n<p style=\"text-align: left;\">Zaproponowane w monografii uj\u0119cie zarz\u0105dzania kampusami z perspektyw: technicznej, finansowej, organizacyjnej oraz funkcjonalnej, w kontek\u015bcie trzech misji uczelni publicznych, \u0142\u0105cz\u0105ce dwie koncepcje zarz\u0105dzania, i pr\u00f3ba oceny przyj\u0119tych koncepcji w przypadku polskich uczelni publicznych \u015bwiadcz\u0105 o nowatorskim podej\u015bciu do zagadnienia\u201d.<\/p>\n<p style=\"text-align: right;\"><em>dr hab. Iwona Fory\u015b, prof. US<\/em><\/p>\n","protected":false},"featured_media":45432,"template":"","meta":{"_acf_changed":false},"journal":[],"rodzaj":[7074],"seria":[],"product_brand":[],"product_cat":[6942],"product_tag":[7452],"class_list":{"0":"post-45916","1":"product","2":"type-product","3":"status-publish","4":"has-post-thumbnail","6":"rodzaj-ksiazki","7":"product_cat-zarzadzanie","8":"product_tag-malgorzata-rymarzakmalgorzata-rymarzak","10":"first","11":"instock","12":"taxable","13":"shipping-taxable","14":"purchasable","15":"product-type-simple"},"acf":[],"_links":{"self":[{"href":"https:\/\/wydawnictwo.ug.edu.pl\/en\/wp-json\/wp\/v2\/product\/45916","targetHints":{"allow":["GET"]}}],"collection":[{"href":"https:\/\/wydawnictwo.ug.edu.pl\/en\/wp-json\/wp\/v2\/product"}],"about":[{"href":"https:\/\/wydawnictwo.ug.edu.pl\/en\/wp-json\/wp\/v2\/types\/product"}],"wp:featuredmedia":[{"embeddable":true,"href":"https:\/\/wydawnictwo.ug.edu.pl\/en\/wp-json\/wp\/v2\/media\/45432"}],"wp:attachment":[{"href":"https:\/\/wydawnictwo.ug.edu.pl\/en\/wp-json\/wp\/v2\/media?parent=45916"}],"wp:term":[{"taxonomy":"journal","embeddable":true,"href":"https:\/\/wydawnictwo.ug.edu.pl\/en\/wp-json\/wp\/v2\/journal?post=45916"},{"taxonomy":"rodzaj","embeddable":true,"href":"https:\/\/wydawnictwo.ug.edu.pl\/en\/wp-json\/wp\/v2\/rodzaj?post=45916"},{"taxonomy":"seria","embeddable":true,"href":"https:\/\/wydawnictwo.ug.edu.pl\/en\/wp-json\/wp\/v2\/seria?post=45916"},{"taxonomy":"product_brand","embeddable":true,"href":"https:\/\/wydawnictwo.ug.edu.pl\/en\/wp-json\/wp\/v2\/product_brand?post=45916"},{"taxonomy":"product_cat","embeddable":true,"href":"https:\/\/wydawnictwo.ug.edu.pl\/en\/wp-json\/wp\/v2\/product_cat?post=45916"},{"taxonomy":"product_tag","embeddable":true,"href":"https:\/\/wydawnictwo.ug.edu.pl\/en\/wp-json\/wp\/v2\/product_tag?post=45916"}],"curies":[{"name":"wp","href":"https:\/\/api.w.org\/{rel}","templated":true}]}}