{"id":45910,"date":"2025-06-13T10:01:59","date_gmt":"2025-06-13T10:01:59","guid":{"rendered":"https:\/\/wydawnictwo.ug.edu.pl\/ksiegarnia-online\/uncategorized\/notatnik-z-niepamieci\/"},"modified":"2026-02-10T15:47:41","modified_gmt":"2026-02-10T15:47:41","slug":"notatnik-z-niepamieci","status":"publish","type":"product","link":"https:\/\/wydawnictwo.ug.edu.pl\/en\/ksiegarnia-online\/poezja\/notatnik-z-niepamieci\/","title":{"rendered":"Notatnik z niepami\u0119ci"},"content":{"rendered":"","protected":false},"excerpt":{"rendered":"<p>Trudno si\u0119 nie zgodzi\u0107, \u017ce nasze <em>integrum humanum<\/em> domaga si\u0119 swoistej reprezentacji w mozaice j\u0119zyk\u00f3w, w\u015br\u00f3d kt\u00f3rych j\u0119zyk poezji zajmuje miejsce szczeg\u00f3lne. Tu realnie istniej\u0105ce rzeczy i relacje mog\u0105 zyska\u0107 znaczenie symboliczne. Z poezji zdaje si\u0119 promieniowa\u0107 tw\u00f3rcza moc, kt\u00f3ra roz\u015bwietla zakryt\u0105 struktur\u0119 rzeczywisto\u015bci, ujawniaj\u0105c obszary znacze\u0144 dot\u0105d niewidoczne.<\/p>\n<p>Liryka Piotra Bojarskiego jest g\u0142\u0119boko relacyjna. Jednostkowe zdarzenia w przestrzeni relacji koduj\u0105 tu ukryty sens. Opowiadaj\u0105 geografi\u0119 w\u0119drowca, kt\u00f3ry, poci\u0105gaj\u0105c magiczn\u0105 ko\u0142atk\u0119 niepami\u0119ci, dokonuje poetyckiej rekonstrukcji trajektorii dojrzewaj\u0105cej to\u017csamo\u015bci. Metaforyka oszcz\u0119dna, daleka od barokowego patosu, toruje drog\u0119 do istoty rzeczy, oddzia\u0142uj\u0105c szerok\u0105 gam\u0105 odcieni liryzmu.<\/p>\n<p style=\"text-align: right;\"><em>Z Przedmowy Ryszarda Horodeckiego<\/em><\/p>\n","protected":false},"featured_media":45426,"template":"","meta":{"_acf_changed":false},"journal":[],"rodzaj":[7074],"seria":[],"product_brand":[],"product_cat":[7091],"product_tag":[7449],"class_list":{"0":"post-45910","1":"product","2":"type-product","3":"status-publish","4":"has-post-thumbnail","6":"rodzaj-ksiazki","7":"product_cat-poezja","8":"product_tag-piotr-bojarskipiotr-bojarski","10":"first","11":"instock","12":"taxable","13":"shipping-taxable","14":"purchasable","15":"product-type-simple"},"acf":[],"_links":{"self":[{"href":"https:\/\/wydawnictwo.ug.edu.pl\/en\/wp-json\/wp\/v2\/product\/45910","targetHints":{"allow":["GET"]}}],"collection":[{"href":"https:\/\/wydawnictwo.ug.edu.pl\/en\/wp-json\/wp\/v2\/product"}],"about":[{"href":"https:\/\/wydawnictwo.ug.edu.pl\/en\/wp-json\/wp\/v2\/types\/product"}],"wp:featuredmedia":[{"embeddable":true,"href":"https:\/\/wydawnictwo.ug.edu.pl\/en\/wp-json\/wp\/v2\/media\/45426"}],"wp:attachment":[{"href":"https:\/\/wydawnictwo.ug.edu.pl\/en\/wp-json\/wp\/v2\/media?parent=45910"}],"wp:term":[{"taxonomy":"journal","embeddable":true,"href":"https:\/\/wydawnictwo.ug.edu.pl\/en\/wp-json\/wp\/v2\/journal?post=45910"},{"taxonomy":"rodzaj","embeddable":true,"href":"https:\/\/wydawnictwo.ug.edu.pl\/en\/wp-json\/wp\/v2\/rodzaj?post=45910"},{"taxonomy":"seria","embeddable":true,"href":"https:\/\/wydawnictwo.ug.edu.pl\/en\/wp-json\/wp\/v2\/seria?post=45910"},{"taxonomy":"product_brand","embeddable":true,"href":"https:\/\/wydawnictwo.ug.edu.pl\/en\/wp-json\/wp\/v2\/product_brand?post=45910"},{"taxonomy":"product_cat","embeddable":true,"href":"https:\/\/wydawnictwo.ug.edu.pl\/en\/wp-json\/wp\/v2\/product_cat?post=45910"},{"taxonomy":"product_tag","embeddable":true,"href":"https:\/\/wydawnictwo.ug.edu.pl\/en\/wp-json\/wp\/v2\/product_tag?post=45910"}],"curies":[{"name":"wp","href":"https:\/\/api.w.org\/{rel}","templated":true}]}}