{"id":45909,"date":"2025-06-15T11:58:01","date_gmt":"2025-06-15T11:58:01","guid":{"rendered":"https:\/\/wydawnictwo.ug.edu.pl\/ksiegarnia-online\/uncategorized\/perswazja-jezykowa-w-roznych-dyskursach-tom-8\/"},"modified":"2026-02-10T15:47:44","modified_gmt":"2026-02-10T15:47:44","slug":"perswazja-jezykowa-w-roznych-dyskursach-tom-8","status":"publish","type":"product","link":"https:\/\/wydawnictwo.ug.edu.pl\/en\/ksiegarnia-online\/jezykoznawstwo\/perswazja-jezykowa-w-roznych-dyskursach-tom-8\/","title":{"rendered":"Perswazja j\u0119zykowa w r\u00f3\u017cnych dyskursach. Tom 8"},"content":{"rendered":"","protected":false},"excerpt":{"rendered":"<p>Teksty zebrane w \u00f3smym tomie cyklu <em>Perswazja j\u0119zykowa w r\u00f3\u017cnych dyskursach<\/em> stanowi\u0105 dorobek IV Mi\u0119dzynarodowej Konferencji Naukowej \u201eMowa. Cz\u0142owiek. \u015awiat. Perswazja j\u0119zykowa w r\u00f3\u017cnych dyskursach\u201d.<\/p>\n<p>W dobie kryzys\u00f3w politycznych, wstrz\u0105s\u00f3w spo\u0142ecznych oraz kardynalnych zmian w codziennym funkcjonowaniu spo\u0142ecze\u0144stwa \u2013 w tym tak\u017ce w kontek\u015bcie obecnej sytuacji geopolitycznej \u2013 badanie mechanizm\u00f3w perswazji j\u0119zykowej w narracji publicznej zyskuje na znaczeniu. Za po\u015brednictwem wsp\u00f3\u0142czesnych medi\u00f3w, instytucji propagandy ideologicznej, narz\u0119dzi cyfrowych, algorytm\u00f3w sztucznej inteligencji, a tak\u017ce nowoczesnych \u015brodk\u00f3w marketingowych i dydaktycznych, kszta\u0142towane s\u0105 postawy mentalne szerokiego kr\u0119gu odbiorc\u00f3w poprzez zastosowanie wypowiedzi sugestywnych.<\/p>\n<p>Ka\u017cda forma oddzia\u0142ywania j\u0119zykowego jest zjawiskiem wielowymiarowym, prowokuj\u0105cym pytania o specyfik\u0119 mechanizm\u00f3w wywierania wp\u0142ywu, tajniki atrakcyjno\u015bci komunikatu, istot\u0119 wypowiedzi przekonuj\u0105cej, lingwistyczne podstawy autosugestii oraz zasady kreowania po\u017c\u0105danego obrazu \u015bwiata w\u015br\u00f3d cz\u0142onk\u00f3w okre\u015blonej spo\u0142eczno\u015bci \u2013 zgodnie z dominuj\u0105c\u0105 doktryn\u0105 ideologiczn\u0105.<\/p>\n","protected":false},"featured_media":45424,"template":"","meta":{"_acf_changed":false},"journal":[],"rodzaj":[7074,7075],"seria":[],"product_brand":[],"product_cat":[6924],"product_tag":[7470,7472],"class_list":{"0":"post-45909","1":"product","2":"type-product","3":"status-publish","4":"has-post-thumbnail","6":"rodzaj-ksiazki","7":"rodzaj-e-book","8":"product_cat-jezykoznawstwo","9":"product_tag-aleksandra-klimkiewicz","10":"product_tag-zanna-sladkiewicz","12":"first","13":"instock","14":"taxable","15":"shipping-taxable","16":"purchasable","17":"product-type-external"},"acf":[],"_links":{"self":[{"href":"https:\/\/wydawnictwo.ug.edu.pl\/en\/wp-json\/wp\/v2\/product\/45909","targetHints":{"allow":["GET"]}}],"collection":[{"href":"https:\/\/wydawnictwo.ug.edu.pl\/en\/wp-json\/wp\/v2\/product"}],"about":[{"href":"https:\/\/wydawnictwo.ug.edu.pl\/en\/wp-json\/wp\/v2\/types\/product"}],"wp:featuredmedia":[{"embeddable":true,"href":"https:\/\/wydawnictwo.ug.edu.pl\/en\/wp-json\/wp\/v2\/media\/45424"}],"wp:attachment":[{"href":"https:\/\/wydawnictwo.ug.edu.pl\/en\/wp-json\/wp\/v2\/media?parent=45909"}],"wp:term":[{"taxonomy":"journal","embeddable":true,"href":"https:\/\/wydawnictwo.ug.edu.pl\/en\/wp-json\/wp\/v2\/journal?post=45909"},{"taxonomy":"rodzaj","embeddable":true,"href":"https:\/\/wydawnictwo.ug.edu.pl\/en\/wp-json\/wp\/v2\/rodzaj?post=45909"},{"taxonomy":"seria","embeddable":true,"href":"https:\/\/wydawnictwo.ug.edu.pl\/en\/wp-json\/wp\/v2\/seria?post=45909"},{"taxonomy":"product_brand","embeddable":true,"href":"https:\/\/wydawnictwo.ug.edu.pl\/en\/wp-json\/wp\/v2\/product_brand?post=45909"},{"taxonomy":"product_cat","embeddable":true,"href":"https:\/\/wydawnictwo.ug.edu.pl\/en\/wp-json\/wp\/v2\/product_cat?post=45909"},{"taxonomy":"product_tag","embeddable":true,"href":"https:\/\/wydawnictwo.ug.edu.pl\/en\/wp-json\/wp\/v2\/product_tag?post=45909"}],"curies":[{"name":"wp","href":"https:\/\/api.w.org\/{rel}","templated":true}]}}