{"id":45907,"date":"2025-06-17T11:44:45","date_gmt":"2025-06-17T11:44:45","guid":{"rendered":"https:\/\/wydawnictwo.ug.edu.pl\/ksiegarnia-online\/uncategorized\/nowa-nadzieja-w-plonacym-swiecie\/"},"modified":"2026-02-10T15:34:06","modified_gmt":"2026-02-10T15:34:06","slug":"nowa-nadzieja-w-plonacym-swiecie","status":"publish","type":"product","link":"https:\/\/wydawnictwo.ug.edu.pl\/en\/ksiegarnia-online\/historia\/nowa-nadzieja-w-plonacym-swiecie\/","title":{"rendered":"Nowa nadzieja \u201ew p\u0142on\u0105cym \u015bwiecie\u201d"},"content":{"rendered":"","protected":false},"excerpt":{"rendered":"<p><em>Nowa nadzieja \u201ew p\u0142on\u0105cym \u015bwiecie\u201d. Wizja perspektyw spo\u0142ecze\u0144stwa zachodniorzymskiego w \u015bwietle p\u00f3\u017anoantycznej \u0142aci\u0144skiej literatury patrystycznej<\/em><\/p>\n<p>Celem niniejszej publikacji jest przedstawienie wizji przysz\u0142o\u015bci spo\u0142ecze\u0144stwa, formu\u0142owanych przez \u0142aci\u0144skich autor\u00f3w patrystycznych dzia\u0142aj\u0105cych w zachodniej cz\u0119\u015bci Cesarstwa Rzymskiego. Perspektywy te, kszta\u0142towane przez chrze\u015bcija\u0144skich pisarzy zachodniorzymskich, odnosi\u0142y si\u0119 zar\u00f3wno do ca\u0142ego spo\u0142ecze\u0144stwa, jak i do jednostki \u2013 niezale\u017cnie od miejsca jej zamieszkania \u2013 co wynika\u0142o bezpo\u015brednio z uniwersalnego charakteru wiary chrze\u015bcija\u0144skiej oraz zasad g\u0142oszonych przez Ewangeli\u0119. W pracy om\u00f3wione zosta\u0142y dwa zasadnicze etapy: proces nawr\u00f3cenia na chrze\u015bcija\u0144stwo oraz model \u017cycia idealnego chrze\u015bcijanina. Oba te elementy mia\u0142y prowadzi\u0107 cz\u0142owieka do jedynej, obiecanej i oczekiwanej perspektywy chrze\u015bcija\u0144skiej \u2013 Kr\u00f3lestwa Niebieskiego.<\/p>\n","protected":false},"featured_media":45421,"template":"","meta":{"_acf_changed":false},"journal":[],"rodzaj":[2602],"seria":[],"product_brand":[],"product_cat":[229],"product_tag":[1024],"class_list":{"0":"post-45907","1":"product","2":"type-product","3":"status-publish","4":"has-post-thumbnail","6":"rodzaj-ksiazki","7":"product_cat-historia","8":"product_tag-maciej-wojcieszak","10":"first","11":"instock","12":"taxable","13":"shipping-taxable","14":"purchasable","15":"product-type-simple"},"acf":[],"_links":{"self":[{"href":"https:\/\/wydawnictwo.ug.edu.pl\/en\/wp-json\/wp\/v2\/product\/45907","targetHints":{"allow":["GET"]}}],"collection":[{"href":"https:\/\/wydawnictwo.ug.edu.pl\/en\/wp-json\/wp\/v2\/product"}],"about":[{"href":"https:\/\/wydawnictwo.ug.edu.pl\/en\/wp-json\/wp\/v2\/types\/product"}],"wp:featuredmedia":[{"embeddable":true,"href":"https:\/\/wydawnictwo.ug.edu.pl\/en\/wp-json\/wp\/v2\/media\/45421"}],"wp:attachment":[{"href":"https:\/\/wydawnictwo.ug.edu.pl\/en\/wp-json\/wp\/v2\/media?parent=45907"}],"wp:term":[{"taxonomy":"journal","embeddable":true,"href":"https:\/\/wydawnictwo.ug.edu.pl\/en\/wp-json\/wp\/v2\/journal?post=45907"},{"taxonomy":"rodzaj","embeddable":true,"href":"https:\/\/wydawnictwo.ug.edu.pl\/en\/wp-json\/wp\/v2\/rodzaj?post=45907"},{"taxonomy":"seria","embeddable":true,"href":"https:\/\/wydawnictwo.ug.edu.pl\/en\/wp-json\/wp\/v2\/seria?post=45907"},{"taxonomy":"product_brand","embeddable":true,"href":"https:\/\/wydawnictwo.ug.edu.pl\/en\/wp-json\/wp\/v2\/product_brand?post=45907"},{"taxonomy":"product_cat","embeddable":true,"href":"https:\/\/wydawnictwo.ug.edu.pl\/en\/wp-json\/wp\/v2\/product_cat?post=45907"},{"taxonomy":"product_tag","embeddable":true,"href":"https:\/\/wydawnictwo.ug.edu.pl\/en\/wp-json\/wp\/v2\/product_tag?post=45907"}],"curies":[{"name":"wp","href":"https:\/\/api.w.org\/{rel}","templated":true}]}}