{"id":45906,"date":"2025-06-23T06:48:46","date_gmt":"2025-06-23T06:48:46","guid":{"rendered":"https:\/\/wydawnictwo.ug.edu.pl\/ksiegarnia-online\/uncategorized\/w-gdansku-xvi-xvii-wieku-szkice\/"},"modified":"2026-02-10T15:44:08","modified_gmt":"2026-02-10T15:44:08","slug":"w-gdansku-xvi-xvii-wieku-szkice","status":"publish","type":"product","link":"https:\/\/wydawnictwo.ug.edu.pl\/en\/ksiegarnia-online\/historia\/w-gdansku-xvi-xvii-wieku-szkice\/","title":{"rendered":"W Gda\u0144sku XVI\u2013XVII wieku. Szkice"},"content":{"rendered":"","protected":false},"excerpt":{"rendered":"<p>W 2025 r. \u015bwi\u0119tujemy 55-lecie istnienia Uniwersytetu Gda\u0144skiego, kt\u00f3ry zosta\u0142 powo\u0142any 20 marca 1970 r. Ta nie do ko\u0144ca okr\u0105g\u0142a rocznica sk\u0142oni\u0142a nas jednak do poj\u0119cia inicjatyw maj\u0105cych na celu pokazanie aktywno\u015bci i osi\u0105gni\u0119\u0107 naszej Uczelni zar\u00f3wno w aspekcie historycznym, od momentu jej powstania, jak i wsp\u00f3\u0142cze\u015bnie. W\u015br\u00f3d jubileuszowych przedsi\u0119wzi\u0119\u0107 s\u0105 tak\u017ce te o charakterze wydawniczym. (\u2026)<\/p>\n<p>Do r\u0105k czytelnik\u00f3w, wychowank\u00f3w i przyjaci\u00f3\u0142 Uniwersytetu Gda\u0144skiego przekazujemy seri\u0119 trzech ksi\u0105\u017cek, kt\u00f3rych wsp\u00f3lnym mianownikiem jest r\u00f3\u017cnie pojmowane dziedzictwo naszej Uczelni. Uczelni\u0119 tworz\u0105 ludzie. Dlatego pierwsza z publikacji to zbi\u00f3r tekst\u00f3w autorstwa prof. Edmunda Kotarskiego, znakomitego historyka literatury i edytora, zapami\u0119tanego przez pokolenia student\u00f3w jako wspania\u0142y wyk\u0142adowca literatury staropolskiej i retoryki, <em>vir bonus<\/em>. Co wa\u017cne, prof. Edmund Kotarski pracowa\u0142 na Uniwersytecie Gda\u0144skim od momentu jego powstania, wi\u0119c ksi\u0105\u017cka przez Niego przygotowana ma dla nas szczeg\u00f3lne znaczenie. Jest fascynuj\u0105c\u0105 opowie\u015bci\u0105 o Gda\u0144sku okresu XVI\u2013XVIII wieku, napisan\u0105 pi\u0119knym j\u0119zykiem Uczonego, kt\u00f3ry znaczn\u0105 cz\u0119\u015b\u0107 swojego naukowego \u017cycia i pracy dydaktycznej po\u015bwi\u0119ci\u0142 kszta\u0142towaniu pi\u0119knej mowy.<\/p>\n<p style=\"text-align: right;\"><em>Prof. dr hab. Piotr Stepnowski<\/em><\/p>\n<p style=\"text-align: right;\"><em>Rektor Uniwersytetu Gda\u0144skiego<\/em><\/p>\n","protected":false},"featured_media":45367,"template":"","meta":{"_acf_changed":false},"journal":[],"rodzaj":[7074],"seria":[],"product_brand":[],"product_cat":[6958],"product_tag":[7447],"class_list":{"0":"post-45906","1":"product","2":"type-product","3":"status-publish","4":"has-post-thumbnail","6":"rodzaj-ksiazki","7":"product_cat-historia","8":"product_tag-edmund-kotarskiedmund-kotarski","10":"first","11":"instock","12":"taxable","13":"shipping-taxable","14":"purchasable","15":"product-type-simple"},"acf":[],"_links":{"self":[{"href":"https:\/\/wydawnictwo.ug.edu.pl\/en\/wp-json\/wp\/v2\/product\/45906","targetHints":{"allow":["GET"]}}],"collection":[{"href":"https:\/\/wydawnictwo.ug.edu.pl\/en\/wp-json\/wp\/v2\/product"}],"about":[{"href":"https:\/\/wydawnictwo.ug.edu.pl\/en\/wp-json\/wp\/v2\/types\/product"}],"wp:featuredmedia":[{"embeddable":true,"href":"https:\/\/wydawnictwo.ug.edu.pl\/en\/wp-json\/wp\/v2\/media\/45367"}],"wp:attachment":[{"href":"https:\/\/wydawnictwo.ug.edu.pl\/en\/wp-json\/wp\/v2\/media?parent=45906"}],"wp:term":[{"taxonomy":"journal","embeddable":true,"href":"https:\/\/wydawnictwo.ug.edu.pl\/en\/wp-json\/wp\/v2\/journal?post=45906"},{"taxonomy":"rodzaj","embeddable":true,"href":"https:\/\/wydawnictwo.ug.edu.pl\/en\/wp-json\/wp\/v2\/rodzaj?post=45906"},{"taxonomy":"seria","embeddable":true,"href":"https:\/\/wydawnictwo.ug.edu.pl\/en\/wp-json\/wp\/v2\/seria?post=45906"},{"taxonomy":"product_brand","embeddable":true,"href":"https:\/\/wydawnictwo.ug.edu.pl\/en\/wp-json\/wp\/v2\/product_brand?post=45906"},{"taxonomy":"product_cat","embeddable":true,"href":"https:\/\/wydawnictwo.ug.edu.pl\/en\/wp-json\/wp\/v2\/product_cat?post=45906"},{"taxonomy":"product_tag","embeddable":true,"href":"https:\/\/wydawnictwo.ug.edu.pl\/en\/wp-json\/wp\/v2\/product_tag?post=45906"}],"curies":[{"name":"wp","href":"https:\/\/api.w.org\/{rel}","templated":true}]}}