{"id":45905,"date":"2025-06-24T11:58:14","date_gmt":"2025-06-24T11:58:14","guid":{"rendered":"https:\/\/wydawnictwo.ug.edu.pl\/ksiegarnia-online\/uncategorized\/uwarunkowania-zroznicowan-gospodarczych-w-panstwach-unii-europejskiej\/"},"modified":"2025-06-24T11:58:14","modified_gmt":"2025-06-24T11:58:14","slug":"uwarunkowania-zroznicowan-gospodarczych-w-panstwach-unii-europejskiej","status":"publish","type":"product","link":"https:\/\/wydawnictwo.ug.edu.pl\/en\/ksiegarnia-online\/ekonomia\/uwarunkowania-zroznicowan-gospodarczych-w-panstwach-unii-europejskiej\/","title":{"rendered":"Uwarunkowania zr\u00f3\u017cnicowa\u0144 gospodarczych w pa\u0144stwach Unii Europejskiej"},"content":{"rendered":"","protected":false},"excerpt":{"rendered":"<p>W ksi\u0105\u017cce przeanalizowano problem zr\u00f3\u017cnicowa\u0144 gospodarczych, z uwzgl\u0119dnieniem pa\u0144stw Unii Europejskiej, celem identyfikacji i opisu przyczyn tego zjawiska. Punktem odniesienia badania zr\u00f3\u017cnicowa\u0144 gospodarczych w rozpatrywanych pa\u0144stwach by\u0142 <em>PKB per capita<\/em>. Przegl\u0105d teorii wzrostu i rozwoju gospodarczego pozwoli\u0142 na wyb\u00f3r wska\u017anik\u00f3w ekonomicznych do badania empirycznego (statystycznego) problemu zr\u00f3\u017cnicowa\u0144 gospodarczych (jak: wska\u017anik zatrudnienia og\u00f3\u0142em, eksport towar\u00f3w i us\u0142ug, wzrost gospodarczy, wydajno\u015b\u0107 pracy i jednostkowe koszty pracy, zg\u0142oszone patenty, osoby z wy\u017cszym wykszta\u0142ceniem zwi\u0105zane z nauk\u0105, wydatki na badania i rozw\u00f3j, inwestycje). Poza badaniem ilo\u015bciowym pos\u0142u\u017cono si\u0119 badaniem jako\u015bciowym pozwalaj\u0105cym na szersz\u0105 identyfikacj\u0119 czynnik\u00f3w mog\u0105cych decydowa\u0107 o \u017ar\u00f3d\u0142ach zr\u00f3\u017cnicowa\u0144 gospodarczych mi\u0119dzy pa\u0144stwami. W tym kontek\u015bcie wzi\u0119to pod uwag\u0119 uwarunkowania historyczne (istotne etapy historii gospodarczej), kulturowe oraz religijne, a tak\u017ce wzorce prawne. Powi\u0105zanie wska\u017anik\u00f3w ekonomicznych \u2013 ilo\u015bciowych kszta\u0142tuj\u0105cych poziom zamo\u017cno\u015bci spo\u0142ecze\u0144stwa (<em>PKB per capita<\/em>) z czynnikami niemierzalnymi empirycznie (uwarunkowania historyczne, wzorce prawne i kulturowe) \u2013 mia\u0142o s\u0142u\u017cy\u0107 obiektywnemu wyja\u015bnieniu badanego zjawiska. Praca, dzi\u0119ki multidyscyplinarnemu\/holistycznemu podej\u015bciu do kwestii zr\u00f3\u017cnicowa\u0144 gospodarczych, mo\u017ce stanowi\u0107 wk\u0142ad do dyscypliny ekonomia i finanse.<\/p>\n","protected":false},"featured_media":45363,"template":"","meta":{"_acf_changed":false},"journal":[],"rodzaj":[2602],"seria":[],"product_brand":[],"product_cat":[266],"product_tag":[6795],"class_list":{"0":"post-45905","1":"product","2":"type-product","3":"status-publish","4":"has-post-thumbnail","6":"rodzaj-ksiazki","7":"product_cat-ekonomia","8":"product_tag-andrzej-paczoski","10":"first","11":"instock","12":"taxable","13":"shipping-taxable","14":"purchasable","15":"product-type-simple"},"acf":[],"_links":{"self":[{"href":"https:\/\/wydawnictwo.ug.edu.pl\/en\/wp-json\/wp\/v2\/product\/45905","targetHints":{"allow":["GET"]}}],"collection":[{"href":"https:\/\/wydawnictwo.ug.edu.pl\/en\/wp-json\/wp\/v2\/product"}],"about":[{"href":"https:\/\/wydawnictwo.ug.edu.pl\/en\/wp-json\/wp\/v2\/types\/product"}],"wp:featuredmedia":[{"embeddable":true,"href":"https:\/\/wydawnictwo.ug.edu.pl\/en\/wp-json\/wp\/v2\/media\/45363"}],"wp:attachment":[{"href":"https:\/\/wydawnictwo.ug.edu.pl\/en\/wp-json\/wp\/v2\/media?parent=45905"}],"wp:term":[{"taxonomy":"journal","embeddable":true,"href":"https:\/\/wydawnictwo.ug.edu.pl\/en\/wp-json\/wp\/v2\/journal?post=45905"},{"taxonomy":"rodzaj","embeddable":true,"href":"https:\/\/wydawnictwo.ug.edu.pl\/en\/wp-json\/wp\/v2\/rodzaj?post=45905"},{"taxonomy":"seria","embeddable":true,"href":"https:\/\/wydawnictwo.ug.edu.pl\/en\/wp-json\/wp\/v2\/seria?post=45905"},{"taxonomy":"product_brand","embeddable":true,"href":"https:\/\/wydawnictwo.ug.edu.pl\/en\/wp-json\/wp\/v2\/product_brand?post=45905"},{"taxonomy":"product_cat","embeddable":true,"href":"https:\/\/wydawnictwo.ug.edu.pl\/en\/wp-json\/wp\/v2\/product_cat?post=45905"},{"taxonomy":"product_tag","embeddable":true,"href":"https:\/\/wydawnictwo.ug.edu.pl\/en\/wp-json\/wp\/v2\/product_tag?post=45905"}],"curies":[{"name":"wp","href":"https:\/\/api.w.org\/{rel}","templated":true}]}}