{"id":45903,"date":"2025-06-24T13:24:23","date_gmt":"2025-06-24T13:24:23","guid":{"rendered":"https:\/\/wydawnictwo.ug.edu.pl\/ksiegarnia-online\/uncategorized\/rozmaitosci-semiotyczne\/"},"modified":"2026-02-10T15:44:13","modified_gmt":"2026-02-10T15:44:13","slug":"rozmaitosci-semiotyczne","status":"publish","type":"product","link":"https:\/\/wydawnictwo.ug.edu.pl\/en\/ksiegarnia-online\/literaturoznawstwo\/rozmaitosci-semiotyczne\/","title":{"rendered":"Rozmaito\u015bci semiotyczne"},"content":{"rendered":"","protected":false},"excerpt":{"rendered":"<p>Ksi\u0105\u017cka <em>Rozmaito\u015bci semiotyczne <\/em>Profesora Bogus\u0142awa \u017by\u0142ki wpisuje si\u0119 w historie semiotyki \u015bwiatowej i sytuuje go w roli ambasadora i popularyzatora osi\u0105gnie\u0107 szko\u0142y tartusko-moskiewskiej. Inicjatywa wydania kolejnego tomu t\u0142umacze\u0144 wzbogaca dorobek semiotyczny nie tylko poprzez przybli\u017cenie go polskoj\u0119zycznemu odbiorcy, ale i jego uwsp\u00f3\u0142cze\u015bnienie. T\u0142umaczenia te buduj\u0105 pomost ponad j\u0119zykami tak samo mocny jak ponad czasami i pokoleniami naukowc\u00f3w. Pomagaj\u0105 bowiem dzisiejszemu badaczowi, operuj\u0105cemu w obszarze szeroko poj\u0119tej semiotyki kultury, zharmonizowa\u0107 ustalenia grupy Tartu-Moskwa z aktualnym stanem terminologii, uj\u0119\u0107 badawczych, wiedzy (w tym kulturoznawczej, filmoznawczej itp.), gdy\u017c wychodz\u0105 spod pi\u00f3ra t\u0142umacza zajmuj\u0105cego si\u0119 histori\u0105 idei, wyczulonego na adekwatno\u015b\u0107 przek\u0142adu oraz potrzeb\u0119 mi\u0119dzypokoleniowych i mi\u0119dzykulturowych uzgodnie\u0144.<\/p>\n<p>Publikacja antologii przys\u0142u\u017cy si\u0119 poszerzeniu perspektywy bada\u0144 semiotycznych, semiotyki kultury, mitu, symbolu, semiozy, pragmatycznego aspektu znaku w uj\u0119ciu komunikacyjnym itd. Tom przyda si\u0119 badaczom w toku szczeg\u00f3\u0142owych analiz kulturoznawczych, literaturoznawczych, etnologicznych, antropologicznych czy r\u00f3\u017cnych sztuk. Przyczyni si\u0119 tez do rozwoju teorii i metodologii wsp\u00f3\u0142czesnej humanistyki i nauk spo\u0142ecznych.<\/p>\n<p style=\"text-align: right;\"><em>Z recenzji dr hab. Katarzyny Smyk, prof. UMCS<\/em><\/p>\n<p>Seria: Literatura i Okolice<\/p>\n","protected":false},"featured_media":45357,"template":"","meta":{"_acf_changed":false},"journal":[],"rodzaj":[7074],"seria":[],"product_brand":[],"product_cat":[6925],"product_tag":[7443],"class_list":{"0":"post-45903","1":"product","2":"type-product","3":"status-publish","4":"has-post-thumbnail","6":"rodzaj-ksiazki","7":"product_cat-literaturoznawstwo","8":"product_tag-boguslaw-zylko","10":"first","11":"instock","12":"taxable","13":"shipping-taxable","14":"purchasable","15":"product-type-simple"},"acf":[],"_links":{"self":[{"href":"https:\/\/wydawnictwo.ug.edu.pl\/en\/wp-json\/wp\/v2\/product\/45903","targetHints":{"allow":["GET"]}}],"collection":[{"href":"https:\/\/wydawnictwo.ug.edu.pl\/en\/wp-json\/wp\/v2\/product"}],"about":[{"href":"https:\/\/wydawnictwo.ug.edu.pl\/en\/wp-json\/wp\/v2\/types\/product"}],"wp:featuredmedia":[{"embeddable":true,"href":"https:\/\/wydawnictwo.ug.edu.pl\/en\/wp-json\/wp\/v2\/media\/45357"}],"wp:attachment":[{"href":"https:\/\/wydawnictwo.ug.edu.pl\/en\/wp-json\/wp\/v2\/media?parent=45903"}],"wp:term":[{"taxonomy":"journal","embeddable":true,"href":"https:\/\/wydawnictwo.ug.edu.pl\/en\/wp-json\/wp\/v2\/journal?post=45903"},{"taxonomy":"rodzaj","embeddable":true,"href":"https:\/\/wydawnictwo.ug.edu.pl\/en\/wp-json\/wp\/v2\/rodzaj?post=45903"},{"taxonomy":"seria","embeddable":true,"href":"https:\/\/wydawnictwo.ug.edu.pl\/en\/wp-json\/wp\/v2\/seria?post=45903"},{"taxonomy":"product_brand","embeddable":true,"href":"https:\/\/wydawnictwo.ug.edu.pl\/en\/wp-json\/wp\/v2\/product_brand?post=45903"},{"taxonomy":"product_cat","embeddable":true,"href":"https:\/\/wydawnictwo.ug.edu.pl\/en\/wp-json\/wp\/v2\/product_cat?post=45903"},{"taxonomy":"product_tag","embeddable":true,"href":"https:\/\/wydawnictwo.ug.edu.pl\/en\/wp-json\/wp\/v2\/product_tag?post=45903"}],"curies":[{"name":"wp","href":"https:\/\/api.w.org\/{rel}","templated":true}]}}