{"id":45901,"date":"2025-07-14T10:06:00","date_gmt":"2025-07-14T10:06:00","guid":{"rendered":"https:\/\/wydawnictwo.ug.edu.pl\/ksiegarnia-online\/uncategorized\/temida-z-charakterem\/"},"modified":"2026-02-10T15:44:24","modified_gmt":"2026-02-10T15:44:24","slug":"temida-z-charakterem","status":"publish","type":"product","link":"https:\/\/wydawnictwo.ug.edu.pl\/en\/ksiegarnia-online\/prawo-i-administracja\/temida-z-charakterem\/","title":{"rendered":"Temida z charakterem. Filozoficznoprawny przewodnik po cnotach s\u0119dziowskich"},"content":{"rendered":"","protected":false},"excerpt":{"rendered":"<p>Monografia\u00a0<em>Temida z charakterem. Filozoficznoprawny przewodnik po cnotach s\u0119dziowskich\u00a0<\/em>stanowi wa\u017cny g\u0142os polskiego \u015brodowiska naukowego zwi\u0105zanego z teori\u0105 prawa na temat roli s\u0119dzi\u00f3w. Celem Tomasza Wid\u0142aka jest zaprezentowanie wizji s\u0119dzi\u00f3w z perspektywy aretycznej. Takie uj\u0119cie niew\u0105tpliwie wzbogaca dyskusj\u0119 i mo\u017ce stanowi\u0107 jedn\u0105 z odpowiedzi prawoznawstwa na bol\u0105czki polskiego wymiaru sprawiedliwo\u015bci. Ksi\u0105\u017cka, \u0142\u0105cz\u0105c p\u0142aszczyzn\u0119 etyczn\u0105, prawn\u0105 i socjologiczn\u0105, realizuje postulat zewn\u0119trznej integracji prawoznawstwa. Taki spos\u00f3b prezentacji powoduje, \u017ce ma szans\u0119 zainteresowa\u0107 nie tylko teoretyk\u00f3w prawa, ale r\u00f3wnie\u017c etyk\u00f3w i socjolog\u00f3w. Dodatkowym walorem opracowania s\u0105 troska o stan prawa oraz widoczne zaanga\u017cowanie Autora w dyskusj\u0119 nad kondycj\u0105 wymiaru sprawiedliwo\u015bci, kt\u00f3rego kluczowymi reprezentantami s\u0105 s\u0119dziowie. \u017byczy\u0142bym sobie, \u017ceby ksi\u0105\u017cka Tomasza Wid\u0142aka by\u0142a czytana nie tylko przez prawnik\u00f3w akademik\u00f3w, ale r\u00f3wnie\u017c prawnik\u00f3w praktyk\u00f3w, zw\u0142aszcza s\u0119dzi\u00f3w.<\/p>\n<p style=\"text-align: right;\"><em>Z recenzji prof. dr hab. Przemys\u0142awa Kaczmarka<\/em><\/p>\n","protected":false},"featured_media":45349,"template":"","meta":{"_acf_changed":false},"journal":[],"rodzaj":[7074],"seria":[],"product_brand":[],"product_cat":[6932],"product_tag":[7441],"class_list":{"0":"post-45901","1":"product","2":"type-product","3":"status-publish","4":"has-post-thumbnail","6":"rodzaj-ksiazki","7":"product_cat-prawo-i-administracja","8":"product_tag-tomasz-widlaktomasz-widlak","10":"first","11":"instock","12":"taxable","13":"shipping-taxable","14":"purchasable","15":"product-type-simple"},"acf":[],"_links":{"self":[{"href":"https:\/\/wydawnictwo.ug.edu.pl\/en\/wp-json\/wp\/v2\/product\/45901","targetHints":{"allow":["GET"]}}],"collection":[{"href":"https:\/\/wydawnictwo.ug.edu.pl\/en\/wp-json\/wp\/v2\/product"}],"about":[{"href":"https:\/\/wydawnictwo.ug.edu.pl\/en\/wp-json\/wp\/v2\/types\/product"}],"wp:featuredmedia":[{"embeddable":true,"href":"https:\/\/wydawnictwo.ug.edu.pl\/en\/wp-json\/wp\/v2\/media\/45349"}],"wp:attachment":[{"href":"https:\/\/wydawnictwo.ug.edu.pl\/en\/wp-json\/wp\/v2\/media?parent=45901"}],"wp:term":[{"taxonomy":"journal","embeddable":true,"href":"https:\/\/wydawnictwo.ug.edu.pl\/en\/wp-json\/wp\/v2\/journal?post=45901"},{"taxonomy":"rodzaj","embeddable":true,"href":"https:\/\/wydawnictwo.ug.edu.pl\/en\/wp-json\/wp\/v2\/rodzaj?post=45901"},{"taxonomy":"seria","embeddable":true,"href":"https:\/\/wydawnictwo.ug.edu.pl\/en\/wp-json\/wp\/v2\/seria?post=45901"},{"taxonomy":"product_brand","embeddable":true,"href":"https:\/\/wydawnictwo.ug.edu.pl\/en\/wp-json\/wp\/v2\/product_brand?post=45901"},{"taxonomy":"product_cat","embeddable":true,"href":"https:\/\/wydawnictwo.ug.edu.pl\/en\/wp-json\/wp\/v2\/product_cat?post=45901"},{"taxonomy":"product_tag","embeddable":true,"href":"https:\/\/wydawnictwo.ug.edu.pl\/en\/wp-json\/wp\/v2\/product_tag?post=45901"}],"curies":[{"name":"wp","href":"https:\/\/api.w.org\/{rel}","templated":true}]}}