{"id":45900,"date":"2025-07-14T11:05:04","date_gmt":"2025-07-14T11:05:04","guid":{"rendered":"https:\/\/wydawnictwo.ug.edu.pl\/ksiegarnia-online\/uncategorized\/rownosc-wolnosc-solidarnosc-mysl-polityczna-komitetu-obrony-robotnikow\/"},"modified":"2026-02-10T15:44:26","modified_gmt":"2026-02-10T15:44:26","slug":"rownosc-wolnosc-solidarnosc-mysl-polityczna-komitetu-obrony-robotnikow","status":"publish","type":"product","link":"https:\/\/wydawnictwo.ug.edu.pl\/en\/ksiegarnia-online\/politologia\/rownosc-wolnosc-solidarnosc-mysl-polityczna-komitetu-obrony-robotnikow\/","title":{"rendered":"R\u00f3wno\u015b\u0107, wolno\u015b\u0107, solidarno\u015b\u0107. My\u015bl polityczna Komitetu Obrony Robotnik\u00f3w"},"content":{"rendered":"","protected":false},"excerpt":{"rendered":"<p>R\u00f3wno\u015b\u0107, wolno\u015b\u0107, solidarno\u015b\u0107 \u2013 warto\u015bci te stanowi\u0142y fundament dzia\u0142alno\u015bci Komitetu Obrony Robotnik\u00f3w, jednej z najwa\u017cniejszych inicjatyw opozycyjnych w Polsce Ludowej. Dominik Bie\u0144 podj\u0105\u0142 pr\u00f3b\u0119 rekonstrukcji my\u015bli politycznej KOR-u w latach 1976-1980, analizuj\u0105c w ksi\u0105\u017cce zar\u00f3wno dokumenty organizacyjne, jak i publicystyk\u0119 oraz teksty i wypowiedzi czo\u0142owych przedstawicieli \u015brodowiska: Jacka Kuronia, Adama Michnika, Jana J\u00f3zefa Lipskiego i Antoniego Macierewicza. Autor przedstawia KOR jako przestrze\u0144 wsp\u00f3\u0142istnienia r\u00f3\u017cnych nurt\u00f3w ideowych \u2013 od demokratycznego socjalizmu, przez liberalizm, po tradycje katolicko-niepodleg\u0142o\u015bciowe \u2013 ukazuj\u0105c ich wsp\u00f3lne oraz rozbie\u017cne komponenty aksjologiczne i strategiczne. Praca lokuje refleksj\u0119 nad KOR-em w szerszym kontek\u015bcie historii idei i nauk o polityce, oferuj\u0105c nowe spojrzenie na kszta\u0142towanie si\u0119 opozycyjnej to\u017csamo\u015bci politycznej w Polsce drugiej po\u0142owy XX wieku.<\/p>\n","protected":false},"featured_media":45346,"template":"","meta":{"_acf_changed":false},"journal":[],"rodzaj":[7074],"seria":[],"product_brand":[],"product_cat":[7047],"product_tag":[7440],"class_list":{"0":"post-45900","1":"product","2":"type-product","3":"status-publish","4":"has-post-thumbnail","6":"rodzaj-ksiazki","7":"product_cat-politologia","8":"product_tag-dominik-bien","10":"first","11":"instock","12":"taxable","13":"shipping-taxable","14":"purchasable","15":"product-type-simple"},"acf":[],"_links":{"self":[{"href":"https:\/\/wydawnictwo.ug.edu.pl\/en\/wp-json\/wp\/v2\/product\/45900","targetHints":{"allow":["GET"]}}],"collection":[{"href":"https:\/\/wydawnictwo.ug.edu.pl\/en\/wp-json\/wp\/v2\/product"}],"about":[{"href":"https:\/\/wydawnictwo.ug.edu.pl\/en\/wp-json\/wp\/v2\/types\/product"}],"wp:featuredmedia":[{"embeddable":true,"href":"https:\/\/wydawnictwo.ug.edu.pl\/en\/wp-json\/wp\/v2\/media\/45346"}],"wp:attachment":[{"href":"https:\/\/wydawnictwo.ug.edu.pl\/en\/wp-json\/wp\/v2\/media?parent=45900"}],"wp:term":[{"taxonomy":"journal","embeddable":true,"href":"https:\/\/wydawnictwo.ug.edu.pl\/en\/wp-json\/wp\/v2\/journal?post=45900"},{"taxonomy":"rodzaj","embeddable":true,"href":"https:\/\/wydawnictwo.ug.edu.pl\/en\/wp-json\/wp\/v2\/rodzaj?post=45900"},{"taxonomy":"seria","embeddable":true,"href":"https:\/\/wydawnictwo.ug.edu.pl\/en\/wp-json\/wp\/v2\/seria?post=45900"},{"taxonomy":"product_brand","embeddable":true,"href":"https:\/\/wydawnictwo.ug.edu.pl\/en\/wp-json\/wp\/v2\/product_brand?post=45900"},{"taxonomy":"product_cat","embeddable":true,"href":"https:\/\/wydawnictwo.ug.edu.pl\/en\/wp-json\/wp\/v2\/product_cat?post=45900"},{"taxonomy":"product_tag","embeddable":true,"href":"https:\/\/wydawnictwo.ug.edu.pl\/en\/wp-json\/wp\/v2\/product_tag?post=45900"}],"curies":[{"name":"wp","href":"https:\/\/api.w.org\/{rel}","templated":true}]}}