{"id":45895,"date":"2025-07-24T09:33:52","date_gmt":"2025-07-24T09:33:52","guid":{"rendered":"https:\/\/wydawnictwo.ug.edu.pl\/ksiegarnia-online\/uncategorized\/polskie-porty-morskie-na-sciezce-realizacji-koncepcji-green-ports\/"},"modified":"2026-02-10T15:44:35","modified_gmt":"2026-02-10T15:44:35","slug":"polskie-porty-morskie-na-sciezce-realizacji-koncepcji-green-ports","status":"publish","type":"product","link":"https:\/\/wydawnictwo.ug.edu.pl\/en\/ksiegarnia-online\/ekonomia\/polskie-porty-morskie-na-sciezce-realizacji-koncepcji-green-ports\/","title":{"rendered":"Polskie porty morskie na \u015bcie\u017cce realizacji koncepcji green ports"},"content":{"rendered":"","protected":false},"excerpt":{"rendered":"<p>Publikacja\u00a0<em>Polskie porty morskie na \u015bcie\u017cce realizacji koncepcji green ports<\/em>\u00a0stanowi pr\u00f3b\u0119 odpowiedzi na jedno z najwa\u017cniejszych wyzwa\u0144 wsp\u00f3\u0142czesnego sektora portowego \u2013 jak \u0142\u0105czy\u0107 rozw\u00f3j ekonomiczny z ochron\u0105 \u015brodowiska. Autorzy koncentruj\u0105 si\u0119 na identyfikacji czynnik\u00f3w wp\u0142ywaj\u0105cych na proces ekologizacji port\u00f3w morskich oraz analizie dobrych praktyk i wdro\u017ce\u0144 koncepcji\u00a0<em>green ports<\/em>\u00a0na \u015bwiecie i w najwi\u0119kszych polskich portach. Podj\u0119ta tematyka jest niezwykle aktualna i wa\u017cna z perspektywy budowania zr\u00f3wnowa\u017conego \u0142a\u0144cucha dostaw i transformacji sektora transportowego w kierunku niskoemisyjnym. Ksi\u0105\u017cka jest adresowana do \u015brodowiska naukowego, praktyk\u00f3w gospodarki morskiej, student\u00f3w kierunk\u00f3w zwi\u0105zanych z transportem i zarz\u0105dzaniem oraz wszystkich zainteresowanych nowoczesnym i odpowiedzialnym zarz\u0105dzaniem portami. Monografia stanowi kontynuacj\u0119 dorobku naukowego wypracowanego przez naszych poprzednik\u00f3w z sopockiego o\u015brodka ekonomiki transportu morskiego Wydzia\u0142u Ekonomicznego Uniwersytetu Gda\u0144skiego. Jest pr\u00f3b\u0105 tw\u00f3rczego rozwini\u0119cia ich idei. W ten spos\u00f3b oddajemy ho\u0142d ich wk\u0142adowi oraz dbamy o zachowanie ci\u0105g\u0142o\u015bci refleksji naukowej na rzecz polskiej gospodarki morskiej.<\/p>\n<p style=\"text-align: right;\">dr hab. Ernest Czerma\u0144ski, prof. UG<br \/>\ndr hab. in\u017c. Aneta Oniszczuk-Jastrz\u0105bek, prof. UG<br \/>\ndr hab. Barbara Paw\u0142owska, prof. UG<\/p>\n","protected":false},"featured_media":45329,"template":"","meta":{"_acf_changed":false},"journal":[],"rodzaj":[7074],"seria":[],"product_brand":[],"product_cat":[6934],"product_tag":[7435,7436],"class_list":{"0":"post-45895","1":"product","2":"type-product","3":"status-publish","4":"has-post-thumbnail","6":"rodzaj-ksiazki","7":"product_cat-ekonomia","8":"product_tag-barbara-pawlowska","9":"product_tag-ernest-czermanskiernest-czermanski","11":"first","12":"instock","13":"taxable","14":"shipping-taxable","15":"purchasable","16":"product-type-simple"},"acf":[],"_links":{"self":[{"href":"https:\/\/wydawnictwo.ug.edu.pl\/en\/wp-json\/wp\/v2\/product\/45895","targetHints":{"allow":["GET"]}}],"collection":[{"href":"https:\/\/wydawnictwo.ug.edu.pl\/en\/wp-json\/wp\/v2\/product"}],"about":[{"href":"https:\/\/wydawnictwo.ug.edu.pl\/en\/wp-json\/wp\/v2\/types\/product"}],"wp:featuredmedia":[{"embeddable":true,"href":"https:\/\/wydawnictwo.ug.edu.pl\/en\/wp-json\/wp\/v2\/media\/45329"}],"wp:attachment":[{"href":"https:\/\/wydawnictwo.ug.edu.pl\/en\/wp-json\/wp\/v2\/media?parent=45895"}],"wp:term":[{"taxonomy":"journal","embeddable":true,"href":"https:\/\/wydawnictwo.ug.edu.pl\/en\/wp-json\/wp\/v2\/journal?post=45895"},{"taxonomy":"rodzaj","embeddable":true,"href":"https:\/\/wydawnictwo.ug.edu.pl\/en\/wp-json\/wp\/v2\/rodzaj?post=45895"},{"taxonomy":"seria","embeddable":true,"href":"https:\/\/wydawnictwo.ug.edu.pl\/en\/wp-json\/wp\/v2\/seria?post=45895"},{"taxonomy":"product_brand","embeddable":true,"href":"https:\/\/wydawnictwo.ug.edu.pl\/en\/wp-json\/wp\/v2\/product_brand?post=45895"},{"taxonomy":"product_cat","embeddable":true,"href":"https:\/\/wydawnictwo.ug.edu.pl\/en\/wp-json\/wp\/v2\/product_cat?post=45895"},{"taxonomy":"product_tag","embeddable":true,"href":"https:\/\/wydawnictwo.ug.edu.pl\/en\/wp-json\/wp\/v2\/product_tag?post=45895"}],"curies":[{"name":"wp","href":"https:\/\/api.w.org\/{rel}","templated":true}]}}