{"id":45894,"date":"2025-07-29T09:19:34","date_gmt":"2025-07-29T09:19:34","guid":{"rendered":"https:\/\/wydawnictwo.ug.edu.pl\/ksiegarnia-online\/uncategorized\/odpowiedzialnosc-dyscyplinarna-urzednikow\/"},"modified":"2026-02-10T15:44:38","modified_gmt":"2026-02-10T15:44:38","slug":"odpowiedzialnosc-dyscyplinarna-urzednikow","status":"publish","type":"product","link":"https:\/\/wydawnictwo.ug.edu.pl\/en\/ksiegarnia-online\/prawo-i-administracja\/odpowiedzialnosc-dyscyplinarna-urzednikow\/","title":{"rendered":"Odpowiedzialno\u015b\u0107 dyscyplinarna urz\u0119dnik\u00f3w"},"content":{"rendered":"","protected":false},"excerpt":{"rendered":"<p>Ksi\u0105\u017cka stanowi zbi\u00f3r tekst\u00f3w b\u0119d\u0105cych pok\u0142osiem konferencji naukowej pt. Odpowiedzialno\u015b\u0107 dyscyplinarna pracownik\u00f3w administracji publicznej, zorganizowanej przez Katedr\u0119 Prawa Administracyjnego Uniwersytetu Gda\u0144skiego w 2024 r. Zawiera opracowania dotycz\u0105ce odpowiedzialno\u015bci dyscyplinarnej urz\u0119dnik\u00f3w, przygotowane zar\u00f3wno przez przedstawicieli nauki (w szczeg\u00f3lno\u015bci prawa administracyjnego, prawa pracy i prawa karnego), jak i przez pracownik\u00f3w szeroko rozumianej administracji publicznej, posiadaj\u0105cych do\u015bwiadczenie praktyczne w tym zakresie. Teksty obejmuj\u0105 zar\u00f3wno zagadnienia og\u00f3lne, jak i odpowiedzialno\u015b\u0107 poszczeg\u00f3lnych grup urz\u0119dnik\u00f3w oraz kwestie szczeg\u00f3\u0142owe ich dotycz\u0105ce. Autorzy podejmuj\u0105 refleksj\u0119 nad aspektami teoretycznymi odpowiedzialno\u015bci dyscyplinarnej, a przede wszystkim nad jej wymiarem praktycznym \u2013 interpretacj\u0105 przepis\u00f3w oraz problemami zwi\u0105zanymi z prowadzeniem post\u0119powa\u0144 dyscyplinarnych \u2013 formu\u0142uj\u0105c przy tym wnioski dotycz\u0105ce potrzebnych zmian w prawie.<\/p>\n","protected":false},"featured_media":45326,"template":"","meta":{"_acf_changed":false},"journal":[],"rodzaj":[2602],"seria":[],"product_brand":[],"product_cat":[232],"product_tag":[2353],"class_list":{"0":"post-45894","1":"product","2":"type-product","3":"status-publish","4":"has-post-thumbnail","6":"rodzaj-ksiazki","7":"product_cat-prawo-i-administracja","8":"product_tag-radoslaw-gietkowski","10":"first","11":"instock","12":"taxable","13":"shipping-taxable","14":"purchasable","15":"product-type-simple"},"acf":[],"_links":{"self":[{"href":"https:\/\/wydawnictwo.ug.edu.pl\/en\/wp-json\/wp\/v2\/product\/45894","targetHints":{"allow":["GET"]}}],"collection":[{"href":"https:\/\/wydawnictwo.ug.edu.pl\/en\/wp-json\/wp\/v2\/product"}],"about":[{"href":"https:\/\/wydawnictwo.ug.edu.pl\/en\/wp-json\/wp\/v2\/types\/product"}],"wp:featuredmedia":[{"embeddable":true,"href":"https:\/\/wydawnictwo.ug.edu.pl\/en\/wp-json\/wp\/v2\/media\/45326"}],"wp:attachment":[{"href":"https:\/\/wydawnictwo.ug.edu.pl\/en\/wp-json\/wp\/v2\/media?parent=45894"}],"wp:term":[{"taxonomy":"journal","embeddable":true,"href":"https:\/\/wydawnictwo.ug.edu.pl\/en\/wp-json\/wp\/v2\/journal?post=45894"},{"taxonomy":"rodzaj","embeddable":true,"href":"https:\/\/wydawnictwo.ug.edu.pl\/en\/wp-json\/wp\/v2\/rodzaj?post=45894"},{"taxonomy":"seria","embeddable":true,"href":"https:\/\/wydawnictwo.ug.edu.pl\/en\/wp-json\/wp\/v2\/seria?post=45894"},{"taxonomy":"product_brand","embeddable":true,"href":"https:\/\/wydawnictwo.ug.edu.pl\/en\/wp-json\/wp\/v2\/product_brand?post=45894"},{"taxonomy":"product_cat","embeddable":true,"href":"https:\/\/wydawnictwo.ug.edu.pl\/en\/wp-json\/wp\/v2\/product_cat?post=45894"},{"taxonomy":"product_tag","embeddable":true,"href":"https:\/\/wydawnictwo.ug.edu.pl\/en\/wp-json\/wp\/v2\/product_tag?post=45894"}],"curies":[{"name":"wp","href":"https:\/\/api.w.org\/{rel}","templated":true}]}}