{"id":45893,"date":"2025-07-29T12:29:31","date_gmt":"2025-07-29T12:29:31","guid":{"rendered":"https:\/\/wydawnictwo.ug.edu.pl\/ksiegarnia-online\/uncategorized\/miedzynarodowy-rynek-walutowy-wybrane-zagadnienia\/"},"modified":"2026-02-10T15:44:44","modified_gmt":"2026-02-10T15:44:44","slug":"miedzynarodowy-rynek-walutowy-wybrane-zagadnienia","status":"publish","type":"product","link":"https:\/\/wydawnictwo.ug.edu.pl\/en\/ksiegarnia-online\/ekonomia\/miedzynarodowy-rynek-walutowy-wybrane-zagadnienia\/","title":{"rendered":"Mi\u0119dzynarodowy rynek walutowy. Wybrane zagadnienia"},"content":{"rendered":"","protected":false},"excerpt":{"rendered":"<p>Dr hab. Iwona Sobol, prof. UG i dr Monika Szmelter pracuj\u0105 w Zak\u0142adzie Mi\u0119dzynarodowych Rynk\u00f3w Finansowych Wydzia\u0142u Ekonomicznego Uniwersytetu Gda\u0144skiego. Ich zainteresowania naukowe obejmuj\u0105 m.in. rynki finansowe, w tym rynek walutowy. Od wielu lat prowadz\u0105 zaj\u0119cia dotycz\u0105ce tematyki poruszanej w niniejszej monografii, z zakresu rynku walutowego i rozlicze\u0144 mi\u0119dzynarodowych.<\/p>\n<p>Monografia, napisana przyst\u0119pnym j\u0119zykiem, dotyczy fascynuj\u0105cego segmentu rynku finansowego, jakim jest rynek walutowy. Autorki t\u0142umacz\u0105 w zrozumia\u0142y spos\u00f3b zawi\u0142o\u015bci rynku walutowego: jego powi\u0105zania (zar\u00f3wno geograficzne, jak i podmiotowe), wsp\u00f3\u0142zale\u017cno\u015bci (z polityk\u0105 pieni\u0119\u017cn\u0105, przep\u0142ywami kapita\u0142u spekulacyjnego, poziomem rozwoju rynku finansowego) oraz aspekty techniczne konstrukcji instrument\u00f3w.<\/p>\n<p style=\"text-align: right;\"><em>Z recenzji wydawniczej dr hab. Joanny Bogo\u0142\u0119bskiej, prof. U\u0141<\/em><\/p>\n","protected":false},"featured_media":45323,"template":"","meta":{"_acf_changed":false},"journal":[],"rodzaj":[7074],"seria":[],"product_brand":[],"product_cat":[6934],"product_tag":[7432,7433],"class_list":{"0":"post-45893","1":"product","2":"type-product","3":"status-publish","4":"has-post-thumbnail","6":"rodzaj-ksiazki","7":"product_cat-ekonomia","8":"product_tag-iwona-sobol","9":"product_tag-monika-szmelter","11":"first","12":"instock","13":"taxable","14":"shipping-taxable","15":"purchasable","16":"product-type-simple"},"acf":[],"_links":{"self":[{"href":"https:\/\/wydawnictwo.ug.edu.pl\/en\/wp-json\/wp\/v2\/product\/45893","targetHints":{"allow":["GET"]}}],"collection":[{"href":"https:\/\/wydawnictwo.ug.edu.pl\/en\/wp-json\/wp\/v2\/product"}],"about":[{"href":"https:\/\/wydawnictwo.ug.edu.pl\/en\/wp-json\/wp\/v2\/types\/product"}],"wp:featuredmedia":[{"embeddable":true,"href":"https:\/\/wydawnictwo.ug.edu.pl\/en\/wp-json\/wp\/v2\/media\/45323"}],"wp:attachment":[{"href":"https:\/\/wydawnictwo.ug.edu.pl\/en\/wp-json\/wp\/v2\/media?parent=45893"}],"wp:term":[{"taxonomy":"journal","embeddable":true,"href":"https:\/\/wydawnictwo.ug.edu.pl\/en\/wp-json\/wp\/v2\/journal?post=45893"},{"taxonomy":"rodzaj","embeddable":true,"href":"https:\/\/wydawnictwo.ug.edu.pl\/en\/wp-json\/wp\/v2\/rodzaj?post=45893"},{"taxonomy":"seria","embeddable":true,"href":"https:\/\/wydawnictwo.ug.edu.pl\/en\/wp-json\/wp\/v2\/seria?post=45893"},{"taxonomy":"product_brand","embeddable":true,"href":"https:\/\/wydawnictwo.ug.edu.pl\/en\/wp-json\/wp\/v2\/product_brand?post=45893"},{"taxonomy":"product_cat","embeddable":true,"href":"https:\/\/wydawnictwo.ug.edu.pl\/en\/wp-json\/wp\/v2\/product_cat?post=45893"},{"taxonomy":"product_tag","embeddable":true,"href":"https:\/\/wydawnictwo.ug.edu.pl\/en\/wp-json\/wp\/v2\/product_tag?post=45893"}],"curies":[{"name":"wp","href":"https:\/\/api.w.org\/{rel}","templated":true}]}}