{"id":45887,"date":"2025-08-26T07:23:36","date_gmt":"2025-08-26T07:23:36","guid":{"rendered":"https:\/\/wydawnictwo.ug.edu.pl\/ksiegarnia-online\/uncategorized\/nadzor-skarbu-panstwa-nad-spolkami-elektroenergetycznymi-notowanymi-na-gieldzie-papierow-wartosciowych-w-warszawie-i-jego-implikacje-dla-akcjonariuszy-mniejszosciowych\/"},"modified":"2026-02-10T15:45:01","modified_gmt":"2026-02-10T15:45:01","slug":"nadzor-skarbu-panstwa-nad-spolkami-elektroenergetycznymi-notowanymi-na-gieldzie-papierow-wartosciowych-w-warszawie-i-jego-implikacje-dla-akcjonariuszy-mniejszosciowych","status":"publish","type":"product","link":"https:\/\/wydawnictwo.ug.edu.pl\/en\/ksiegarnia-online\/zarzadzanie\/nadzor-skarbu-panstwa-nad-spolkami-elektroenergetycznymi-notowanymi-na-gieldzie-papierow-wartosciowych-w-warszawie-i-jego-implikacje-dla-akcjonariuszy-mniejszosciowych\/","title":{"rendered":"Nadz\u00f3r Skarbu Pa\u0144stwa nad sp\u00f3\u0142kami elektroenergetycznymi notowanymi na Gie\u0142dzie Papier\u00f3w Warto\u015bciowych w Warszawie i jego implikacje dla akcjonariuszy mniejszo\u015bciowych"},"content":{"rendered":"","protected":false},"excerpt":{"rendered":"<p>\u201eZnaczenie sp\u00f3\u0142ek Skarbu Pa\u0144stwa w polskiej gospodarce jest bardzo du\u017ce. Sp\u00f3\u0142ki z jego udzia\u0142em to przedsi\u0119biorstwa, kt\u00f3rych akcje lub udzia\u0142y nale\u017c\u0105 w ca\u0142o\u015bci albo cz\u0119\u015bci do Skarbu Pa\u0144stwa i w kt\u00f3rych Skarb Pa\u0144stwa zobowi\u0105zany jest do wykonywania funkcji zwi\u0105zanych z nadzorem w\u0142a\u015bcicielskim. Du\u017cy udzia\u0142 przedsi\u0119biorstw publicznych (<em>state-owned enterprises<\/em>) w produkcji, zatrudnieniu i tworzeniu dochodu narodowego w Polsce nie jest niczym wyj\u0105tkowym w skali \u015bwiatowej. Nale\u017c\u0105 one do najwi\u0119kszych firm na \u015bwiecie i odgrywaj\u0105 du\u017c\u0105 rol\u0119 we wzro\u015bcie i rozwoju gospodarczym.<\/p>\n<p>G\u0142\u00f3wnym celem niniejszej ksi\u0105\u017cki jest analiza nadzoru w\u0142a\u015bcicielskiego nad sp\u00f3\u0142\u00adkami Skarbu Pa\u0144stwa z sektora elektroenergetycznego, notowanymi na Gie\u0142dzie Papier\u00f3w Warto\u015bciowych w Warszawie, czyli: Enea S.A., Energa S.A., TAURON Polska Energia S.A. oraz PGE Polska Grupa Energetyczna S.A. i jego wp\u0142ywu na interesy akcjonariuszy mniejszo\u015bciowych tych sp\u00f3\u0142ek. Analiza obejmuje lata 2017\u20132022. Jednak\u017ce celem jej pog\u0142\u0119bienia wykorzystano wybrane dane finansowe i niefinansowe dotycz\u0105ce badanych sp\u00f3\u0142ek oraz polskie regulacje prawne zwi\u0105\u00adzane z nadzorem w\u0142a\u015bcicielskim i rynkiem energii elektrycznej z lat 2015\u20132016 i pierwszej po\u0142owy 2023 r.\u201d<\/p>\n<p style=\"text-align: right;\"><em>Ze Wst\u0119pu<\/em><\/p>\n","protected":false},"featured_media":45270,"template":"","meta":{"_acf_changed":false},"journal":[],"rodzaj":[7074],"seria":[],"product_brand":[],"product_cat":[6942],"product_tag":[7424],"class_list":{"0":"post-45887","1":"product","2":"type-product","3":"status-publish","4":"has-post-thumbnail","6":"rodzaj-ksiazki","7":"product_cat-zarzadzanie","8":"product_tag-krzysztof-krzywdzinskikrzysztof-krzywdzinski","10":"first","11":"instock","12":"taxable","13":"shipping-taxable","14":"purchasable","15":"product-type-simple"},"acf":[],"_links":{"self":[{"href":"https:\/\/wydawnictwo.ug.edu.pl\/en\/wp-json\/wp\/v2\/product\/45887","targetHints":{"allow":["GET"]}}],"collection":[{"href":"https:\/\/wydawnictwo.ug.edu.pl\/en\/wp-json\/wp\/v2\/product"}],"about":[{"href":"https:\/\/wydawnictwo.ug.edu.pl\/en\/wp-json\/wp\/v2\/types\/product"}],"wp:featuredmedia":[{"embeddable":true,"href":"https:\/\/wydawnictwo.ug.edu.pl\/en\/wp-json\/wp\/v2\/media\/45270"}],"wp:attachment":[{"href":"https:\/\/wydawnictwo.ug.edu.pl\/en\/wp-json\/wp\/v2\/media?parent=45887"}],"wp:term":[{"taxonomy":"journal","embeddable":true,"href":"https:\/\/wydawnictwo.ug.edu.pl\/en\/wp-json\/wp\/v2\/journal?post=45887"},{"taxonomy":"rodzaj","embeddable":true,"href":"https:\/\/wydawnictwo.ug.edu.pl\/en\/wp-json\/wp\/v2\/rodzaj?post=45887"},{"taxonomy":"seria","embeddable":true,"href":"https:\/\/wydawnictwo.ug.edu.pl\/en\/wp-json\/wp\/v2\/seria?post=45887"},{"taxonomy":"product_brand","embeddable":true,"href":"https:\/\/wydawnictwo.ug.edu.pl\/en\/wp-json\/wp\/v2\/product_brand?post=45887"},{"taxonomy":"product_cat","embeddable":true,"href":"https:\/\/wydawnictwo.ug.edu.pl\/en\/wp-json\/wp\/v2\/product_cat?post=45887"},{"taxonomy":"product_tag","embeddable":true,"href":"https:\/\/wydawnictwo.ug.edu.pl\/en\/wp-json\/wp\/v2\/product_tag?post=45887"}],"curies":[{"name":"wp","href":"https:\/\/api.w.org\/{rel}","templated":true}]}}