{"id":45885,"date":"2025-09-05T10:15:39","date_gmt":"2025-09-05T10:15:39","guid":{"rendered":"https:\/\/wydawnictwo.ug.edu.pl\/ksiegarnia-online\/uncategorized\/moj-zywot-lekarski\/"},"modified":"2026-02-10T15:45:07","modified_gmt":"2026-02-10T15:45:07","slug":"moj-zywot-lekarski","status":"publish","type":"product","link":"https:\/\/wydawnictwo.ug.edu.pl\/en\/ksiegarnia-online\/historia\/moj-zywot-lekarski\/","title":{"rendered":"M\u00f3j \u017cywot lekarski"},"content":{"rendered":"","protected":false},"excerpt":{"rendered":"<p>Aleksander Tomasz Wiktor Korewa (1806\u20131874) by\u0142 polskim lekarzem, kt\u00f3ry du\u017c\u0105 cz\u0119\u015b\u0107 swojego \u017cycia sp\u0119dzi\u0142 w Wilnie. Cho\u0107 nale\u017ca\u0142 tam do os\u00f3b do\u015b\u0107 znanych, o jego \u017cyciu wiemy niewiele. Ze spisanego w\u00f3wczas pami\u0119tnika dowiadujemy si\u0119, \u017ce prowadzi\u0142 w Wilnie intensywn\u0105 prywatn\u0105 praktyk\u0119 lekarsk\u0105 oraz by\u0142 cz\u0142onkiem Towarzystwa Lekarskiego Wile\u0144skiego. By\u0142 ca\u0142kowicie oddany swojej pracy. Lektura jego wspomnie\u0144 pozwala nam pozna\u0107 r\u00f3\u017cne jego strony, jednak o \u017cyciu prywatnym, rodzinie, codziennych troskach nie pisa\u0142 praktycznie nic. St\u0105d te\u017c zreszt\u0105 ich tytu\u0142 <em>M\u00f3j \u017cywot lekarski<\/em>. Takie ograniczenie si\u0119 do przedstawienia \u017cycia zawodowego jednak wcale nie umniejsza wagi zapis\u00f3w, wr\u0119cz przeciwnie. Jest to niezwykle cenne uzupe\u0142nienie biografistyki lekarskiej XIX wieku (zw\u0142aszcza wile\u0144skiego \u015brodowiska lekarskiego), kt\u00f3re znakomicie mo\u017ce s\u0142u\u017cy\u0107 do analiz komparatystycznych.<\/p>\n<p><em>M\u00f3j \u017cywot lekarski <\/em>z pewno\u015bci\u0105 zainteresuje historyk\u00f3w medycyny, mi\u0142o\u015bnik\u00f3w Wilna i XIX wieku, a prawdopodobnie te\u017c ka\u017cdego, kto chcia\u0142by \u201epodejrze\u0107\u201d \u017cycie lekarza pr\u00f3buj\u0105cego odnale\u017a\u0107 swoje miejsce pod rosyjskim panowaniem, w warunkach rywalizacji z kolegami po fachu, nieraz zmuszonego do rozstrzygania dylematu etycznego \u201emie\u0107 czy by\u0107\u201d.<\/p>\n","protected":false},"featured_media":45264,"template":"","meta":{"_acf_changed":false},"journal":[],"rodzaj":[7074],"seria":[],"product_brand":[],"product_cat":[7013,6958],"product_tag":[7420,7421],"class_list":{"0":"post-45885","1":"product","2":"type-product","3":"status-publish","4":"has-post-thumbnail","6":"rodzaj-ksiazki","7":"product_cat-biografie","8":"product_cat-historia","9":"product_tag-aleksander-korewa","10":"product_tag-iwona-janickaiwona-janicka","12":"first","13":"instock","14":"taxable","15":"shipping-taxable","16":"purchasable","17":"product-type-simple"},"acf":[],"_links":{"self":[{"href":"https:\/\/wydawnictwo.ug.edu.pl\/en\/wp-json\/wp\/v2\/product\/45885","targetHints":{"allow":["GET"]}}],"collection":[{"href":"https:\/\/wydawnictwo.ug.edu.pl\/en\/wp-json\/wp\/v2\/product"}],"about":[{"href":"https:\/\/wydawnictwo.ug.edu.pl\/en\/wp-json\/wp\/v2\/types\/product"}],"wp:featuredmedia":[{"embeddable":true,"href":"https:\/\/wydawnictwo.ug.edu.pl\/en\/wp-json\/wp\/v2\/media\/45264"}],"wp:attachment":[{"href":"https:\/\/wydawnictwo.ug.edu.pl\/en\/wp-json\/wp\/v2\/media?parent=45885"}],"wp:term":[{"taxonomy":"journal","embeddable":true,"href":"https:\/\/wydawnictwo.ug.edu.pl\/en\/wp-json\/wp\/v2\/journal?post=45885"},{"taxonomy":"rodzaj","embeddable":true,"href":"https:\/\/wydawnictwo.ug.edu.pl\/en\/wp-json\/wp\/v2\/rodzaj?post=45885"},{"taxonomy":"seria","embeddable":true,"href":"https:\/\/wydawnictwo.ug.edu.pl\/en\/wp-json\/wp\/v2\/seria?post=45885"},{"taxonomy":"product_brand","embeddable":true,"href":"https:\/\/wydawnictwo.ug.edu.pl\/en\/wp-json\/wp\/v2\/product_brand?post=45885"},{"taxonomy":"product_cat","embeddable":true,"href":"https:\/\/wydawnictwo.ug.edu.pl\/en\/wp-json\/wp\/v2\/product_cat?post=45885"},{"taxonomy":"product_tag","embeddable":true,"href":"https:\/\/wydawnictwo.ug.edu.pl\/en\/wp-json\/wp\/v2\/product_tag?post=45885"}],"curies":[{"name":"wp","href":"https:\/\/api.w.org\/{rel}","templated":true}]}}