{"id":45884,"date":"2025-09-15T12:36:04","date_gmt":"2025-09-15T12:36:04","guid":{"rendered":"https:\/\/wydawnictwo.ug.edu.pl\/ksiegarnia-online\/uncategorized\/rocznik-gdanski-tom-lxxxiv-2024\/"},"modified":"2026-02-10T14:02:33","modified_gmt":"2026-02-10T14:02:33","slug":"rocznik-gdanski-tom-lxxxiv-2024","status":"publish","type":"product","link":"https:\/\/wydawnictwo.ug.edu.pl\/en\/ksiegarnia-online\/varia\/rocznik-gdanski-tom-lxxxiv-2024\/","title":{"rendered":"Rocznik Gda\u0144ski. Tom LXXXIV (2024)"},"content":{"rendered":"","protected":false},"excerpt":{"rendered":"<p>\u201eRocznik Gda\u0144ski\u201d jest polskim czasopismem naukowym wydawanym od 1927 roku najpierw przez Towarzystwo Przyjaci\u00f3\u0142 Nauki i Sztuki w Gda\u0144sku, a od 1956 roku przez Gda\u0144skie Towarzystwo Naukowe.<\/p>\n","protected":false},"featured_media":45261,"template":"","meta":{"_acf_changed":false},"journal":[7068],"rodzaj":[7077],"seria":[],"product_brand":[],"product_cat":[6948],"product_tag":[7419],"class_list":{"0":"post-45884","1":"product","2":"type-product","3":"status-publish","4":"has-post-thumbnail","6":"journal-rocznik-gdanski","7":"rodzaj-czasopismo","8":"product_cat-varia","9":"product_tag-agnieszka-pawlowska-kubik","11":"first","12":"instock","13":"taxable","14":"shipping-taxable","15":"purchasable","16":"product-type-external"},"acf":[],"_links":{"self":[{"href":"https:\/\/wydawnictwo.ug.edu.pl\/en\/wp-json\/wp\/v2\/product\/45884","targetHints":{"allow":["GET"]}}],"collection":[{"href":"https:\/\/wydawnictwo.ug.edu.pl\/en\/wp-json\/wp\/v2\/product"}],"about":[{"href":"https:\/\/wydawnictwo.ug.edu.pl\/en\/wp-json\/wp\/v2\/types\/product"}],"wp:featuredmedia":[{"embeddable":true,"href":"https:\/\/wydawnictwo.ug.edu.pl\/en\/wp-json\/wp\/v2\/media\/45261"}],"wp:attachment":[{"href":"https:\/\/wydawnictwo.ug.edu.pl\/en\/wp-json\/wp\/v2\/media?parent=45884"}],"wp:term":[{"taxonomy":"journal","embeddable":true,"href":"https:\/\/wydawnictwo.ug.edu.pl\/en\/wp-json\/wp\/v2\/journal?post=45884"},{"taxonomy":"rodzaj","embeddable":true,"href":"https:\/\/wydawnictwo.ug.edu.pl\/en\/wp-json\/wp\/v2\/rodzaj?post=45884"},{"taxonomy":"seria","embeddable":true,"href":"https:\/\/wydawnictwo.ug.edu.pl\/en\/wp-json\/wp\/v2\/seria?post=45884"},{"taxonomy":"product_brand","embeddable":true,"href":"https:\/\/wydawnictwo.ug.edu.pl\/en\/wp-json\/wp\/v2\/product_brand?post=45884"},{"taxonomy":"product_cat","embeddable":true,"href":"https:\/\/wydawnictwo.ug.edu.pl\/en\/wp-json\/wp\/v2\/product_cat?post=45884"},{"taxonomy":"product_tag","embeddable":true,"href":"https:\/\/wydawnictwo.ug.edu.pl\/en\/wp-json\/wp\/v2\/product_tag?post=45884"}],"curies":[{"name":"wp","href":"https:\/\/api.w.org\/{rel}","templated":true}]}}