{"id":45883,"date":"2025-09-17T08:52:32","date_gmt":"2025-09-17T08:52:32","guid":{"rendered":"https:\/\/wydawnictwo.ug.edu.pl\/ksiegarnia-online\/uncategorized\/estetyczne-wymiary-praktyki-stosowania-prawa\/"},"modified":"2026-02-10T14:02:05","modified_gmt":"2026-02-10T14:02:05","slug":"estetyczne-wymiary-praktyki-stosowania-prawa","status":"publish","type":"product","link":"https:\/\/wydawnictwo.ug.edu.pl\/en\/ksiegarnia-online\/prawo-i-administracja\/estetyczne-wymiary-praktyki-stosowania-prawa\/","title":{"rendered":"Estetyczne wymiary praktyki stosowania prawa"},"content":{"rendered":"","protected":false},"excerpt":{"rendered":"<p>Ksi\u0105\u017ck\u0119 czyta si\u0119 z prawdziwym zainteresowaniem, sk\u0142ada si\u0119 na ni\u0105 bowiem wiele oryginalnych i zaskakuj\u0105cych tekst\u00f3w, zawieraj\u0105cych interesuj\u0105ce i inspiruj\u0105ce refleksje z pogranicza sztuki prawa, literatury, malarstwa, filmu i filozofii. Rozdzia\u0142y s\u0105 zr\u00f3\u017cnicowane metodologicznie. S\u0105 to zar\u00f3wno teksty naukowe, b\u0119d\u0105ce wynikiem teoretycznoprawnych rzetelnych bada\u0144 empirycznych i analitycznych, jak i eseje literacko-naukowe, kt\u00f3re rz\u0105dz\u0105 si\u0119 innymi prawami, zawieraj\u0105 subiektywne oceny zjawisk kultury prawnej.<\/p>\n<p><em>Z recenzji prof. dr hab. Jolanty Jab\u0142o\u0144skiej-Boncy<\/em><\/p>\n<p>Redaktorom recenzowanej monografii uda\u0142o si\u0119 stworzy\u0107 kolejne opracowanie w ramach nurtu badawczego gda\u0144skiej szko\u0142y teorii i filozofii prawa, zapraszaj\u0105c jednocze\u015bnie do tego projektu osoby z r\u00f3\u017cnych o\u015brodk\u00f3w akademickich, dla kt\u00f3rych perspektywa estetyki prawa jest wa\u017cn\u0105 koncepcj\u0105 filozoficznoprawn\u0105. Je\u015bli do tego dodamy, \u017ce otrzymali\u015bmy zwart\u0105 problemowo i koncepcyjnie wieloautorsk\u0105 monografi\u0119, z dobrze napisanym s\u0142owem wst\u0119pnym, kt\u00f3re wyposa\u017ca Czytelnika w narz\u0119dzia badawcze, to nie mo\u017ce budzi\u0107 w\u0105tpliwo\u015bci pozytywna ocena recenzowanej monografii i rekomendacja jej publikacji. Monografia ta ma szans\u0119 sta\u0107 si\u0119 wa\u017cn\u0105 prac\u0105 w dyskursie prawniczym. Dobrze diagnozuje ona zmiany: w my\u015bleniu o prawie, w zakresie spo\u0142ecznych oczekiwa\u0144 wobec prawa i wymiaru sprawiedliwo\u015bci i w ko\u0144cu przeobra\u017ce\u0144 w komunikacji spo\u0142ecznej.<\/p>\n<p><em>Z recenzji prof. dr. hab. Przemys\u0142awa Kaczmarka<\/em><\/p>\n<p>Seria \u201eStudia z Estetyki Prawa\u201d<\/p>\n","protected":false},"featured_media":45258,"template":"","meta":{"_acf_changed":false},"journal":[],"rodzaj":[7074],"seria":[7083],"product_brand":[],"product_cat":[6932],"product_tag":[7417,7418],"class_list":{"0":"post-45883","1":"product","2":"type-product","3":"status-publish","4":"has-post-thumbnail","6":"rodzaj-ksiazki","7":"seria-studia-z-estetyki-prawa","8":"product_cat-prawo-i-administracja","9":"product_tag-joanna-kamienjoanna-kamien","10":"product_tag-pawel-sut","12":"first","13":"instock","14":"taxable","15":"shipping-taxable","16":"purchasable","17":"product-type-simple"},"acf":[],"_links":{"self":[{"href":"https:\/\/wydawnictwo.ug.edu.pl\/en\/wp-json\/wp\/v2\/product\/45883","targetHints":{"allow":["GET"]}}],"collection":[{"href":"https:\/\/wydawnictwo.ug.edu.pl\/en\/wp-json\/wp\/v2\/product"}],"about":[{"href":"https:\/\/wydawnictwo.ug.edu.pl\/en\/wp-json\/wp\/v2\/types\/product"}],"wp:featuredmedia":[{"embeddable":true,"href":"https:\/\/wydawnictwo.ug.edu.pl\/en\/wp-json\/wp\/v2\/media\/45258"}],"wp:attachment":[{"href":"https:\/\/wydawnictwo.ug.edu.pl\/en\/wp-json\/wp\/v2\/media?parent=45883"}],"wp:term":[{"taxonomy":"journal","embeddable":true,"href":"https:\/\/wydawnictwo.ug.edu.pl\/en\/wp-json\/wp\/v2\/journal?post=45883"},{"taxonomy":"rodzaj","embeddable":true,"href":"https:\/\/wydawnictwo.ug.edu.pl\/en\/wp-json\/wp\/v2\/rodzaj?post=45883"},{"taxonomy":"seria","embeddable":true,"href":"https:\/\/wydawnictwo.ug.edu.pl\/en\/wp-json\/wp\/v2\/seria?post=45883"},{"taxonomy":"product_brand","embeddable":true,"href":"https:\/\/wydawnictwo.ug.edu.pl\/en\/wp-json\/wp\/v2\/product_brand?post=45883"},{"taxonomy":"product_cat","embeddable":true,"href":"https:\/\/wydawnictwo.ug.edu.pl\/en\/wp-json\/wp\/v2\/product_cat?post=45883"},{"taxonomy":"product_tag","embeddable":true,"href":"https:\/\/wydawnictwo.ug.edu.pl\/en\/wp-json\/wp\/v2\/product_tag?post=45883"}],"curies":[{"name":"wp","href":"https:\/\/api.w.org\/{rel}","templated":true}]}}