{"id":45881,"date":"2025-09-22T09:34:33","date_gmt":"2025-09-22T09:34:33","guid":{"rendered":"https:\/\/wydawnictwo.ug.edu.pl\/ksiegarnia-online\/uncategorized\/archiwum-filozofii-prawa-i-filozofii-spolecznej-344-2025\/"},"modified":"2026-02-10T14:02:00","modified_gmt":"2026-02-10T14:02:00","slug":"archiwum-filozofii-prawa-i-filozofii-spolecznej-344-2025","status":"publish","type":"product","link":"https:\/\/wydawnictwo.ug.edu.pl\/en\/ksiegarnia-online\/prawo-i-administracja\/archiwum-filozofii-prawa-i-filozofii-spolecznej-344-2025\/","title":{"rendered":"Archiwum Filozofii Prawa i Filozofii Spo\u0142ecznej 3(44)\/2025"},"content":{"rendered":"","protected":false},"excerpt":{"rendered":"<p>Archiwum Filozofii Prawa i Filozofii Spo\u0142ecznej 3(44)\/2025: Communist Crimes in Court: Law, Justice, and Memory in Post-Communist Europe<\/p>\n<p>\u201eArchiwum Filozofii Prawa i Filozofii Spo\u0142ecznej\u201d jest czasopismem naukowym w otwartym dost\u0119pie, wydawanym przez Stowarzyszenie Filozofii Prawa i Filozofii Spo\u0142ecznej \u2013 Sekcja Polska IVR, we wsp\u00f3\u0142pracy z Wydawnictwem Uniwersytetu Gda\u0144skiego i Wolters Kluwer Polska.<\/p>\n<p>Zakres tematyczny czasopisma obejmuje r\u00f3\u017cnorodne formy og\u00f3lnej refleksji nad prawem i jego otoczeniem, w tym przede wszystkim teori\u0119 i filozofi\u0119 prawa, filozofi\u0119 spo\u0142eczn\u0105, filozofi\u0119 polityczn\u0105 oraz socjologi\u0119 prawa.<\/p>\n","protected":false},"featured_media":45251,"template":"","meta":{"_acf_changed":false},"journal":[7059],"rodzaj":[7075,7077],"seria":[],"product_brand":[],"product_cat":[6932],"product_tag":[7414,7415],"class_list":{"0":"post-45881","1":"product","2":"type-product","3":"status-publish","4":"has-post-thumbnail","6":"journal-archiwum-filozofii-prawa-i-filozofii-spolecznej","7":"rodzaj-e-book","8":"rodzaj-czasopismo","9":"product_cat-prawo-i-administracja","10":"product_tag-christoph-eric-mecke","11":"product_tag-martyna-laszewska-hellriegel","13":"first","14":"instock","15":"taxable","16":"shipping-taxable","17":"product-type-external"},"acf":[],"_links":{"self":[{"href":"https:\/\/wydawnictwo.ug.edu.pl\/en\/wp-json\/wp\/v2\/product\/45881","targetHints":{"allow":["GET"]}}],"collection":[{"href":"https:\/\/wydawnictwo.ug.edu.pl\/en\/wp-json\/wp\/v2\/product"}],"about":[{"href":"https:\/\/wydawnictwo.ug.edu.pl\/en\/wp-json\/wp\/v2\/types\/product"}],"wp:featuredmedia":[{"embeddable":true,"href":"https:\/\/wydawnictwo.ug.edu.pl\/en\/wp-json\/wp\/v2\/media\/45251"}],"wp:attachment":[{"href":"https:\/\/wydawnictwo.ug.edu.pl\/en\/wp-json\/wp\/v2\/media?parent=45881"}],"wp:term":[{"taxonomy":"journal","embeddable":true,"href":"https:\/\/wydawnictwo.ug.edu.pl\/en\/wp-json\/wp\/v2\/journal?post=45881"},{"taxonomy":"rodzaj","embeddable":true,"href":"https:\/\/wydawnictwo.ug.edu.pl\/en\/wp-json\/wp\/v2\/rodzaj?post=45881"},{"taxonomy":"seria","embeddable":true,"href":"https:\/\/wydawnictwo.ug.edu.pl\/en\/wp-json\/wp\/v2\/seria?post=45881"},{"taxonomy":"product_brand","embeddable":true,"href":"https:\/\/wydawnictwo.ug.edu.pl\/en\/wp-json\/wp\/v2\/product_brand?post=45881"},{"taxonomy":"product_cat","embeddable":true,"href":"https:\/\/wydawnictwo.ug.edu.pl\/en\/wp-json\/wp\/v2\/product_cat?post=45881"},{"taxonomy":"product_tag","embeddable":true,"href":"https:\/\/wydawnictwo.ug.edu.pl\/en\/wp-json\/wp\/v2\/product_tag?post=45881"}],"curies":[{"name":"wp","href":"https:\/\/api.w.org\/{rel}","templated":true}]}}