{"id":45877,"date":"2025-10-18T18:45:51","date_gmt":"2025-10-18T18:45:51","guid":{"rendered":"https:\/\/wydawnictwo.ug.edu.pl\/ksiegarnia-online\/uncategorized\/wykorzystanie-metod-big-data-do-badania-organizacji-gospodarczych-obecnych-w-internecie\/"},"modified":"2026-02-10T14:01:54","modified_gmt":"2026-02-10T14:01:54","slug":"wykorzystanie-metod-big-data-do-badania-organizacji-gospodarczych-obecnych-w-internecie","status":"publish","type":"product","link":"https:\/\/wydawnictwo.ug.edu.pl\/en\/ksiegarnia-online\/ekonomia\/wykorzystanie-metod-big-data-do-badania-organizacji-gospodarczych-obecnych-w-internecie\/","title":{"rendered":"Wykorzystanie metod big data do badania organizacji gospodarczych obecnych w Internecie"},"content":{"rendered":"","protected":false},"excerpt":{"rendered":"<p><em>Wykorzystanie metod big data do badania organizacji gospodarczych obecnych w Internecie. Teoria, metodologia, wyniki<\/em><\/p>\n<p>Prowadzenie bada\u0144 naukowych w dyscyplinie nauk o zarz\u0105dzaniu i jako\u015bci wymaga systematycznego odwo\u0142ywania si\u0119 do zr\u00f3\u017cnicowanych \u017ar\u00f3de\u0142 danych, kt\u00f3rych specyfika determinuje dob\u00f3r adekwatnych do nich ram teoretycznych i narz\u0119dzi analitycznych. G\u0142\u00f3wnym celem niniejszej monografii jest prezentacja metodologii badania organizacji gospodarczych bazuj\u0105cych na zbiorach danych typu <em>big data<\/em>, co obejmuje mi\u0119dzy innymi tre\u015bci generowane w obr\u0119bie stron internetowych analizowanych podmiot\u00f3w. W opracowaniu zaprezentowano przyj\u0119ty przez autora paradygmat badawczy, wskazano wybrane metody i technologie analityczne oraz zilustrowano ich zastosowanie przyk\u0142adami empirycznymi, ukazuj\u0105cymi mo\u017cliwo\u015bci identyfikacji oraz charakterystyki organizacji funkcjonuj\u0105cych w \u015brodowisku cyfrowym. Monografia stanowi propozycj\u0119 uj\u0119cia badawczego adresowan\u0105 zar\u00f3wno do badaczy, jak i praktyk\u00f3w zainteresowanych wykorzystaniem potencja\u0142u informacyjnego Internetu jako \u017ar\u00f3d\u0142a wiedzy o jednostkach prowadz\u0105cych dzia\u0142alno\u015b\u0107 online, a tak\u017ce poszukuj\u0105cych narz\u0119dzi, kt\u00f3re umo\u017cliwiaj\u0105 pog\u0142\u0119bion\u0105 analiz\u0119 ich aktywno\u015bci w przestrzeni wirtualnej.<\/p>\n","protected":false},"featured_media":45237,"template":"","meta":{"_acf_changed":false},"journal":[],"rodzaj":[7074],"seria":[],"product_brand":[],"product_cat":[6934],"product_tag":[7411],"class_list":{"0":"post-45877","1":"product","2":"type-product","3":"status-publish","4":"has-post-thumbnail","6":"rodzaj-ksiazki","7":"product_cat-ekonomia","8":"product_tag-jacek-maslankowski","10":"first","11":"instock","12":"taxable","13":"shipping-taxable","14":"purchasable","15":"product-type-simple"},"acf":[],"_links":{"self":[{"href":"https:\/\/wydawnictwo.ug.edu.pl\/en\/wp-json\/wp\/v2\/product\/45877","targetHints":{"allow":["GET"]}}],"collection":[{"href":"https:\/\/wydawnictwo.ug.edu.pl\/en\/wp-json\/wp\/v2\/product"}],"about":[{"href":"https:\/\/wydawnictwo.ug.edu.pl\/en\/wp-json\/wp\/v2\/types\/product"}],"wp:featuredmedia":[{"embeddable":true,"href":"https:\/\/wydawnictwo.ug.edu.pl\/en\/wp-json\/wp\/v2\/media\/45237"}],"wp:attachment":[{"href":"https:\/\/wydawnictwo.ug.edu.pl\/en\/wp-json\/wp\/v2\/media?parent=45877"}],"wp:term":[{"taxonomy":"journal","embeddable":true,"href":"https:\/\/wydawnictwo.ug.edu.pl\/en\/wp-json\/wp\/v2\/journal?post=45877"},{"taxonomy":"rodzaj","embeddable":true,"href":"https:\/\/wydawnictwo.ug.edu.pl\/en\/wp-json\/wp\/v2\/rodzaj?post=45877"},{"taxonomy":"seria","embeddable":true,"href":"https:\/\/wydawnictwo.ug.edu.pl\/en\/wp-json\/wp\/v2\/seria?post=45877"},{"taxonomy":"product_brand","embeddable":true,"href":"https:\/\/wydawnictwo.ug.edu.pl\/en\/wp-json\/wp\/v2\/product_brand?post=45877"},{"taxonomy":"product_cat","embeddable":true,"href":"https:\/\/wydawnictwo.ug.edu.pl\/en\/wp-json\/wp\/v2\/product_cat?post=45877"},{"taxonomy":"product_tag","embeddable":true,"href":"https:\/\/wydawnictwo.ug.edu.pl\/en\/wp-json\/wp\/v2\/product_tag?post=45877"}],"curies":[{"name":"wp","href":"https:\/\/api.w.org\/{rel}","templated":true}]}}