{"id":45876,"date":"2025-10-18T18:51:27","date_gmt":"2025-10-18T18:51:27","guid":{"rendered":"https:\/\/wydawnictwo.ug.edu.pl\/ksiegarnia-online\/uncategorized\/stefan-morawski-estetyka-in-statu-nascendi\/"},"modified":"2026-02-10T14:01:49","modified_gmt":"2026-02-10T14:01:49","slug":"stefan-morawski-estetyka-in-statu-nascendi","status":"publish","type":"product","link":"https:\/\/wydawnictwo.ug.edu.pl\/en\/ksiegarnia-online\/biografie\/stefan-morawski-estetyka-in-statu-nascendi\/","title":{"rendered":"Stefan Morawski \u2013 estetyka in statu nascendi"},"content":{"rendered":"","protected":false},"excerpt":{"rendered":"<p>Ksi\u0105\u017cka \u201eStefan Morawski \u2013 estetyka in <em>statu nascendi<\/em>\u201d jest zestawieniem trzech punkt\u00f3w obserwacyjnych. Pierwszy to biografia bohatera ksi\u0105\u017cki, drugi \u2013 kluczowe ustalenia w obszarze estetyki\/filozofii sztuki i trzeci to dorobek publikacyjny i jego recepcja. Autor \u015bledzi drog\u0119 przebyt\u0105 przez Stefana Morawskiego paraj\u0105cego si\u0119 filozofi\u0105, a precyzyjniej: estetyk\u0105 filozoficzn\u0105, kt\u00f3ra bywa filozofi\u0105 sztuki. Ile w pracach Morawskiego jest filozofii, a ile sztuki? Bohdan Dziemidok podkre\u015bla, co nie zosta\u0142o w ksi\u0105\u017cce zakwestionowane, \u017ce w tym wypadku chodzi bardziej o filozofi\u0119 ni\u017c o sztuk\u0119.<\/p>\n<p>Prof. dr hab. Roman Kubicki w recenzji ksi\u0105\u017cki podkre\u015bla: \u201eDobrze si\u0119 zatem sta\u0142o, \u017ce dzi\u0119ki tej inicjatywie wydawniczej mo\u017cemy obcowa\u0107 ze Stefanem Morawskim na wielu poziomach jego zaanga\u017cowania w \u015bwiat. Po pierwsze, Przybysz szkicuje \u017cyciowy portret swojego bohatera, korzystaj\u0105c z wielu barw i odcieni ludzkiego losu. Po drugie, kompetentnie przybli\u017ca filozoficzn\u0105 my\u015bl Morawskiego, w kt\u00f3rej zasadnie wyodr\u0119bnia dwa najwa\u017cniejsze nurty: estetyczny i teoretyczno-sztuczny, kt\u00f3re wprawdzie najcz\u0119\u015bciej wspiera\u0142y si\u0119 i dope\u0142nia\u0142y, ale bywa\u0142o przecie\u017c i tak, \u017ce wype\u0142nia\u0142y koleiny od siebie znacznie oddalone. Po trzecie wreszcie, z recenzowanej ksi\u0105\u017cki wy\u0142ania si\u0119 Stefan Morawski jako wielow\u0105tkowy i wieloaspektowy \u015bwiadek i wsp\u00f3\u0142tw\u00f3rca swojej wsp\u00f3\u0142czesno\u015bci. Te trzy wzgl\u0119dy sprawiaj\u0105, \u017ce ksi\u0105\u017ck\u0119 Piotra J. Przybysza powinni przeczyta\u0107 wszyscy polscy humani\u015bci, studenci i doktoranci, asystenci i profesorowie. Nie mam co do tego \u017cadnej w\u0105tpliwo\u015bci\u201d.<\/p>\n","protected":false},"featured_media":45233,"template":"","meta":{"_acf_changed":false},"journal":[],"rodzaj":[2602],"seria":[],"product_brand":[],"product_cat":[941],"product_tag":[6826],"class_list":{"0":"post-45876","1":"product","2":"type-product","3":"status-publish","4":"has-post-thumbnail","6":"rodzaj-ksiazki","7":"product_cat-biografie","8":"product_tag-piotr-j-przybysz","10":"first","11":"instock","12":"taxable","13":"shipping-taxable","14":"purchasable","15":"product-type-simple"},"acf":[],"_links":{"self":[{"href":"https:\/\/wydawnictwo.ug.edu.pl\/en\/wp-json\/wp\/v2\/product\/45876","targetHints":{"allow":["GET"]}}],"collection":[{"href":"https:\/\/wydawnictwo.ug.edu.pl\/en\/wp-json\/wp\/v2\/product"}],"about":[{"href":"https:\/\/wydawnictwo.ug.edu.pl\/en\/wp-json\/wp\/v2\/types\/product"}],"wp:featuredmedia":[{"embeddable":true,"href":"https:\/\/wydawnictwo.ug.edu.pl\/en\/wp-json\/wp\/v2\/media\/45233"}],"wp:attachment":[{"href":"https:\/\/wydawnictwo.ug.edu.pl\/en\/wp-json\/wp\/v2\/media?parent=45876"}],"wp:term":[{"taxonomy":"journal","embeddable":true,"href":"https:\/\/wydawnictwo.ug.edu.pl\/en\/wp-json\/wp\/v2\/journal?post=45876"},{"taxonomy":"rodzaj","embeddable":true,"href":"https:\/\/wydawnictwo.ug.edu.pl\/en\/wp-json\/wp\/v2\/rodzaj?post=45876"},{"taxonomy":"seria","embeddable":true,"href":"https:\/\/wydawnictwo.ug.edu.pl\/en\/wp-json\/wp\/v2\/seria?post=45876"},{"taxonomy":"product_brand","embeddable":true,"href":"https:\/\/wydawnictwo.ug.edu.pl\/en\/wp-json\/wp\/v2\/product_brand?post=45876"},{"taxonomy":"product_cat","embeddable":true,"href":"https:\/\/wydawnictwo.ug.edu.pl\/en\/wp-json\/wp\/v2\/product_cat?post=45876"},{"taxonomy":"product_tag","embeddable":true,"href":"https:\/\/wydawnictwo.ug.edu.pl\/en\/wp-json\/wp\/v2\/product_tag?post=45876"}],"curies":[{"name":"wp","href":"https:\/\/api.w.org\/{rel}","templated":true}]}}