{"id":45875,"date":"2025-10-18T18:56:23","date_gmt":"2025-10-18T18:56:23","guid":{"rendered":"https:\/\/wydawnictwo.ug.edu.pl\/ksiegarnia-online\/uncategorized\/mistrz-wladyslaw-pytlasinski-1863-1933-zapasnik-trener-dzialacz-artysta-policjant\/"},"modified":"2026-02-10T14:01:48","modified_gmt":"2026-02-10T14:01:48","slug":"mistrz-wladyslaw-pytlasinski-1863-1933-zapasnik-trener-dzialacz-artysta-policjant","status":"publish","type":"product","link":"https:\/\/wydawnictwo.ug.edu.pl\/en\/ksiegarnia-online\/biografie\/mistrz-wladyslaw-pytlasinski-1863-1933-zapasnik-trener-dzialacz-artysta-policjant\/","title":{"rendered":"Mistrz W\u0142adys\u0142aw Pytlasi\u0144ski (1863\u20131933). Zapa\u015bnik \u2013 trener \u2013 dzia\u0142acz \u2013 artysta \u2013 policjant"},"content":{"rendered":"","protected":false},"excerpt":{"rendered":"<p>\u201eBez w\u0105tpienia ksi\u0105\u017cka Jaros\u0142awa Drozda <em>Mistrz W\u0142adys\u0142aw Pytlasi\u0144ski (1863\u20131933). Zapa\u015bnik \u2013 trener \u2013 dzia\u0142acz \u2013 artysta \u2013 policjant <\/em>wywiera pozytywne wra\u017cenie. Autor wykorzysta\u0142 ogromn\u0105 ilo\u015b\u0107 materia\u0142\u00f3w \u017ar\u00f3\u00add\u0142owych zdeponowanych w kilkunastu archiwach w kraju i za granic\u0105, si\u0119gn\u0105\u0142 po kilkaset tytu\u0142\u00f3w czasopism z kilkunastu kraj\u00f3w \u015bwiata, do\u00adtar\u0142 do wielu interesuj\u0105cych, bardzo rozproszonych materia\u0142\u00f3w. Jest to szczeg\u00f3lnie cenne dla historyk\u00f3w sportu, kt\u00f3rzy na co dzie\u0144 borykaj\u0105 si\u0119 z niedostatkiem \u017ar\u00f3de\u0142. Publikacj\u0119 cechuj\u0105 te\u017c nowatorskie uj\u0119cie tema\u00adtu oraz rzetelna weryfikacja nieprawdziwych informacji funkcjonuj\u0105cych dot\u0105d w obiegu. Autor, korzystaj\u0105c z nieznanych dotychczas materia\u00ad\u0142\u00f3w, przyczynia si\u0119 do znacznego wzbogacenia wiedzy o W\u0142adys\u0142awie Pytlasi\u0144skim\u201d.<\/p>\n<p style=\"text-align: right;\"><em>Z recenzji dr. hab. Artura Paski, prof. UwB<\/em><\/p>\n","protected":false},"featured_media":45229,"template":"","meta":{"_acf_changed":false},"journal":[],"rodzaj":[7074],"seria":[],"product_brand":[],"product_cat":[7014,7013],"product_tag":[7409],"class_list":{"0":"post-45875","1":"product","2":"type-product","3":"status-publish","4":"has-post-thumbnail","6":"rodzaj-ksiazki","7":"product_cat-bestsellery","8":"product_cat-biografie","9":"product_tag-jaroslaw-drozdjaroslaw-drozd","11":"first","12":"instock","13":"taxable","14":"shipping-taxable","15":"purchasable","16":"product-type-simple"},"acf":[],"_links":{"self":[{"href":"https:\/\/wydawnictwo.ug.edu.pl\/en\/wp-json\/wp\/v2\/product\/45875","targetHints":{"allow":["GET"]}}],"collection":[{"href":"https:\/\/wydawnictwo.ug.edu.pl\/en\/wp-json\/wp\/v2\/product"}],"about":[{"href":"https:\/\/wydawnictwo.ug.edu.pl\/en\/wp-json\/wp\/v2\/types\/product"}],"wp:featuredmedia":[{"embeddable":true,"href":"https:\/\/wydawnictwo.ug.edu.pl\/en\/wp-json\/wp\/v2\/media\/45229"}],"wp:attachment":[{"href":"https:\/\/wydawnictwo.ug.edu.pl\/en\/wp-json\/wp\/v2\/media?parent=45875"}],"wp:term":[{"taxonomy":"journal","embeddable":true,"href":"https:\/\/wydawnictwo.ug.edu.pl\/en\/wp-json\/wp\/v2\/journal?post=45875"},{"taxonomy":"rodzaj","embeddable":true,"href":"https:\/\/wydawnictwo.ug.edu.pl\/en\/wp-json\/wp\/v2\/rodzaj?post=45875"},{"taxonomy":"seria","embeddable":true,"href":"https:\/\/wydawnictwo.ug.edu.pl\/en\/wp-json\/wp\/v2\/seria?post=45875"},{"taxonomy":"product_brand","embeddable":true,"href":"https:\/\/wydawnictwo.ug.edu.pl\/en\/wp-json\/wp\/v2\/product_brand?post=45875"},{"taxonomy":"product_cat","embeddable":true,"href":"https:\/\/wydawnictwo.ug.edu.pl\/en\/wp-json\/wp\/v2\/product_cat?post=45875"},{"taxonomy":"product_tag","embeddable":true,"href":"https:\/\/wydawnictwo.ug.edu.pl\/en\/wp-json\/wp\/v2\/product_tag?post=45875"}],"curies":[{"name":"wp","href":"https:\/\/api.w.org\/{rel}","templated":true}]}}