{"id":45874,"date":"2025-10-18T19:01:14","date_gmt":"2025-10-18T19:01:14","guid":{"rendered":"https:\/\/wydawnictwo.ug.edu.pl\/ksiegarnia-online\/uncategorized\/swiadomy-konsument-ksztaltowanie-i-roznice-swiadomosci-konsumenckiej\/"},"modified":"2026-02-10T14:01:46","modified_gmt":"2026-02-10T14:01:46","slug":"swiadomy-konsument-ksztaltowanie-i-roznice-swiadomosci-konsumenckiej","status":"publish","type":"product","link":"https:\/\/wydawnictwo.ug.edu.pl\/en\/ksiegarnia-online\/ekonomia\/swiadomy-konsument-ksztaltowanie-i-roznice-swiadomosci-konsumenckiej\/","title":{"rendered":"\u015awiadomy konsument. Kszta\u0142towanie i r\u00f3\u017cnice \u015bwiadomo\u015bci konsumenckiej"},"content":{"rendered":"","protected":false},"excerpt":{"rendered":"<p>Co charakteryzuje \u015bwiadomego konsumenta? Codzienne, przemy\u015blane wybory i dzia\u0142ania opieraj\u0105ce si\u0119 marketingowym manipulacjom i przyczyniaj\u0105ce si\u0119 tym samym do zr\u00f3wnowa\u017conego rozwoju. W obliczu wyzwa\u0144 stoj\u0105cych przed polsk\u0105 gospodark\u0105, b\u0119d\u0105cych skutkiem konsumpcjonizmu, niezwykle wa\u017cne tematy to wspieranie ekologicznych zachowa\u0144 konsumenckich oraz rozw\u00f3j \u015bwiadomo\u015bci w obszarach ekonomicznym i ekologicznym.<\/p>\n<p>Ksi\u0105\u017cka zawiera teoretyczne rozwa\u017cania na temat potrzeb, zachowa\u0144 oraz \u015bwiadomo\u015bci konsumenckiej i spo\u0142ecznej odpowiedzialno\u015bci, a tak\u017ce praktyczn\u0105 analiz\u0119 por\u00f3wnawcz\u0105 poziomu \u015bwiadomo\u015bci konsumenckiej w wybranych krajach europejskich.<\/p>\n","protected":false},"featured_media":45225,"template":"","meta":{"_acf_changed":false},"journal":[],"rodzaj":[7074],"seria":[],"product_brand":[],"product_cat":[6934],"product_tag":[8266],"class_list":{"0":"post-45874","1":"product","2":"type-product","3":"status-publish","4":"has-post-thumbnail","6":"rodzaj-ksiazki","7":"product_cat-ekonomia","8":"product_tag-malgorzata-lawreszuk","10":"first","11":"outofstock","12":"taxable","13":"shipping-taxable","14":"purchasable","15":"product-type-simple"},"acf":[],"_links":{"self":[{"href":"https:\/\/wydawnictwo.ug.edu.pl\/en\/wp-json\/wp\/v2\/product\/45874","targetHints":{"allow":["GET"]}}],"collection":[{"href":"https:\/\/wydawnictwo.ug.edu.pl\/en\/wp-json\/wp\/v2\/product"}],"about":[{"href":"https:\/\/wydawnictwo.ug.edu.pl\/en\/wp-json\/wp\/v2\/types\/product"}],"wp:featuredmedia":[{"embeddable":true,"href":"https:\/\/wydawnictwo.ug.edu.pl\/en\/wp-json\/wp\/v2\/media\/45225"}],"wp:attachment":[{"href":"https:\/\/wydawnictwo.ug.edu.pl\/en\/wp-json\/wp\/v2\/media?parent=45874"}],"wp:term":[{"taxonomy":"journal","embeddable":true,"href":"https:\/\/wydawnictwo.ug.edu.pl\/en\/wp-json\/wp\/v2\/journal?post=45874"},{"taxonomy":"rodzaj","embeddable":true,"href":"https:\/\/wydawnictwo.ug.edu.pl\/en\/wp-json\/wp\/v2\/rodzaj?post=45874"},{"taxonomy":"seria","embeddable":true,"href":"https:\/\/wydawnictwo.ug.edu.pl\/en\/wp-json\/wp\/v2\/seria?post=45874"},{"taxonomy":"product_brand","embeddable":true,"href":"https:\/\/wydawnictwo.ug.edu.pl\/en\/wp-json\/wp\/v2\/product_brand?post=45874"},{"taxonomy":"product_cat","embeddable":true,"href":"https:\/\/wydawnictwo.ug.edu.pl\/en\/wp-json\/wp\/v2\/product_cat?post=45874"},{"taxonomy":"product_tag","embeddable":true,"href":"https:\/\/wydawnictwo.ug.edu.pl\/en\/wp-json\/wp\/v2\/product_tag?post=45874"}],"curies":[{"name":"wp","href":"https:\/\/api.w.org\/{rel}","templated":true}]}}