{"id":45872,"date":"2025-10-24T12:35:27","date_gmt":"2025-10-24T12:35:27","guid":{"rendered":"https:\/\/wydawnictwo.ug.edu.pl\/ksiegarnia-online\/uncategorized\/bez-granic-poznania-miedzy-jezykiem-umyslem-a-spoleczenstwem-w-kregu-inspiracji-profesora-waldemara-tlokinskiego-w-80-rocznice-urodzin\/"},"modified":"2026-02-10T14:01:42","modified_gmt":"2026-02-10T14:01:42","slug":"bez-granic-poznania-miedzy-jezykiem-umyslem-a-spoleczenstwem-w-kregu-inspiracji-profesora-waldemara-tlokinskiego-w-80-rocznice-urodzin","status":"publish","type":"product","link":"https:\/\/wydawnictwo.ug.edu.pl\/en\/ksiegarnia-online\/biografie\/bez-granic-poznania-miedzy-jezykiem-umyslem-a-spoleczenstwem-w-kregu-inspiracji-profesora-waldemara-tlokinskiego-w-80-rocznice-urodzin\/","title":{"rendered":"Bez granic poznania. Mi\u0119dzy j\u0119zykiem, umys\u0142em a spo\u0142ecze\u0144stwem. W kr\u0119gu inspiracji Profesora Waldemara T\u0142oki\u0144skiego w 80. rocznic\u0119 urodzin"},"content":{"rendered":"","protected":false},"excerpt":{"rendered":"<p>G\u0142\u00f3wnym filarem aktywno\u015bci poznawczej i podmiotem s\u0142u\u017cebno\u015bci w \u017cyciu Profesora Waldemara T\u0142oki\u0144skiego by\u0142 i pozostaje cz\u0142owiek \u2014 w szerokim spektrum relacji. Studia humanistyczne (j\u0119zykoznawstwo) ugruntowa\u0142y w nim mi\u0142o\u015b\u0107 do estetyki s\u0142owa i rozwin\u0119\u0142y kompetencje komunikacyjne, natomiast studia medyczne znacz\u0105co urealni\u0142y spojrzenie na rol\u0119 biologii w ludzkim funkcjonowaniu (neurologia i rehabilitacja medyczna).<\/p>\n<p>Odbyte sta\u017ce z zakresu neurolingwistyki i neuropsychologii u profesora Aleksandra R. \u0141urii w Moskwie nauczy\u0142y Jubilata \u0142\u0105czy\u0107 ocen\u0119 ludzkich zachowa\u0144 ze stanem pracy m\u00f3zgu. Z kolei wieloletnia wsp\u00f3\u0142praca z politologami umo\u017cliwi\u0142a mu g\u0142\u0119bsze zrozumienie znaczenia polityki spo\u0142ecznej w trosce o codzienn\u0105 egzystencj\u0119 obywateli.<\/p>\n<p>Z okazji 80. rocznicy urodzin Profesora Wydawnictwo Uniwersytetu Gda\u0144skiego wsp\u00f3lnie z Wydawnictwem Akademii Ateneum wyda\u0142o ksi\u0119g\u0119 jubileuszow\u0105, stanowi\u0105c\u0105 wyraz uznania dla Jego dorobku naukowego i humanistycznej postawy wobec \u015bwiata.<\/p>\n","protected":false},"featured_media":45219,"template":"","meta":{"_acf_changed":false},"journal":[],"rodzaj":[2602],"seria":[],"product_brand":[],"product_cat":[941],"product_tag":[6830,6829],"class_list":{"0":"post-45872","1":"product","2":"type-product","3":"status-publish","4":"has-post-thumbnail","6":"rodzaj-ksiazki","7":"product_cat-biografie","8":"product_tag-henryk-olszewski","9":"product_tag-marcin-krawczynski","11":"first","12":"instock","13":"taxable","14":"shipping-taxable","15":"purchasable","16":"product-type-simple"},"acf":[],"_links":{"self":[{"href":"https:\/\/wydawnictwo.ug.edu.pl\/en\/wp-json\/wp\/v2\/product\/45872","targetHints":{"allow":["GET"]}}],"collection":[{"href":"https:\/\/wydawnictwo.ug.edu.pl\/en\/wp-json\/wp\/v2\/product"}],"about":[{"href":"https:\/\/wydawnictwo.ug.edu.pl\/en\/wp-json\/wp\/v2\/types\/product"}],"wp:featuredmedia":[{"embeddable":true,"href":"https:\/\/wydawnictwo.ug.edu.pl\/en\/wp-json\/wp\/v2\/media\/45219"}],"wp:attachment":[{"href":"https:\/\/wydawnictwo.ug.edu.pl\/en\/wp-json\/wp\/v2\/media?parent=45872"}],"wp:term":[{"taxonomy":"journal","embeddable":true,"href":"https:\/\/wydawnictwo.ug.edu.pl\/en\/wp-json\/wp\/v2\/journal?post=45872"},{"taxonomy":"rodzaj","embeddable":true,"href":"https:\/\/wydawnictwo.ug.edu.pl\/en\/wp-json\/wp\/v2\/rodzaj?post=45872"},{"taxonomy":"seria","embeddable":true,"href":"https:\/\/wydawnictwo.ug.edu.pl\/en\/wp-json\/wp\/v2\/seria?post=45872"},{"taxonomy":"product_brand","embeddable":true,"href":"https:\/\/wydawnictwo.ug.edu.pl\/en\/wp-json\/wp\/v2\/product_brand?post=45872"},{"taxonomy":"product_cat","embeddable":true,"href":"https:\/\/wydawnictwo.ug.edu.pl\/en\/wp-json\/wp\/v2\/product_cat?post=45872"},{"taxonomy":"product_tag","embeddable":true,"href":"https:\/\/wydawnictwo.ug.edu.pl\/en\/wp-json\/wp\/v2\/product_tag?post=45872"}],"curies":[{"name":"wp","href":"https:\/\/api.w.org\/{rel}","templated":true}]}}