{"id":45871,"date":"2025-10-30T07:36:32","date_gmt":"2025-10-30T07:36:32","guid":{"rendered":"https:\/\/wydawnictwo.ug.edu.pl\/ksiegarnia-online\/uncategorized\/na-jakiego-mesjasza-czeka-kosciol\/"},"modified":"2026-02-10T14:01:39","modified_gmt":"2026-02-10T14:01:39","slug":"na-jakiego-mesjasza-czeka-kosciol","status":"publish","type":"product","link":"https:\/\/wydawnictwo.ug.edu.pl\/en\/ksiegarnia-online\/religioznawstwo\/na-jakiego-mesjasza-czeka-kosciol\/","title":{"rendered":"Na jakiego Mesjasza czeka Ko\u015bci\u00f3\u0142?"},"content":{"rendered":"","protected":false},"excerpt":{"rendered":"<p>Problem przygotowania Ko\u015bcio\u0142a na przyj\u015bcie Mesjasza u ko\u0144ca czas\u00f3w jest aktualny. Wprawdzie nie brakuje publikacji na ten temat, ale najcz\u0119\u015bciej s\u0105 to analizy nieuwzgl\u0119dniaj\u0105ce \u017cydowskiego rodowodu Ko\u015bcio\u0142a. W niniejszej ksi\u0105\u017cce Zbigniew\u00a0<span class=\"hiddenSpellError\">Treppa<\/span>\u00a0przybli\u017ca kwesti\u0119 przygotowa\u0144 do paruzji, respektuj\u0105c korzenie, z kt\u00f3rych wyrasta chrze\u015bcija\u0144stwo, a przede wszystkim nauczanie i dzia\u0142alno\u015b\u0107 Mesjasza, oraz objawion\u0105 przez Niego Prawd\u0119. Opieraj\u0105c si\u0119 na najstarszych przekazach historycznych, demitologizuje dzieje wczesnego chrze\u015bcija\u0144stwa i wzywa do powrotu do \u017ar\u00f3de\u0142 oraz o\u017cywienia\u00a0<span class=\"hiddenGrammarError\">charyzmat\u00f3w\u00a0\u2013\u00a0zw\u0142aszcza<\/span>\u00a0prorockiego, kt\u00f3rym, jego zdaniem, obdarzony jest ka\u017cdy, kto \u015bwiadomie kroczy drog\u0105 Mesjasza.<\/p>\n<p>Przyj\u0119cie takiej perspektywy pozwoli\u0142o autorowi dostrzec, \u017ce w wymiarze instytucjonalnym Ko\u015bci\u00f3\u0142 wyprzedza na swojej drodze Mesjasza, zamiast pokornie pod\u0105\u017ca\u0107 za Nim, natomiast w sferze sprawowania w\u0142adzy dziedziczy rzymski model legalizmu i pryncypializmu. Zbigniew\u00a0<span class=\"hiddenSpellError\">Treppa<\/span>\u00a0wskazuje na przyczyny podzia\u0142\u00f3w w\u00a0<span class=\"hiddenGrammarError\">Ko\u015bciele\u00a0\u2013\u00a0od<\/span>\u00a0wykluczenia\u00a0<span class=\"hiddenSpellError\">jueochrze\u015bcijan<\/span>, przez trwaj\u0105cy od tysi\u0105ca lat roz\u0142am, a\u017c po uporczywe trwanie w tym stanie. Stawia kluczowe pytanie o hierarchi\u0119 warto\u015bci: czy nadrz\u0119dna powinna by\u0107 wierno\u015b\u0107 Prawdzie objawionej przez Boga, czy lojalno\u015b\u0107 wobec tradycji, kt\u00f3r\u0105 na przestrzeni wiek\u00f3w kszta\u0142towali ko\u015bcielni przyw\u00f3dcy.<\/p>\n","protected":false},"featured_media":45215,"template":"","meta":{"_acf_changed":false},"journal":[],"rodzaj":[2602],"seria":[],"product_brand":[],"product_cat":[264],"product_tag":[6897],"class_list":{"0":"post-45871","1":"product","2":"type-product","3":"status-publish","4":"has-post-thumbnail","6":"rodzaj-ksiazki","7":"product_cat-religioznawstwo","8":"product_tag-treppa","10":"first","11":"instock","12":"taxable","13":"shipping-taxable","14":"product-type-simple"},"acf":[],"_links":{"self":[{"href":"https:\/\/wydawnictwo.ug.edu.pl\/en\/wp-json\/wp\/v2\/product\/45871","targetHints":{"allow":["GET"]}}],"collection":[{"href":"https:\/\/wydawnictwo.ug.edu.pl\/en\/wp-json\/wp\/v2\/product"}],"about":[{"href":"https:\/\/wydawnictwo.ug.edu.pl\/en\/wp-json\/wp\/v2\/types\/product"}],"wp:featuredmedia":[{"embeddable":true,"href":"https:\/\/wydawnictwo.ug.edu.pl\/en\/wp-json\/wp\/v2\/media\/45215"}],"wp:attachment":[{"href":"https:\/\/wydawnictwo.ug.edu.pl\/en\/wp-json\/wp\/v2\/media?parent=45871"}],"wp:term":[{"taxonomy":"journal","embeddable":true,"href":"https:\/\/wydawnictwo.ug.edu.pl\/en\/wp-json\/wp\/v2\/journal?post=45871"},{"taxonomy":"rodzaj","embeddable":true,"href":"https:\/\/wydawnictwo.ug.edu.pl\/en\/wp-json\/wp\/v2\/rodzaj?post=45871"},{"taxonomy":"seria","embeddable":true,"href":"https:\/\/wydawnictwo.ug.edu.pl\/en\/wp-json\/wp\/v2\/seria?post=45871"},{"taxonomy":"product_brand","embeddable":true,"href":"https:\/\/wydawnictwo.ug.edu.pl\/en\/wp-json\/wp\/v2\/product_brand?post=45871"},{"taxonomy":"product_cat","embeddable":true,"href":"https:\/\/wydawnictwo.ug.edu.pl\/en\/wp-json\/wp\/v2\/product_cat?post=45871"},{"taxonomy":"product_tag","embeddable":true,"href":"https:\/\/wydawnictwo.ug.edu.pl\/en\/wp-json\/wp\/v2\/product_tag?post=45871"}],"curies":[{"name":"wp","href":"https:\/\/api.w.org\/{rel}","templated":true}]}}