{"id":45870,"date":"2025-10-30T07:49:20","date_gmt":"2025-10-30T07:49:20","guid":{"rendered":"https:\/\/wydawnictwo.ug.edu.pl\/ksiegarnia-online\/uncategorized\/analisis-estilistico-de-monumentos-literarios-espanoles-parte-2\/"},"modified":"2026-02-10T14:01:35","modified_gmt":"2026-02-10T14:01:35","slug":"analisis-estilistico-de-monumentos-literarios-espanoles-parte-2","status":"publish","type":"product","link":"https:\/\/wydawnictwo.ug.edu.pl\/en\/ksiegarnia-online\/literaturoznawstwo\/analisis-estilistico-de-monumentos-literarios-espanoles-parte-2\/","title":{"rendered":"An\u00e1lisis estil\u00edstico de monumentos literarios espa\u00f1oles. Parte 2"},"content":{"rendered":"","protected":false},"excerpt":{"rendered":"<p><em>An\u00e1lisis estil\u00edstico de monumentos literarios espa\u00f1oles. Parte 2. Siglos de Oro<\/em><\/p>\n<p>La monograf\u00eda rese\u00f1ada, cuyo objeto es el an\u00e1lisis del estilo literario de una selecci\u00f3n de obras de la literatura espa\u00f1ola del Renacimiento y el Barroco, constituye un ambicioso intento de describir los fen\u00f3me\u00adnos est\u00e9ticos y ling\u00fc\u00edsticos en su contexto hist\u00f3rico y cultural. Desde el principio, cabe destacar que la autora ha emprendido una tarea dif\u00edcil, que requiere tanto amplios conocimientos como precisi\u00f3n\u00a0 anal\u00edtica. El estilo literario del Siglo de Oro espa\u00f1ol se caracteriza por una gran diversidad, resultado de los cambios est\u00e9ticos (la transici\u00f3n de los ideales de armon\u00eda renacentista a la expresi\u00f3n barroca), as\u00ed como de las marcadas diferencias en los idiolectos de los distintos au\u00adtores. Tambi\u00e9n hay que tener en cuenta que el Siglo de Oro en Espa\u00f1a fue una \u00e9poca excepcional, un periodo de extraordinario florecimien\u00adto de la literatura, el arte y el teatro, cuyas obras m\u00e1s importantes no solo dieron forma a la historia de la literatura espa\u00f1ola, sino que tambi\u00e9n pasaron a formar parte del canon de la literatura mundial.<\/p>\n<p>La autora es consciente del gran reto que se ha propuesto: como ella misma se\u00f1ala, su monograf\u00eda es de car\u00e1cter selectivo, lo cual es inevi\u00adtable con un tema tan amplio. El propio t\u00edtulo indica que el campo de investigaci\u00f3n se limita a los llamados \u201cmonumentos\u201d de la literatura espa\u00f1ola, es decir, a las obras de los autores considerados los m\u00e1s importantes de la \u00e9poca.<\/p>\n<p style=\"text-align: right;\">\u00a0De la rese\u00f1a de la Prof\u00aa. UW Dr\u00aa. Hab. Karolina Kumor<\/p>\n","protected":false},"featured_media":45212,"template":"","meta":{"_acf_changed":false},"journal":[],"rodzaj":[7074],"seria":[],"product_brand":[],"product_cat":[6925],"product_tag":[7405],"class_list":{"0":"post-45870","1":"product","2":"type-product","3":"status-publish","4":"has-post-thumbnail","6":"rodzaj-ksiazki","7":"product_cat-literaturoznawstwo","8":"product_tag-inna-shaludko","10":"first","11":"instock","12":"taxable","13":"shipping-taxable","14":"purchasable","15":"product-type-simple"},"acf":[],"_links":{"self":[{"href":"https:\/\/wydawnictwo.ug.edu.pl\/en\/wp-json\/wp\/v2\/product\/45870","targetHints":{"allow":["GET"]}}],"collection":[{"href":"https:\/\/wydawnictwo.ug.edu.pl\/en\/wp-json\/wp\/v2\/product"}],"about":[{"href":"https:\/\/wydawnictwo.ug.edu.pl\/en\/wp-json\/wp\/v2\/types\/product"}],"wp:featuredmedia":[{"embeddable":true,"href":"https:\/\/wydawnictwo.ug.edu.pl\/en\/wp-json\/wp\/v2\/media\/45212"}],"wp:attachment":[{"href":"https:\/\/wydawnictwo.ug.edu.pl\/en\/wp-json\/wp\/v2\/media?parent=45870"}],"wp:term":[{"taxonomy":"journal","embeddable":true,"href":"https:\/\/wydawnictwo.ug.edu.pl\/en\/wp-json\/wp\/v2\/journal?post=45870"},{"taxonomy":"rodzaj","embeddable":true,"href":"https:\/\/wydawnictwo.ug.edu.pl\/en\/wp-json\/wp\/v2\/rodzaj?post=45870"},{"taxonomy":"seria","embeddable":true,"href":"https:\/\/wydawnictwo.ug.edu.pl\/en\/wp-json\/wp\/v2\/seria?post=45870"},{"taxonomy":"product_brand","embeddable":true,"href":"https:\/\/wydawnictwo.ug.edu.pl\/en\/wp-json\/wp\/v2\/product_brand?post=45870"},{"taxonomy":"product_cat","embeddable":true,"href":"https:\/\/wydawnictwo.ug.edu.pl\/en\/wp-json\/wp\/v2\/product_cat?post=45870"},{"taxonomy":"product_tag","embeddable":true,"href":"https:\/\/wydawnictwo.ug.edu.pl\/en\/wp-json\/wp\/v2\/product_tag?post=45870"}],"curies":[{"name":"wp","href":"https:\/\/api.w.org\/{rel}","templated":true}]}}