{"id":45868,"date":"2025-10-31T13:09:43","date_gmt":"2025-10-31T13:09:43","guid":{"rendered":"https:\/\/wydawnictwo.ug.edu.pl\/ksiegarnia-online\/uncategorized\/etnografia-praktyki-teorie-doswiadczenia-nr-10\/"},"modified":"2026-02-10T14:01:33","modified_gmt":"2026-02-10T14:01:33","slug":"etnografia-praktyki-teorie-doswiadczenia-nr-10","status":"publish","type":"product","link":"https:\/\/wydawnictwo.ug.edu.pl\/en\/ksiegarnia-online\/etnologia-i-antropologia-kulturowa\/etnografia-praktyki-teorie-doswiadczenia-nr-10\/","title":{"rendered":"Etnografia. Praktyki, Teorie, Do\u015bwiadczenia. Nr 10"},"content":{"rendered":"","protected":false},"excerpt":{"rendered":"<p>Czasopismo \u201eEtnografia. Praktyki, Teorie, Do\u015bwiadczenia\u201d jest periodykiem naukowym, w kt\u00f3rym zamieszczane s\u0105 artyku\u0142y naukowe oraz inne teksty naukowe z zakresu antropologii kulturowej\/etnologii, socjologii, pedagogiki, historii, folklorystyki, studi\u00f3w kulturowych oraz innych dyscyplin\u00a0 nauk spo\u0142ecznych i humanistycznych stosuj\u0105cych etnografi\u0119 jako praktyk\u0119 badawcz\u0105. Czasopismo jest rocznikiem. Wersja pierwotna czasopisma jest wersj\u0105 elektroniczn\u0105 w formule <em>open access<\/em>.<\/p>\n","protected":false},"featured_media":45207,"template":"","meta":{"_acf_changed":false},"journal":[7073],"rodzaj":[7075,7077],"seria":[],"product_brand":[],"product_cat":[6970],"product_tag":[7401,7402],"class_list":{"0":"post-45868","1":"product","2":"type-product","3":"status-publish","4":"has-post-thumbnail","6":"journal-etnografia-praktyki-teorie-doswiadczenia","7":"rodzaj-e-book","8":"rodzaj-czasopismo","9":"product_cat-etnologia-i-antropologia-kulturowa","10":"product_tag-oyungerel-tangad","11":"product_tag-tarzycjusz-bulinskitarzycjusz-bulinski","13":"first","14":"instock","15":"taxable","16":"shipping-taxable","17":"product-type-external"},"acf":[],"_links":{"self":[{"href":"https:\/\/wydawnictwo.ug.edu.pl\/en\/wp-json\/wp\/v2\/product\/45868","targetHints":{"allow":["GET"]}}],"collection":[{"href":"https:\/\/wydawnictwo.ug.edu.pl\/en\/wp-json\/wp\/v2\/product"}],"about":[{"href":"https:\/\/wydawnictwo.ug.edu.pl\/en\/wp-json\/wp\/v2\/types\/product"}],"wp:featuredmedia":[{"embeddable":true,"href":"https:\/\/wydawnictwo.ug.edu.pl\/en\/wp-json\/wp\/v2\/media\/45207"}],"wp:attachment":[{"href":"https:\/\/wydawnictwo.ug.edu.pl\/en\/wp-json\/wp\/v2\/media?parent=45868"}],"wp:term":[{"taxonomy":"journal","embeddable":true,"href":"https:\/\/wydawnictwo.ug.edu.pl\/en\/wp-json\/wp\/v2\/journal?post=45868"},{"taxonomy":"rodzaj","embeddable":true,"href":"https:\/\/wydawnictwo.ug.edu.pl\/en\/wp-json\/wp\/v2\/rodzaj?post=45868"},{"taxonomy":"seria","embeddable":true,"href":"https:\/\/wydawnictwo.ug.edu.pl\/en\/wp-json\/wp\/v2\/seria?post=45868"},{"taxonomy":"product_brand","embeddable":true,"href":"https:\/\/wydawnictwo.ug.edu.pl\/en\/wp-json\/wp\/v2\/product_brand?post=45868"},{"taxonomy":"product_cat","embeddable":true,"href":"https:\/\/wydawnictwo.ug.edu.pl\/en\/wp-json\/wp\/v2\/product_cat?post=45868"},{"taxonomy":"product_tag","embeddable":true,"href":"https:\/\/wydawnictwo.ug.edu.pl\/en\/wp-json\/wp\/v2\/product_tag?post=45868"}],"curies":[{"name":"wp","href":"https:\/\/api.w.org\/{rel}","templated":true}]}}