{"id":45866,"date":"2025-11-19T07:26:33","date_gmt":"2025-11-19T07:26:33","guid":{"rendered":"https:\/\/wydawnictwo.ug.edu.pl\/ksiegarnia-online\/uncategorized\/dwie-stocznie\/"},"modified":"2026-02-10T14:01:29","modified_gmt":"2026-02-10T14:01:29","slug":"dwie-stocznie","status":"publish","type":"product","link":"https:\/\/wydawnictwo.ug.edu.pl\/en\/ksiegarnia-online\/historia\/dwie-stocznie\/","title":{"rendered":"Dwie Stocznie"},"content":{"rendered":"","protected":false},"excerpt":{"rendered":"<p><em>Dwie Stocznie. Budowa statk\u00f3w od socjalizmu do Unii Europejskiej<\/em><\/p>\n<p>W latach 90. XX wieku pa\u0144stwa Europy \u015arodkowo-Wschodniej przesz\u0142y radykaln\u0105 transformacj\u0119 \u2013 od gospodarki socjalistycznej i system\u00f3w jednopartyjnych do wolnego rynku i demokracji liberalnych. W tym procesie dwie stocznie, niegdy\u015b dumne symbole Gdyni i chorwackiej Puli, stopniowo traci\u0142y znaczenie i ostatecznie upad\u0142y, nie wytrzymuj\u0105c globalnej konkurencji i unijnych regulacji.<\/p>\n<p>Ksi\u0105\u017cka <em>Dwie Stocznie <\/em>ukazuje te przemiany z r\u00f3\u017cnych perspektyw: antropologii spo\u0142ecznej, socjologii i historii biznesu, z histori\u0105 polityczn\u0105 w tle. \u0141\u0105cz\u0105c analizy lokalnych \u015bwiat\u00f3w pracy i globalnych si\u0142 rynkowych, ods\u0142ania sprzeczno\u015bci postkomunistycznej transformacji. Autorzy rozpoczynaj\u0105 swoj\u0105 opowie\u015b\u0107 w po\u0142owie lat 70. \u2013 od \u015bwiatowego kryzysu naftowego, ale te\u017c otwarcia drugiego suchego doku w Gdyni. Ko\u0144cz\u0105 natomiast wej\u015bciem Polski, a potem Chorwacji do Unii Europejskiej i jego skutkami dla przemys\u0142u stoczniowego.<\/p>\n<p>Ksi\u0105\u017cka wydana w serii Gdynia w Nowym \u015awietle.<\/p>\n<p>Wsp\u00f3\u0142wydawca: Muzeum Miasta Gdyni<\/p>\n<p><img decoding=\"async\" class=\"alignnone wp-image-26893\" src=\"https:\/\/wydawnictwo.ug.edu.pl\/wp-content\/uploads\/2023\/11\/znak-MMG-wariant-poziomy-300x93.png\" alt=\"\" width=\"132\" height=\"41\" srcset=\"https:\/\/wydawnictwo.ug.edu.pl\/wp-content\/uploads\/2023\/11\/znak-MMG-wariant-poziomy-300x93.png 300w, https:\/\/wydawnictwo.ug.edu.pl\/wp-content\/uploads\/2023\/11\/znak-MMG-wariant-poziomy-600x185.png 600w, https:\/\/wydawnictwo.ug.edu.pl\/wp-content\/uploads\/2023\/11\/znak-MMG-wariant-poziomy-1024x316.png 1024w, https:\/\/wydawnictwo.ug.edu.pl\/wp-content\/uploads\/2023\/11\/znak-MMG-wariant-poziomy-768x237.png 768w, https:\/\/wydawnictwo.ug.edu.pl\/wp-content\/uploads\/2023\/11\/znak-MMG-wariant-poziomy-1536x474.png 1536w, https:\/\/wydawnictwo.ug.edu.pl\/wp-content\/uploads\/2023\/11\/znak-MMG-wariant-poziomy-2048x633.png 2048w, https:\/\/wydawnictwo.ug.edu.pl\/wp-content\/uploads\/2023\/11\/znak-MMG-wariant-poziomy-640x198.png 640w, https:\/\/wydawnictwo.ug.edu.pl\/wp-content\/uploads\/2023\/11\/znak-MMG-wariant-poziomy-400x124.png 400w\" sizes=\"(max-width: 132px) 100vw, 132px\" \/><\/p>\n","protected":false},"featured_media":45199,"template":"","meta":{"_acf_changed":false},"journal":[],"rodzaj":[7074],"seria":[7084],"product_brand":[],"product_cat":[6958],"product_tag":[7395,7396,7397,7398,7399,7400],"class_list":{"0":"post-45866","1":"product","2":"type-product","3":"status-publish","4":"has-post-thumbnail","6":"rodzaj-ksiazki","7":"seria-gdynia-w-nowym-swietle","8":"product_cat-historia","9":"product_tag-andrew-hodges","10":"product_tag-peter-wegenschimmel","11":"product_tag-philipp-ther","12":"product_tag-piotr-filipkowski","13":"product_tag-stephano-petrungaro","14":"product_tag-ulf-brunnbauer","16":"first","17":"instock","18":"taxable","19":"shipping-taxable","20":"purchasable","21":"product-type-simple"},"acf":[],"jetpack_sharing_enabled":true,"_links":{"self":[{"href":"https:\/\/wydawnictwo.ug.edu.pl\/en\/wp-json\/wp\/v2\/product\/45866","targetHints":{"allow":["GET"]}}],"collection":[{"href":"https:\/\/wydawnictwo.ug.edu.pl\/en\/wp-json\/wp\/v2\/product"}],"about":[{"href":"https:\/\/wydawnictwo.ug.edu.pl\/en\/wp-json\/wp\/v2\/types\/product"}],"wp:featuredmedia":[{"embeddable":true,"href":"https:\/\/wydawnictwo.ug.edu.pl\/en\/wp-json\/wp\/v2\/media\/45199"}],"wp:attachment":[{"href":"https:\/\/wydawnictwo.ug.edu.pl\/en\/wp-json\/wp\/v2\/media?parent=45866"}],"wp:term":[{"taxonomy":"journal","embeddable":true,"href":"https:\/\/wydawnictwo.ug.edu.pl\/en\/wp-json\/wp\/v2\/journal?post=45866"},{"taxonomy":"rodzaj","embeddable":true,"href":"https:\/\/wydawnictwo.ug.edu.pl\/en\/wp-json\/wp\/v2\/rodzaj?post=45866"},{"taxonomy":"seria","embeddable":true,"href":"https:\/\/wydawnictwo.ug.edu.pl\/en\/wp-json\/wp\/v2\/seria?post=45866"},{"taxonomy":"product_brand","embeddable":true,"href":"https:\/\/wydawnictwo.ug.edu.pl\/en\/wp-json\/wp\/v2\/product_brand?post=45866"},{"taxonomy":"product_cat","embeddable":true,"href":"https:\/\/wydawnictwo.ug.edu.pl\/en\/wp-json\/wp\/v2\/product_cat?post=45866"},{"taxonomy":"product_tag","embeddable":true,"href":"https:\/\/wydawnictwo.ug.edu.pl\/en\/wp-json\/wp\/v2\/product_tag?post=45866"}],"curies":[{"name":"wp","href":"https:\/\/api.w.org\/{rel}","templated":true}]}}