{"id":45861,"date":"2025-11-26T13:38:46","date_gmt":"2025-11-26T13:38:46","guid":{"rendered":"https:\/\/wydawnictwo.ug.edu.pl\/ksiegarnia-online\/uncategorized\/z-milosci-do-maszyn-sztuka-tanca-na-tajwanie-jako-terytorium-wplywow\/"},"modified":"2026-04-02T13:03:20","modified_gmt":"2026-04-02T13:03:20","slug":"z-milosci-do-maszyn-sztuka-tanca-na-tajwanie-jako-terytorium-wplywow","status":"publish","type":"product","link":"https:\/\/wydawnictwo.ug.edu.pl\/en\/ksiegarnia-online\/sztuka\/z-milosci-do-maszyn-sztuka-tanca-na-tajwanie-jako-terytorium-wplywow\/","title":{"rendered":"Z mi\u0142o\u015bci do maszyn. Sztuka ta\u0144ca na Tajwanie jako terytorium wp\u0142yw\u00f3w"},"content":{"rendered":"","protected":false},"excerpt":{"rendered":"<p>\u201eAutorce z powodzeniem udaje si\u0119 karko\u0142omna nawigacja przez zawi\u0142o\u015bci tajwa\u0144\u00adskiej tera\u017aniejszo\u015bci. Ten niezwykle ciekawy, pog\u0142\u0119biony szkic osadza wsp\u00f3\u0142czesny tajwa\u0144ski teatr ta\u0144ca na siatce z\u0142o\u017conych uwarunkowa\u0144 i powi\u0105za\u0144, kt\u00f3re deter\u00adminuj\u0105 nie tylko to, co arty\u015bci na Tajwanie tworz\u0105, ale r\u00f3wnie\u017cto, jak funkcjonuj\u0105 jako ludzie sztuki i jaki wp\u0142yw ich wytwory maj\u0105 i potencjalnie mog\u0105 mie\u0107 na lokaln\u0105 tera\u017aniejszo\u015b\u0107\u201d.<\/p>\n<p style=\"text-align: right;\"><em>dr hab. Marcin Jacoby, prof. Uniwersytetu SWPS<\/em><\/p>\n<p>\u201eAnna Gryszkiewicz z wielkim talentem prezentuje narodziny i rozw\u00f3j nowej sztuki ta\u0144ca na tle skomplikowanych dziej\u00f3w Tajwanu. Wnikliwie dekonstruuje mapy wyspy, zar\u00f3wno geograficzne, jak i historyczne, ujawnia gry w\u0142adzy wpl\u0105tane w kartografi\u0119. Ukazuje geologi\u0119 jako \u017ar\u00f3d\u0142o walk politycznych i kulturowych. Dowodzi, \u017ce cho\u0107 globalne firmy wykorzystuj\u0105 wstrz\u0105sy sejsmiczne do narzucania obcych narracji to\u017csamo\u015bciowych, o sukcesie gospodarczym Tajwanu ostatecznie jednak zadecydowa\u0142a tw\u00f3rcza transformacja globalnych \u00abwp\u0142yw\u00f3w\u00bb w lokalne osi\u0105gni\u0119cia\u201d.<\/p>\n<p style=\"text-align: right;\"><em>prof. dr hab. Miros\u0142aw Kocur<\/em><\/p>\n","protected":false},"featured_media":45169,"template":"","meta":{"_acf_changed":false},"journal":[],"rodzaj":[7074],"seria":[],"product_brand":[],"product_cat":[6939],"product_tag":[],"class_list":{"0":"post-45861","1":"product","2":"type-product","3":"status-publish","4":"has-post-thumbnail","6":"rodzaj-ksiazki","7":"product_cat-sztuka","9":"first","10":"instock","11":"taxable","12":"shipping-taxable","13":"purchasable","14":"product-type-simple"},"acf":[],"_links":{"self":[{"href":"https:\/\/wydawnictwo.ug.edu.pl\/en\/wp-json\/wp\/v2\/product\/45861","targetHints":{"allow":["GET"]}}],"collection":[{"href":"https:\/\/wydawnictwo.ug.edu.pl\/en\/wp-json\/wp\/v2\/product"}],"about":[{"href":"https:\/\/wydawnictwo.ug.edu.pl\/en\/wp-json\/wp\/v2\/types\/product"}],"wp:featuredmedia":[{"embeddable":true,"href":"https:\/\/wydawnictwo.ug.edu.pl\/en\/wp-json\/wp\/v2\/media\/45169"}],"wp:attachment":[{"href":"https:\/\/wydawnictwo.ug.edu.pl\/en\/wp-json\/wp\/v2\/media?parent=45861"}],"wp:term":[{"taxonomy":"journal","embeddable":true,"href":"https:\/\/wydawnictwo.ug.edu.pl\/en\/wp-json\/wp\/v2\/journal?post=45861"},{"taxonomy":"rodzaj","embeddable":true,"href":"https:\/\/wydawnictwo.ug.edu.pl\/en\/wp-json\/wp\/v2\/rodzaj?post=45861"},{"taxonomy":"seria","embeddable":true,"href":"https:\/\/wydawnictwo.ug.edu.pl\/en\/wp-json\/wp\/v2\/seria?post=45861"},{"taxonomy":"product_brand","embeddable":true,"href":"https:\/\/wydawnictwo.ug.edu.pl\/en\/wp-json\/wp\/v2\/product_brand?post=45861"},{"taxonomy":"product_cat","embeddable":true,"href":"https:\/\/wydawnictwo.ug.edu.pl\/en\/wp-json\/wp\/v2\/product_cat?post=45861"},{"taxonomy":"product_tag","embeddable":true,"href":"https:\/\/wydawnictwo.ug.edu.pl\/en\/wp-json\/wp\/v2\/product_tag?post=45861"}],"curies":[{"name":"wp","href":"https:\/\/api.w.org\/{rel}","templated":true}]}}