{"id":45859,"date":"2025-12-03T07:36:33","date_gmt":"2025-12-03T07:36:33","guid":{"rendered":"https:\/\/wydawnictwo.ug.edu.pl\/ksiegarnia-online\/uncategorized\/innowacje-jako-efekt-wspolpracy-przedsiebiorstw-przemyslu-stoczniowego-i-uczelni-technicznych-perspektywa-przedsiebiorcy\/"},"modified":"2026-04-01T10:09:12","modified_gmt":"2026-04-01T10:09:12","slug":"innowacje-jako-efekt-wspolpracy-przedsiebiorstw-przemyslu-stoczniowego-i-uczelni-technicznych-perspektywa-przedsiebiorcy","status":"publish","type":"product","link":"https:\/\/wydawnictwo.ug.edu.pl\/en\/ksiegarnia-online\/zarzadzanie\/innowacje-jako-efekt-wspolpracy-przedsiebiorstw-przemyslu-stoczniowego-i-uczelni-technicznych-perspektywa-przedsiebiorcy\/","title":{"rendered":"Innowacje jako efekt wsp\u00f3\u0142pracy przedsi\u0119biorstw przemys\u0142u stoczniowego i uczelni technicznych \u2013 perspektywa przedsi\u0119biorcy"},"content":{"rendered":"","protected":false},"excerpt":{"rendered":"<p>Problematyka pracy <em>Innowacje jako efekt wsp\u00f3\u0142pracy przedsi\u0119biorstw przemys\u0142u stoczniowego i uczelni technicznych \u2013 perspektywa przedsi\u0119biorcy <\/em>jest bardzo aktualna, silnie osadzona we wsp\u00f3\u0142czesnych wyzwaniach gospodarki \u015bwiatowej. Autorki, zaw\u0119\u017caj\u0105c tematyk\u0119 pracy do przemys\u0142u stoczniowego w Polsce, zidentyfikowa\u0142y znacz\u0105c\u0105 luk\u0119 badawcz\u0105, kt\u00f3r\u0105 staraj\u0105 si\u0119 wype\u0142ni\u0107 swoimi badaniami. Oryginalno\u015b\u0107 podj\u0119tej problematyki oceniam r\u00f3wnie\u017c wysoko. Po\u0142\u0105czenie koncepcji otwartych innowacji z teori\u0105 wsp\u00f3\u0142pracy mi\u0119dzy przedsi\u0119biorstwami a uczelniami wy\u017cszymi w kontek\u015bcie przemys\u0142u stoczniowego stanowi unikaln\u0105 perspektyw\u0119 badawcz\u0105. Autorki nie tylko prowadz\u0105 teoretyczne rozwa\u017cania, ale r\u00f3wnie\u017c podejmuj\u0105 pr\u00f3b\u0119 empirycznej oceny wsp\u00f3\u0142pracy nauki z biznesem na podstawie bada\u0144 w sze\u015bciu celowo dobranych polskich przedsi\u0119biorstwach stoczniowych, kt\u00f3re mog\u0105 dostarczy\u0107 wa\u017cnych wskaz\u00f3wek odno\u015bnie do projektowania i rozwoju efektywnych modeli wsp\u00f3\u0142pracy sprzyjaj\u0105cych rozwojowi innowacji.<\/p>\n<p style=\"text-align: right;\"><em>Z recenzji dr hab. in\u017c. Anny Lis, prof. PG<\/em><\/p>\n","protected":false},"featured_media":45162,"template":"","meta":{"_acf_changed":false},"journal":[],"rodzaj":[2602],"seria":[],"product_brand":[],"product_cat":[268,850],"product_tag":[970,437,6886],"class_list":{"0":"post-45859","1":"product","2":"type-product","3":"status-publish","4":"has-post-thumbnail","6":"rodzaj-ksiazki","7":"product_cat-zarzadzanie","8":"product_cat-nowosci","9":"product_tag-anita-szymanska","10":"product_tag-emilia-dobrowolska","11":"product_tag-joanna-litwin","13":"first","14":"instock","15":"taxable","16":"shipping-taxable","17":"purchasable","18":"product-type-simple"},"acf":[],"_links":{"self":[{"href":"https:\/\/wydawnictwo.ug.edu.pl\/en\/wp-json\/wp\/v2\/product\/45859","targetHints":{"allow":["GET"]}}],"collection":[{"href":"https:\/\/wydawnictwo.ug.edu.pl\/en\/wp-json\/wp\/v2\/product"}],"about":[{"href":"https:\/\/wydawnictwo.ug.edu.pl\/en\/wp-json\/wp\/v2\/types\/product"}],"wp:featuredmedia":[{"embeddable":true,"href":"https:\/\/wydawnictwo.ug.edu.pl\/en\/wp-json\/wp\/v2\/media\/45162"}],"wp:attachment":[{"href":"https:\/\/wydawnictwo.ug.edu.pl\/en\/wp-json\/wp\/v2\/media?parent=45859"}],"wp:term":[{"taxonomy":"journal","embeddable":true,"href":"https:\/\/wydawnictwo.ug.edu.pl\/en\/wp-json\/wp\/v2\/journal?post=45859"},{"taxonomy":"rodzaj","embeddable":true,"href":"https:\/\/wydawnictwo.ug.edu.pl\/en\/wp-json\/wp\/v2\/rodzaj?post=45859"},{"taxonomy":"seria","embeddable":true,"href":"https:\/\/wydawnictwo.ug.edu.pl\/en\/wp-json\/wp\/v2\/seria?post=45859"},{"taxonomy":"product_brand","embeddable":true,"href":"https:\/\/wydawnictwo.ug.edu.pl\/en\/wp-json\/wp\/v2\/product_brand?post=45859"},{"taxonomy":"product_cat","embeddable":true,"href":"https:\/\/wydawnictwo.ug.edu.pl\/en\/wp-json\/wp\/v2\/product_cat?post=45859"},{"taxonomy":"product_tag","embeddable":true,"href":"https:\/\/wydawnictwo.ug.edu.pl\/en\/wp-json\/wp\/v2\/product_tag?post=45859"}],"curies":[{"name":"wp","href":"https:\/\/api.w.org\/{rel}","templated":true}]}}