{"id":45853,"date":"2025-12-04T13:28:29","date_gmt":"2025-12-04T13:28:29","guid":{"rendered":"https:\/\/wydawnictwo.ug.edu.pl\/ksiegarnia-online\/uncategorized\/slowotworstwo-kaszubskiego-przymiotnika-formacje-dewerbalne\/"},"modified":"2026-02-19T09:15:54","modified_gmt":"2026-02-19T09:15:54","slug":"slowotworstwo-kaszubskiego-przymiotnika-formacje-dewerbalne","status":"publish","type":"product","link":"https:\/\/wydawnictwo.ug.edu.pl\/en\/ksiegarnia-online\/jezykoznawstwo\/slowotworstwo-kaszubskiego-przymiotnika-formacje-dewerbalne\/","title":{"rendered":"S\u0142owotw\u00f3rstwo kaszubskiego przymiotnika. Formacje dewerbalne"},"content":{"rendered":"","protected":false},"excerpt":{"rendered":"<p>Prezentowany tom stanowi drug\u0105 cz\u0119\u015b\u0107 opisu tworzenia kaszubskich przymiotnik\u00f3w (zob. <em>S\u0142owotw\u00f3rstwo kaszubskiego przymiotnika. Formacje denominalne <\/em>\u2013 Milewska 2013). Po\u015bwi\u0119cam go \u2013 zgodnie z uczynion\u0105 wcze\u015bniej zapowiedzi\u0105 \u2013 derywatom motywowanym przez czasowniki. Dope\u0142ni to rozwa\u017cania na temat s\u0142owotw\u00f3rstwa wymienionej cz\u0119\u015bci mowy. Formacje odprzymiotnikowe wyczerpuj\u0105co opracowa\u0142a Jadwiga Majowa (1983a; 1983b; 1986; 1990) oraz \u2013 na szerokim tle s\u0142owia\u0144skim \u2013 Lidia Trze\u015bniowska (1975; 1996). Przymiotniki z\u0142o\u017cone w gwarach polskich z uwzgl\u0119dnieniem obszaru kaszubskiego omawia natomiast Helena Grochola\u2011Szczepanek (2006).<\/p>\n<p>M\u00f3wi\u0105c o kaszubszczy\u017anie, mam na my\u015bli jej odmian\u0119 \u017cyw\u0105, ludow\u0105, dialektaln\u0105. Zachowuje ona pewn\u0105 odr\u0119bno\u015b\u0107 wobec rozwijaj\u0105cej si\u0119 co najmniej od po\u0142owy XIX wieku (od czas\u00f3w Floriana Ceynowy) kaszubszczyzny literackiej, pisanej, uprawianej \u015bwiadomie w celu podniesienia rangi j\u0119zyka oraz poszerzenia jego funkcji komunikacyjnych i spo\u0142ecznych (zob. Treder 2001a; Zieniukowa 2007). Dialekt zawsze by\u0142 i musi pozostawa\u0107 dla badacza w centrum uwagi, poniewa\u017c on w\u0142a\u015bnie stanowi serce systemu i niezb\u0119dny punkt odniesienia dla wszelkich dalszych docieka\u0144, dyskusji i dzia\u0142a\u0144.<\/p>\n<p style=\"text-align: right;\"><em>Ze Wst\u0119pu<\/em><\/p>\n","protected":false},"featured_media":45116,"template":"","meta":{"_acf_changed":false},"journal":[],"rodzaj":[7074],"seria":[],"product_brand":[],"product_cat":[6924],"product_tag":[7381],"class_list":{"0":"post-45853","1":"product","2":"type-product","3":"status-publish","4":"has-post-thumbnail","6":"rodzaj-ksiazki","7":"product_cat-jezykoznawstwo","8":"product_tag-beata-milewska","10":"first","11":"instock","12":"taxable","13":"shipping-taxable","14":"purchasable","15":"product-type-simple"},"acf":[],"_links":{"self":[{"href":"https:\/\/wydawnictwo.ug.edu.pl\/en\/wp-json\/wp\/v2\/product\/45853","targetHints":{"allow":["GET"]}}],"collection":[{"href":"https:\/\/wydawnictwo.ug.edu.pl\/en\/wp-json\/wp\/v2\/product"}],"about":[{"href":"https:\/\/wydawnictwo.ug.edu.pl\/en\/wp-json\/wp\/v2\/types\/product"}],"wp:featuredmedia":[{"embeddable":true,"href":"https:\/\/wydawnictwo.ug.edu.pl\/en\/wp-json\/wp\/v2\/media\/45116"}],"wp:attachment":[{"href":"https:\/\/wydawnictwo.ug.edu.pl\/en\/wp-json\/wp\/v2\/media?parent=45853"}],"wp:term":[{"taxonomy":"journal","embeddable":true,"href":"https:\/\/wydawnictwo.ug.edu.pl\/en\/wp-json\/wp\/v2\/journal?post=45853"},{"taxonomy":"rodzaj","embeddable":true,"href":"https:\/\/wydawnictwo.ug.edu.pl\/en\/wp-json\/wp\/v2\/rodzaj?post=45853"},{"taxonomy":"seria","embeddable":true,"href":"https:\/\/wydawnictwo.ug.edu.pl\/en\/wp-json\/wp\/v2\/seria?post=45853"},{"taxonomy":"product_brand","embeddable":true,"href":"https:\/\/wydawnictwo.ug.edu.pl\/en\/wp-json\/wp\/v2\/product_brand?post=45853"},{"taxonomy":"product_cat","embeddable":true,"href":"https:\/\/wydawnictwo.ug.edu.pl\/en\/wp-json\/wp\/v2\/product_cat?post=45853"},{"taxonomy":"product_tag","embeddable":true,"href":"https:\/\/wydawnictwo.ug.edu.pl\/en\/wp-json\/wp\/v2\/product_tag?post=45853"}],"curies":[{"name":"wp","href":"https:\/\/api.w.org\/{rel}","templated":true}]}}