{"id":45850,"date":"2025-12-05T12:30:40","date_gmt":"2025-12-05T12:30:40","guid":{"rendered":"https:\/\/wydawnictwo.ug.edu.pl\/ksiegarnia-online\/uncategorized\/transport-w-lancuchach-wartosci\/"},"modified":"2026-02-19T09:16:20","modified_gmt":"2026-02-19T09:16:20","slug":"transport-w-lancuchach-wartosci","status":"publish","type":"product","link":"https:\/\/wydawnictwo.ug.edu.pl\/en\/ksiegarnia-online\/ekonomia\/transport-w-lancuchach-wartosci\/","title":{"rendered":"Transport w \u0142a\u0144cuchach warto\u015bci"},"content":{"rendered":"","protected":false},"excerpt":{"rendered":"<p>Monografia przedstawia rol\u0119 transportu jako kluczowego ogniwa wsp\u00f3\u0142czesnych \u0142a\u0144cuch\u00f3w warto\u015bci, w kt\u00f3rych przep\u0142yw towar\u00f3w, informacji i us\u0142ug decyduje o konkurencyjno\u015bci przedsi\u0119biorstw. Obecnie transport, jako czynnik integracji proces\u00f3w logistycznych, nie pe\u0142ni wy\u0142\u0105cznie funkcji przemieszczania, lecz jest istotnym elementem tworz\u0105cym warto\u015b\u0107 dla klienta poprzez skracanie czasu dostaw, zwi\u0119kszanie niezawodno\u015bci i redukcj\u0119 koszt\u00f3w. Ksi\u0105\u017cka omawia wp\u0142yw globalizacji, digitalizacji i zr\u00f3wnowa\u017conego rozwoju na funkcjonowanie wsp\u00f3\u0142czesnych sieci transportowych w uj\u0119ciach: globalnym, regionalnym i lokalnym. Podejmuje r\u00f3wnie\u017c problematyk\u0119 wyzwa\u0144 stoj\u0105cych przed przewo\u017anikami w \u0142a\u0144cuchach oraz przedstawia mo\u017cliwe reakcje sektora transportu na wyst\u0119puj\u0105ce trudno\u015bci. Ponadto podkre\u015bla rosn\u0105ce znaczenie zarz\u0105dzania ryzykiem, wsp\u00f3\u0142pracy partner\u00f3w oraz wykorzystania nowoczesnych technologii \u2013 takich jak systemy telematyczne i analiza danych \u2013 dla zwi\u0119kszenia efektywno\u015bci ca\u0142ego \u0142a\u0144cucha warto\u015bci.<\/p>\n","protected":false},"featured_media":45108,"template":"","meta":{"_acf_changed":false},"journal":[],"rodzaj":[2602],"seria":[],"product_brand":[],"product_cat":[266],"product_tag":[1131],"class_list":{"0":"post-45850","1":"product","2":"type-product","3":"status-publish","4":"has-post-thumbnail","6":"rodzaj-ksiazki","7":"product_cat-ekonomia","8":"product_tag-przemyslaw-borkowski","10":"first","11":"instock","12":"taxable","13":"shipping-taxable","14":"purchasable","15":"product-type-simple"},"acf":[],"_links":{"self":[{"href":"https:\/\/wydawnictwo.ug.edu.pl\/en\/wp-json\/wp\/v2\/product\/45850","targetHints":{"allow":["GET"]}}],"collection":[{"href":"https:\/\/wydawnictwo.ug.edu.pl\/en\/wp-json\/wp\/v2\/product"}],"about":[{"href":"https:\/\/wydawnictwo.ug.edu.pl\/en\/wp-json\/wp\/v2\/types\/product"}],"wp:featuredmedia":[{"embeddable":true,"href":"https:\/\/wydawnictwo.ug.edu.pl\/en\/wp-json\/wp\/v2\/media\/45108"}],"wp:attachment":[{"href":"https:\/\/wydawnictwo.ug.edu.pl\/en\/wp-json\/wp\/v2\/media?parent=45850"}],"wp:term":[{"taxonomy":"journal","embeddable":true,"href":"https:\/\/wydawnictwo.ug.edu.pl\/en\/wp-json\/wp\/v2\/journal?post=45850"},{"taxonomy":"rodzaj","embeddable":true,"href":"https:\/\/wydawnictwo.ug.edu.pl\/en\/wp-json\/wp\/v2\/rodzaj?post=45850"},{"taxonomy":"seria","embeddable":true,"href":"https:\/\/wydawnictwo.ug.edu.pl\/en\/wp-json\/wp\/v2\/seria?post=45850"},{"taxonomy":"product_brand","embeddable":true,"href":"https:\/\/wydawnictwo.ug.edu.pl\/en\/wp-json\/wp\/v2\/product_brand?post=45850"},{"taxonomy":"product_cat","embeddable":true,"href":"https:\/\/wydawnictwo.ug.edu.pl\/en\/wp-json\/wp\/v2\/product_cat?post=45850"},{"taxonomy":"product_tag","embeddable":true,"href":"https:\/\/wydawnictwo.ug.edu.pl\/en\/wp-json\/wp\/v2\/product_tag?post=45850"}],"curies":[{"name":"wp","href":"https:\/\/api.w.org\/{rel}","templated":true}]}}