{"id":45845,"date":"2025-12-09T07:33:06","date_gmt":"2025-12-09T07:33:06","guid":{"rendered":"https:\/\/wydawnictwo.ug.edu.pl\/ksiegarnia-online\/uncategorized\/amtsblatt-der-koniglichen-regierung-zu-danzig-pruski-periodyk-urzedowy-jako-zrodlo-do-dziejow-zdrowia-publicznego-i-przestepczosci-w-rejencji-gdanskiej-1816-1848\/"},"modified":"2026-03-11T10:39:29","modified_gmt":"2026-03-11T10:39:29","slug":"amtsblatt-der-koniglichen-regierung-zu-danzig-pruski-periodyk-urzedowy-jako-zrodlo-do-dziejow-zdrowia-publicznego-i-przestepczosci-w-rejencji-gdanskiej-1816-1848","status":"publish","type":"product","link":"https:\/\/wydawnictwo.ug.edu.pl\/en\/ksiegarnia-online\/historia\/amtsblatt-der-koniglichen-regierung-zu-danzig-pruski-periodyk-urzedowy-jako-zrodlo-do-dziejow-zdrowia-publicznego-i-przestepczosci-w-rejencji-gdanskiej-1816-1848\/","title":{"rendered":"\u201eAmtsblatt der K\u00f6niglichen Regierung zu Danzig\u201d \u2013 pruski periodyk urz\u0119dowy jako \u017ar\u00f3d\u0142o do dziej\u00f3w zdrowia publicznego i przest\u0119pczo\u015bci w rejencji gda\u0144skiej (1816\u20131848)"},"content":{"rendered":"","protected":false},"excerpt":{"rendered":"<p>Rejencyjne dzienniki urz\u0119dowe zacz\u0119\u0142y si\u0119 ukazywa\u0107 w Kr\u00f3lestwie Prus od 1811 roku. Dziennik urz\u0119dowy rejencji gda\u0144skiej zacz\u0105\u0142 by\u0107 wydawany w 1816 roku i ukazywa\u0142 si\u0119 regularnie a\u017c do powstania 1920 roku. Praca koncentruje si\u0119 na charakterystyce tego czasopisma w latach 1816\u20131848, ze szczeg\u00f3lnym uwzgl\u0119dnieniem zagadnie\u0144 sanitarnych i przest\u0119pczo\u015bci.<\/p>\n","protected":false},"featured_media":44976,"template":"","meta":{"_acf_changed":false},"journal":[],"rodzaj":[7074],"seria":[],"product_brand":[],"product_cat":[6958,7311],"product_tag":[],"class_list":{"0":"post-45845","1":"product","2":"type-product","3":"status-publish","4":"has-post-thumbnail","6":"rodzaj-ksiazki","7":"product_cat-historia","8":"product_cat-nowosci","10":"first","11":"instock","12":"taxable","13":"shipping-taxable","14":"purchasable","15":"product-type-simple"},"acf":[],"_links":{"self":[{"href":"https:\/\/wydawnictwo.ug.edu.pl\/en\/wp-json\/wp\/v2\/product\/45845","targetHints":{"allow":["GET"]}}],"collection":[{"href":"https:\/\/wydawnictwo.ug.edu.pl\/en\/wp-json\/wp\/v2\/product"}],"about":[{"href":"https:\/\/wydawnictwo.ug.edu.pl\/en\/wp-json\/wp\/v2\/types\/product"}],"wp:featuredmedia":[{"embeddable":true,"href":"https:\/\/wydawnictwo.ug.edu.pl\/en\/wp-json\/wp\/v2\/media\/44976"}],"wp:attachment":[{"href":"https:\/\/wydawnictwo.ug.edu.pl\/en\/wp-json\/wp\/v2\/media?parent=45845"}],"wp:term":[{"taxonomy":"journal","embeddable":true,"href":"https:\/\/wydawnictwo.ug.edu.pl\/en\/wp-json\/wp\/v2\/journal?post=45845"},{"taxonomy":"rodzaj","embeddable":true,"href":"https:\/\/wydawnictwo.ug.edu.pl\/en\/wp-json\/wp\/v2\/rodzaj?post=45845"},{"taxonomy":"seria","embeddable":true,"href":"https:\/\/wydawnictwo.ug.edu.pl\/en\/wp-json\/wp\/v2\/seria?post=45845"},{"taxonomy":"product_brand","embeddable":true,"href":"https:\/\/wydawnictwo.ug.edu.pl\/en\/wp-json\/wp\/v2\/product_brand?post=45845"},{"taxonomy":"product_cat","embeddable":true,"href":"https:\/\/wydawnictwo.ug.edu.pl\/en\/wp-json\/wp\/v2\/product_cat?post=45845"},{"taxonomy":"product_tag","embeddable":true,"href":"https:\/\/wydawnictwo.ug.edu.pl\/en\/wp-json\/wp\/v2\/product_tag?post=45845"}],"curies":[{"name":"wp","href":"https:\/\/api.w.org\/{rel}","templated":true}]}}