{"id":45844,"date":"2025-12-09T09:30:20","date_gmt":"2025-12-09T09:30:20","guid":{"rendered":"https:\/\/wydawnictwo.ug.edu.pl\/ksiegarnia-online\/uncategorized\/studia-germanica-gedanensia-52-literatura-niemiecka-w-dialogu-z-kulturami-europy-wschodniej\/"},"modified":"2026-02-10T13:57:50","modified_gmt":"2026-02-10T13:57:50","slug":"studia-germanica-gedanensia-52-literatura-niemiecka-w-dialogu-z-kulturami-europy-wschodniej","status":"publish","type":"product","link":"https:\/\/wydawnictwo.ug.edu.pl\/en\/ksiegarnia-online\/literaturoznawstwo\/studia-germanica-gedanensia-52-literatura-niemiecka-w-dialogu-z-kulturami-europy-wschodniej\/","title":{"rendered":"Studia Germanica Gedanensia 52. Literatura niemiecka w dialogu z kulturami Europy Wschodniej"},"content":{"rendered":"","protected":false},"excerpt":{"rendered":"<p>Czasopismo \u201eStudia Germanica Gedanensia\u201d ma za zadanie prezentowa\u0107 wyniki oryginalnych bada\u0144 z zakresu filologii germa\u0144skiej. Szczeg\u00f3lnym znaczeniem zosta\u0142y obj\u0119te takie obszary badawcze, jak: historia literatury niemieckiej i komparatystyka literacka, literatura regionalna, lingwistyka stosowana i germanistyczna, lingwistyka kontrastywna, kontakty j\u0119zykowe i kulturowe w Europie \u015arodkowej, germanistyka interkulturowa, historia kultury niemieckiej, czy polsko-niemieckie relacje kulturowe.<\/p>\n","protected":false},"featured_media":45092,"template":"","meta":{"_acf_changed":false},"journal":[7069],"rodzaj":[7077],"seria":[],"product_brand":[],"product_cat":[6925,6926],"product_tag":[7371],"class_list":{"0":"post-45844","1":"product","2":"type-product","3":"status-publish","4":"has-post-thumbnail","6":"journal-studia-germanica-gedanensia","7":"rodzaj-czasopismo","8":"product_cat-literaturoznawstwo","9":"product_cat-przekladoznawstwo","10":"product_tag-miroslaw-ossowskimiroslaw-ossowski","12":"first","13":"instock","14":"taxable","15":"shipping-taxable","16":"product-type-external"},"acf":[],"_links":{"self":[{"href":"https:\/\/wydawnictwo.ug.edu.pl\/en\/wp-json\/wp\/v2\/product\/45844","targetHints":{"allow":["GET"]}}],"collection":[{"href":"https:\/\/wydawnictwo.ug.edu.pl\/en\/wp-json\/wp\/v2\/product"}],"about":[{"href":"https:\/\/wydawnictwo.ug.edu.pl\/en\/wp-json\/wp\/v2\/types\/product"}],"wp:featuredmedia":[{"embeddable":true,"href":"https:\/\/wydawnictwo.ug.edu.pl\/en\/wp-json\/wp\/v2\/media\/45092"}],"wp:attachment":[{"href":"https:\/\/wydawnictwo.ug.edu.pl\/en\/wp-json\/wp\/v2\/media?parent=45844"}],"wp:term":[{"taxonomy":"journal","embeddable":true,"href":"https:\/\/wydawnictwo.ug.edu.pl\/en\/wp-json\/wp\/v2\/journal?post=45844"},{"taxonomy":"rodzaj","embeddable":true,"href":"https:\/\/wydawnictwo.ug.edu.pl\/en\/wp-json\/wp\/v2\/rodzaj?post=45844"},{"taxonomy":"seria","embeddable":true,"href":"https:\/\/wydawnictwo.ug.edu.pl\/en\/wp-json\/wp\/v2\/seria?post=45844"},{"taxonomy":"product_brand","embeddable":true,"href":"https:\/\/wydawnictwo.ug.edu.pl\/en\/wp-json\/wp\/v2\/product_brand?post=45844"},{"taxonomy":"product_cat","embeddable":true,"href":"https:\/\/wydawnictwo.ug.edu.pl\/en\/wp-json\/wp\/v2\/product_cat?post=45844"},{"taxonomy":"product_tag","embeddable":true,"href":"https:\/\/wydawnictwo.ug.edu.pl\/en\/wp-json\/wp\/v2\/product_tag?post=45844"}],"curies":[{"name":"wp","href":"https:\/\/api.w.org\/{rel}","templated":true}]}}