{"id":45843,"date":"2025-12-09T11:21:03","date_gmt":"2025-12-09T11:21:03","guid":{"rendered":"https:\/\/wydawnictwo.ug.edu.pl\/ksiegarnia-online\/uncategorized\/przyswajanie-grup-spolgloskowych-przez-dzieci-w-wieku-przedszkolnym\/"},"modified":"2026-04-23T06:03:27","modified_gmt":"2026-04-23T06:03:27","slug":"przyswajanie-grup-spolgloskowych-przez-dzieci-w-wieku-przedszkolnym","status":"publish","type":"product","link":"https:\/\/wydawnictwo.ug.edu.pl\/en\/ksiegarnia-online\/nowosci\/przyswajanie-grup-spolgloskowych-przez-dzieci-w-wieku-przedszkolnym\/","title":{"rendered":"Przyswajanie grup sp\u00f3\u0142g\u0142oskowych przez dzieci w wieku przed\u00adszkolnym"},"content":{"rendered":"","protected":false},"excerpt":{"rendered":"<p>Aktualna literatura przedmiotu dotycz\u0105ca rozwoju mowy dziec\u00adka zawiera informacje, kt\u00f3re odnosz\u0105 si\u0119 do przyswajania fo\u00adnem\u00f3w sp\u00f3\u0142g\u0142oskowych w ontogenezie mowy, jednak status grup sp\u00f3\u0142g\u0142oskowych, zar\u00f3wno w rozwoju mowy dziecka, jak i w zabu\u00adrzeniach komunikacji nie jest do ko\u0144ca okre\u015blony. Monografia pt. <em>Przyswajanie grup sp\u00f3\u0142g\u0142oskowych przez dzieci w wieku przed\u00adszkolnym <\/em>zawiera fragmenty, w kt\u00f3rych dokonano por\u00f3wnania opa\u00adnowania sekwencji sp\u00f3\u0142g\u0142osek z dotychczasowymi opracowaniami na temat przyswajania poszczeg\u00f3lnych sp\u00f3\u0142g\u0142osek. Badania zosta\u0142y przeprowadzone w grupie dzieci w wieku przedszkolnym. Wyniki przeprowadzonych bada\u0144 nakre\u015blaj\u0105 normy rozwojowe w zakresie akwizycji sekwencji konsonantycznych. W monografii przedsta\u00adwione zosta\u0142y r\u00f3wnie\u017c aktualne dane dotycz\u0105ce sposobu istnienia grup sp\u00f3\u0142g\u0142oskowych w narz\u0119dziach diagnostycznych oraz spos\u00f3b ich opisu w literaturze dotycz\u0105cej rozwoju i zaburzeniach mowy.<\/p>\n","protected":false},"featured_media":45089,"template":"","meta":{"_acf_changed":false},"journal":[],"rodzaj":[],"seria":[],"product_brand":[],"product_cat":[7311],"product_tag":[],"class_list":{"0":"post-45843","1":"product","2":"type-product","3":"status-publish","4":"has-post-thumbnail","6":"product_cat-nowosci","8":"first","9":"instock","10":"taxable","11":"shipping-taxable","12":"purchasable","13":"product-type-simple"},"acf":[],"_links":{"self":[{"href":"https:\/\/wydawnictwo.ug.edu.pl\/en\/wp-json\/wp\/v2\/product\/45843","targetHints":{"allow":["GET"]}}],"collection":[{"href":"https:\/\/wydawnictwo.ug.edu.pl\/en\/wp-json\/wp\/v2\/product"}],"about":[{"href":"https:\/\/wydawnictwo.ug.edu.pl\/en\/wp-json\/wp\/v2\/types\/product"}],"wp:featuredmedia":[{"embeddable":true,"href":"https:\/\/wydawnictwo.ug.edu.pl\/en\/wp-json\/wp\/v2\/media\/45089"}],"wp:attachment":[{"href":"https:\/\/wydawnictwo.ug.edu.pl\/en\/wp-json\/wp\/v2\/media?parent=45843"}],"wp:term":[{"taxonomy":"journal","embeddable":true,"href":"https:\/\/wydawnictwo.ug.edu.pl\/en\/wp-json\/wp\/v2\/journal?post=45843"},{"taxonomy":"rodzaj","embeddable":true,"href":"https:\/\/wydawnictwo.ug.edu.pl\/en\/wp-json\/wp\/v2\/rodzaj?post=45843"},{"taxonomy":"seria","embeddable":true,"href":"https:\/\/wydawnictwo.ug.edu.pl\/en\/wp-json\/wp\/v2\/seria?post=45843"},{"taxonomy":"product_brand","embeddable":true,"href":"https:\/\/wydawnictwo.ug.edu.pl\/en\/wp-json\/wp\/v2\/product_brand?post=45843"},{"taxonomy":"product_cat","embeddable":true,"href":"https:\/\/wydawnictwo.ug.edu.pl\/en\/wp-json\/wp\/v2\/product_cat?post=45843"},{"taxonomy":"product_tag","embeddable":true,"href":"https:\/\/wydawnictwo.ug.edu.pl\/en\/wp-json\/wp\/v2\/product_tag?post=45843"}],"curies":[{"name":"wp","href":"https:\/\/api.w.org\/{rel}","templated":true}]}}