{"id":45842,"date":"2025-12-09T13:59:46","date_gmt":"2025-12-09T13:59:46","guid":{"rendered":"https:\/\/wydawnictwo.ug.edu.pl\/ksiegarnia-online\/uncategorized\/pieniadz-we-wczesnobizantynskiej-literaturze-hagiograficznej\/"},"modified":"2026-04-03T07:03:16","modified_gmt":"2026-04-03T07:03:16","slug":"pieniadz-we-wczesnobizantynskiej-literaturze-hagiograficznej","status":"publish","type":"product","link":"https:\/\/wydawnictwo.ug.edu.pl\/en\/ksiegarnia-online\/historia\/pieniadz-we-wczesnobizantynskiej-literaturze-hagiograficznej\/","title":{"rendered":"Pieni\u0105dz we wczesnobizanty\u0144skiej literaturze hagiograficznej"},"content":{"rendered":"","protected":false},"excerpt":{"rendered":"<p>Celem postawionym w poni\u017cszej rozprawie jest analiza danych dotycz\u0105cych pieni\u0105dza we wczesnobizanty\u0144skiej literaturze hagiograficznej. Zebrany materia\u0142 powsta\u0142 w okresie od po\u0142owy IV po schy\u0142ek VII lub nawet pocz\u0105tek VIII wieku. Danych tych jest co prawda sporo, jednak wi\u0119kszo\u015b\u0107 z nich ma niestety znikom\u0105 warto\u015b\u0107 poznawcz\u0105. Mimo to s\u0105 one wykorzystywane w badaniach nad dziejami wczesnego Bizancjum, cho\u0107 przyzna\u0107 trzeba, i\u017c nierzadko bezkrytycznie. Uwaga ta tyczy si\u0119 przede wszystkim badaczy zjawisk gospodarczych, kt\u00f3rzy, z regu\u0142y pracuj\u0105c z bardziej wiarygodnym poznawczo materia\u0142em (cho\u0107by z dokumentami papirusowymi) i nie znaj\u0105c specyfiki utwor\u00f3w literackich, bardzo cz\u0119sto si\u0119gaj\u0105 bezrefleksyjnie po informacje z tekst\u00f3w hagiograficznych.<\/p>\n","protected":false},"featured_media":45061,"template":"","meta":{"_acf_changed":false},"journal":[],"rodzaj":[7074],"seria":[],"product_brand":[],"product_cat":[6958,7311],"product_tag":[7369],"class_list":{"0":"post-45842","1":"product","2":"type-product","3":"status-publish","4":"has-post-thumbnail","6":"rodzaj-ksiazki","7":"product_cat-historia","8":"product_cat-nowosci","9":"product_tag-ireneusz-milewski","11":"first","12":"instock","13":"taxable","14":"shipping-taxable","15":"purchasable","16":"product-type-simple"},"acf":[],"_links":{"self":[{"href":"https:\/\/wydawnictwo.ug.edu.pl\/en\/wp-json\/wp\/v2\/product\/45842","targetHints":{"allow":["GET"]}}],"collection":[{"href":"https:\/\/wydawnictwo.ug.edu.pl\/en\/wp-json\/wp\/v2\/product"}],"about":[{"href":"https:\/\/wydawnictwo.ug.edu.pl\/en\/wp-json\/wp\/v2\/types\/product"}],"wp:featuredmedia":[{"embeddable":true,"href":"https:\/\/wydawnictwo.ug.edu.pl\/en\/wp-json\/wp\/v2\/media\/45061"}],"wp:attachment":[{"href":"https:\/\/wydawnictwo.ug.edu.pl\/en\/wp-json\/wp\/v2\/media?parent=45842"}],"wp:term":[{"taxonomy":"journal","embeddable":true,"href":"https:\/\/wydawnictwo.ug.edu.pl\/en\/wp-json\/wp\/v2\/journal?post=45842"},{"taxonomy":"rodzaj","embeddable":true,"href":"https:\/\/wydawnictwo.ug.edu.pl\/en\/wp-json\/wp\/v2\/rodzaj?post=45842"},{"taxonomy":"seria","embeddable":true,"href":"https:\/\/wydawnictwo.ug.edu.pl\/en\/wp-json\/wp\/v2\/seria?post=45842"},{"taxonomy":"product_brand","embeddable":true,"href":"https:\/\/wydawnictwo.ug.edu.pl\/en\/wp-json\/wp\/v2\/product_brand?post=45842"},{"taxonomy":"product_cat","embeddable":true,"href":"https:\/\/wydawnictwo.ug.edu.pl\/en\/wp-json\/wp\/v2\/product_cat?post=45842"},{"taxonomy":"product_tag","embeddable":true,"href":"https:\/\/wydawnictwo.ug.edu.pl\/en\/wp-json\/wp\/v2\/product_tag?post=45842"}],"curies":[{"name":"wp","href":"https:\/\/api.w.org\/{rel}","templated":true}]}}