{"id":45839,"date":"2025-12-11T08:11:16","date_gmt":"2025-12-11T08:11:16","guid":{"rendered":"https:\/\/wydawnictwo.ug.edu.pl\/ksiegarnia-online\/uncategorized\/inteligentna-logistyka-informacji-szanse-i-wyzwania-gospodarki-5-0\/"},"modified":"2026-02-10T13:56:05","modified_gmt":"2026-02-10T13:56:05","slug":"inteligentna-logistyka-informacji-szanse-i-wyzwania-gospodarki-5-0","status":"publish","type":"product","link":"https:\/\/wydawnictwo.ug.edu.pl\/en\/ksiegarnia-online\/ekonomia\/inteligentna-logistyka-informacji-szanse-i-wyzwania-gospodarki-5-0\/","title":{"rendered":"Inteligentna logistyka informacji. Szanse i wyzwania gospodarki 5.0"},"content":{"rendered":"","protected":false},"excerpt":{"rendered":"<p>Niniejsza monografia prezentuje kompleksowe spojrzenie na logistyk\u0119 informacji w kontek\u015bcie wizji gospodarki 5.0. Autorzy analizuj\u0105, w jaki spos\u00f3b inteligentne systemy informacyjne, wspierane przez zaawansowane technologie takie jak sztuczna inteligencja, uczenie maszynowe, sensoryka oraz autonomizacja robotyki, przekszta\u0142caj\u0105 tradycyjne modele logistyczne. Szczeg\u00f3lny nacisk po\u0142o\u017cono na optymalizacj\u0119 przep\u0142yw\u00f3w informacji, jej analiz i mo\u017cliwo\u015bci wspierania ludzi w podejmowaniu decyzji poprzez odpowiedni\u0105 logistyk\u0119 zasob\u00f3w informacyjnych. Autorzy analizuj\u0105 najnowsze trendy, a tak\u017ce narz\u0119dzia w zakresie zarz\u0105dzania zasobami niematerialnymi oraz materialnymi, a co za tym idzie optymalizacji proces\u00f3w logistycznych.<\/p>\n","protected":false},"featured_media":45052,"template":"","meta":{"_acf_changed":false},"journal":[],"rodzaj":[7074],"seria":[],"product_brand":[],"product_cat":[6934],"product_tag":[7366,7367],"class_list":{"0":"post-45839","1":"product","2":"type-product","3":"status-publish","4":"has-post-thumbnail","6":"rodzaj-ksiazki","7":"product_cat-ekonomia","8":"product_tag-dariusz-weiland","9":"product_tag-patryk-wierzbowski","11":"first","12":"instock","13":"taxable","14":"shipping-taxable","15":"product-type-simple"},"acf":[],"_links":{"self":[{"href":"https:\/\/wydawnictwo.ug.edu.pl\/en\/wp-json\/wp\/v2\/product\/45839","targetHints":{"allow":["GET"]}}],"collection":[{"href":"https:\/\/wydawnictwo.ug.edu.pl\/en\/wp-json\/wp\/v2\/product"}],"about":[{"href":"https:\/\/wydawnictwo.ug.edu.pl\/en\/wp-json\/wp\/v2\/types\/product"}],"wp:featuredmedia":[{"embeddable":true,"href":"https:\/\/wydawnictwo.ug.edu.pl\/en\/wp-json\/wp\/v2\/media\/45052"}],"wp:attachment":[{"href":"https:\/\/wydawnictwo.ug.edu.pl\/en\/wp-json\/wp\/v2\/media?parent=45839"}],"wp:term":[{"taxonomy":"journal","embeddable":true,"href":"https:\/\/wydawnictwo.ug.edu.pl\/en\/wp-json\/wp\/v2\/journal?post=45839"},{"taxonomy":"rodzaj","embeddable":true,"href":"https:\/\/wydawnictwo.ug.edu.pl\/en\/wp-json\/wp\/v2\/rodzaj?post=45839"},{"taxonomy":"seria","embeddable":true,"href":"https:\/\/wydawnictwo.ug.edu.pl\/en\/wp-json\/wp\/v2\/seria?post=45839"},{"taxonomy":"product_brand","embeddable":true,"href":"https:\/\/wydawnictwo.ug.edu.pl\/en\/wp-json\/wp\/v2\/product_brand?post=45839"},{"taxonomy":"product_cat","embeddable":true,"href":"https:\/\/wydawnictwo.ug.edu.pl\/en\/wp-json\/wp\/v2\/product_cat?post=45839"},{"taxonomy":"product_tag","embeddable":true,"href":"https:\/\/wydawnictwo.ug.edu.pl\/en\/wp-json\/wp\/v2\/product_tag?post=45839"}],"curies":[{"name":"wp","href":"https:\/\/api.w.org\/{rel}","templated":true}]}}