{"id":45836,"date":"2026-02-18T08:48:06","date_gmt":"2026-02-18T08:48:06","guid":{"rendered":"https:\/\/wydawnictwo.ug.edu.pl\/ksiegarnia-online\/uncategorized\/prawotworstwo-organizacji-sportowych\/"},"modified":"2026-04-07T11:50:46","modified_gmt":"2026-04-07T11:50:46","slug":"prawotworstwo-organizacji-sportowych","status":"publish","type":"product","link":"https:\/\/wydawnictwo.ug.edu.pl\/en\/ksiegarnia-online\/prawo-i-administracja\/prawotworstwo-organizacji-sportowych\/","title":{"rendered":"Prawotw\u00f3rstwo organizacji sportowych"},"content":{"rendered":"","protected":false},"excerpt":{"rendered":"<p>Stanowienie prawa nale\u017cy zasadniczo do w\u0142adz publicznych, jednak w rzeczywisto\u015bci sportowej dominuj\u0105c\u0105 rol\u0119 w zakresie regulacyjnym odgrywaj\u0105 organizacje sportowe. W ramach przyznanej im autonomii tworz\u0105 one system norm, kt\u00f3ry cho\u0107 formalnie nie mie\u015bci si\u0119 w konstytucyjnym systemie \u017ar\u00f3de\u0142 prawa, jest wi\u0105\u017c\u0105cy i wywo\u0142uje skutki dla uczestnik\u00f3w wsp\u00f3\u0142zawodnictwa sportowego. Monografia wype\u0142nia luk\u0119 badawcz\u0105 w literaturze, kompleksowo podejmuj\u0105c temat dot\u0105d pomijany w uj\u0119ciu ca\u0142o\u015bciowym.<\/p>\n<p>\u201eTemat monografii zosta\u0142 niezwykle trafnie dobrany. Przemawiaj\u0105 za tym co najmniej dwa argumenty. Po pierwsze, w dziedzinie prawa sportowego prace doktrynalne w polskiej literaturze prawniczej po\u015bwi\u0119cone tej problematyce nie nale\u017c\u0105 do zbyt licznych. Po drugie, autor podj\u0105\u0142 si\u0119 analizy prawotw\u00f3rstwa, a zatem tworzenia (stanowienia) prawa przez organizacje sportowe \u2013 aktualnego i w zasadzie nowego zagadnienia w nauce\u201d.<\/p>\n<p style=\"text-align: right;\"><em>Z recenzji prof. dr. hab. Piotra Dobosza<\/em><\/p>\n<p>\u201eAutor podj\u0105\u0142 udana pr\u00f3b\u0119 przedstawienia ca\u0142okszta\u0142tu problematyki prawotw\u00f3rstwa organizacji sportowych jako jednego ze \u017ar\u00f3de\u0142 prawa sportowego i okre\u015blenia roli organ\u00f3w pa\u0144stwa w funkcjonowaniu sportu\u201d.<\/p>\n<p style=\"text-align: right;\"><em>Z recenzji dr. hab. Jerzego Pa\u015bnika<\/em><\/p>\n","protected":false},"featured_media":45043,"template":"","meta":{"_acf_changed":false},"journal":[],"rodzaj":[7074],"seria":[],"product_brand":[],"product_cat":[6932],"product_tag":[7364],"class_list":{"0":"post-45836","1":"product","2":"type-product","3":"status-publish","4":"has-post-thumbnail","6":"rodzaj-ksiazki","7":"product_cat-prawo-i-administracja","8":"product_tag-mariusz-szatkowskimariusz-szatkowski","10":"first","11":"instock","12":"taxable","13":"shipping-taxable","14":"product-type-simple"},"acf":[],"_links":{"self":[{"href":"https:\/\/wydawnictwo.ug.edu.pl\/en\/wp-json\/wp\/v2\/product\/45836","targetHints":{"allow":["GET"]}}],"collection":[{"href":"https:\/\/wydawnictwo.ug.edu.pl\/en\/wp-json\/wp\/v2\/product"}],"about":[{"href":"https:\/\/wydawnictwo.ug.edu.pl\/en\/wp-json\/wp\/v2\/types\/product"}],"wp:featuredmedia":[{"embeddable":true,"href":"https:\/\/wydawnictwo.ug.edu.pl\/en\/wp-json\/wp\/v2\/media\/45043"}],"wp:attachment":[{"href":"https:\/\/wydawnictwo.ug.edu.pl\/en\/wp-json\/wp\/v2\/media?parent=45836"}],"wp:term":[{"taxonomy":"journal","embeddable":true,"href":"https:\/\/wydawnictwo.ug.edu.pl\/en\/wp-json\/wp\/v2\/journal?post=45836"},{"taxonomy":"rodzaj","embeddable":true,"href":"https:\/\/wydawnictwo.ug.edu.pl\/en\/wp-json\/wp\/v2\/rodzaj?post=45836"},{"taxonomy":"seria","embeddable":true,"href":"https:\/\/wydawnictwo.ug.edu.pl\/en\/wp-json\/wp\/v2\/seria?post=45836"},{"taxonomy":"product_brand","embeddable":true,"href":"https:\/\/wydawnictwo.ug.edu.pl\/en\/wp-json\/wp\/v2\/product_brand?post=45836"},{"taxonomy":"product_cat","embeddable":true,"href":"https:\/\/wydawnictwo.ug.edu.pl\/en\/wp-json\/wp\/v2\/product_cat?post=45836"},{"taxonomy":"product_tag","embeddable":true,"href":"https:\/\/wydawnictwo.ug.edu.pl\/en\/wp-json\/wp\/v2\/product_tag?post=45836"}],"curies":[{"name":"wp","href":"https:\/\/api.w.org\/{rel}","templated":true}]}}