{"id":45835,"date":"2025-12-11T10:14:41","date_gmt":"2025-12-11T10:14:41","guid":{"rendered":"https:\/\/wydawnictwo.ug.edu.pl\/ksiegarnia-online\/uncategorized\/amerykanskie-dystopie-xix-wieku-antologia\/"},"modified":"2026-04-09T09:10:19","modified_gmt":"2026-04-09T09:10:19","slug":"amerykanskie-dystopie-xix-wieku-antologia","status":"publish","type":"product","link":"https:\/\/wydawnictwo.ug.edu.pl\/en\/ksiegarnia-online\/literaturoznawstwo\/amerykanskie-dystopie-xix-wieku-antologia\/","title":{"rendered":"Ameryka\u0144skie dystopie XIX wieku. Antologia"},"content":{"rendered":"","protected":false},"excerpt":{"rendered":"<p>Tom z serii \u201eBibliotheca Utopiana II\u201d zaty\u00adtu\u0142owany <em>Ameryka\u0144skie dystopie XIX wieku. Antologia <\/em>zawiera cztery utwory przedsta\u00adwiaj\u0105ce \u015bwiaty, kt\u00f3rych konstrukcja pe\u0142ni funkcj\u0119 satyryczn\u0105 i dystopijn\u0105 zarazem. S\u0105 one reprezentatywne dla tendencji w dystopijnej literaturze ameryka\u0144skiej XIX w., zwi\u0105zanych z krytyk\u0105 coraz licz\u00adniej powstaj\u0105cych wyizolowanych od resz\u00adty spo\u0142ecze\u0144stwa komun utopijnych, ne\u00adgatywn\u0105 ocen\u0105 radykalnego feminizmu, kwestionowaniem nowych pomys\u0142\u00f3w na ca\u0142kowit\u0105 przebudow\u0119 spo\u0142ecze\u0144stwa zgodnie z ideami socjalistycznymi i komu\u00adnistycznymi, a tak\u017ce zwi\u0105zanych z feno\u00admenem literackim s\u0142ynnej utopii Edwar\u00adda Bellamy\u2019ego pt. <em>W roku 2000 <\/em>(<em>Looking Backward<\/em>, 1887) \u2013 o bezprecedensowym wp\u0142ywie. Zainspirowa\u0142a ona wiele literac\u00adkich \u201eodpowiedzi\u201d, w tym zamieszczony w antologii utw\u00f3r <em>Po roku 2000 <\/em>autorstwa Richarda Michaelisa.<\/p>\n<p>Seria \u201eBibliotheca Utopiana II\u201d<\/p>\n","protected":false},"featured_media":45039,"template":"","meta":{"_acf_changed":false},"journal":[],"rodzaj":[7074],"seria":[],"product_brand":[],"product_cat":[6925,7311],"product_tag":[7361,7362,7363],"class_list":{"0":"post-45835","1":"product","2":"type-product","3":"status-publish","4":"has-post-thumbnail","6":"rodzaj-ksiazki","7":"product_cat-literaturoznawstwo","8":"product_cat-nowosci","9":"product_tag-joanna-slowik","10":"product_tag-justyna-galant","11":"product_tag-karolina-majcher","13":"first","14":"instock","15":"taxable","16":"shipping-taxable","17":"purchasable","18":"product-type-simple"},"acf":[],"_links":{"self":[{"href":"https:\/\/wydawnictwo.ug.edu.pl\/en\/wp-json\/wp\/v2\/product\/45835","targetHints":{"allow":["GET"]}}],"collection":[{"href":"https:\/\/wydawnictwo.ug.edu.pl\/en\/wp-json\/wp\/v2\/product"}],"about":[{"href":"https:\/\/wydawnictwo.ug.edu.pl\/en\/wp-json\/wp\/v2\/types\/product"}],"wp:featuredmedia":[{"embeddable":true,"href":"https:\/\/wydawnictwo.ug.edu.pl\/en\/wp-json\/wp\/v2\/media\/45039"}],"wp:attachment":[{"href":"https:\/\/wydawnictwo.ug.edu.pl\/en\/wp-json\/wp\/v2\/media?parent=45835"}],"wp:term":[{"taxonomy":"journal","embeddable":true,"href":"https:\/\/wydawnictwo.ug.edu.pl\/en\/wp-json\/wp\/v2\/journal?post=45835"},{"taxonomy":"rodzaj","embeddable":true,"href":"https:\/\/wydawnictwo.ug.edu.pl\/en\/wp-json\/wp\/v2\/rodzaj?post=45835"},{"taxonomy":"seria","embeddable":true,"href":"https:\/\/wydawnictwo.ug.edu.pl\/en\/wp-json\/wp\/v2\/seria?post=45835"},{"taxonomy":"product_brand","embeddable":true,"href":"https:\/\/wydawnictwo.ug.edu.pl\/en\/wp-json\/wp\/v2\/product_brand?post=45835"},{"taxonomy":"product_cat","embeddable":true,"href":"https:\/\/wydawnictwo.ug.edu.pl\/en\/wp-json\/wp\/v2\/product_cat?post=45835"},{"taxonomy":"product_tag","embeddable":true,"href":"https:\/\/wydawnictwo.ug.edu.pl\/en\/wp-json\/wp\/v2\/product_tag?post=45835"}],"curies":[{"name":"wp","href":"https:\/\/api.w.org\/{rel}","templated":true}]}}