{"id":45834,"date":"2025-12-11T11:01:30","date_gmt":"2025-12-11T11:01:30","guid":{"rendered":"https:\/\/wydawnictwo.ug.edu.pl\/ksiegarnia-online\/uncategorized\/progress-16-2025\/"},"modified":"2026-02-19T09:17:42","modified_gmt":"2026-02-19T09:17:42","slug":"progress-16-2025","status":"publish","type":"product","link":"https:\/\/wydawnictwo.ug.edu.pl\/en\/ksiegarnia-online\/varia\/progress-16-2025\/","title":{"rendered":"Progress 16\/2025"},"content":{"rendered":"","protected":false},"excerpt":{"rendered":"<p>Czasopismo Progress jest p\u00f3\u0142rocznikiem, w kt\u00f3rym publikowane s\u0105 artyku\u0142y naukowe, recenzje, wywiady, sprawozdania z konferencji tworzone zar\u00f3wno przez m\u0142odych naukowc\u00f3w jak i autorytety z r\u00f3\u017cnych dyscyplin.<\/p>\n","protected":false},"featured_media":45037,"template":"","meta":{"_acf_changed":false},"journal":[7067],"rodzaj":[7075,7077],"seria":[],"product_brand":[],"product_cat":[6948],"product_tag":[],"class_list":{"0":"post-45834","1":"product","2":"type-product","3":"status-publish","4":"has-post-thumbnail","6":"journal-progress","7":"rodzaj-e-book","8":"rodzaj-czasopismo","9":"product_cat-varia","11":"first","12":"instock","13":"taxable","14":"shipping-taxable","15":"purchasable","16":"product-type-external"},"acf":[],"jetpack_sharing_enabled":true,"_links":{"self":[{"href":"https:\/\/wydawnictwo.ug.edu.pl\/en\/wp-json\/wp\/v2\/product\/45834","targetHints":{"allow":["GET"]}}],"collection":[{"href":"https:\/\/wydawnictwo.ug.edu.pl\/en\/wp-json\/wp\/v2\/product"}],"about":[{"href":"https:\/\/wydawnictwo.ug.edu.pl\/en\/wp-json\/wp\/v2\/types\/product"}],"wp:featuredmedia":[{"embeddable":true,"href":"https:\/\/wydawnictwo.ug.edu.pl\/en\/wp-json\/wp\/v2\/media\/45037"}],"wp:attachment":[{"href":"https:\/\/wydawnictwo.ug.edu.pl\/en\/wp-json\/wp\/v2\/media?parent=45834"}],"wp:term":[{"taxonomy":"journal","embeddable":true,"href":"https:\/\/wydawnictwo.ug.edu.pl\/en\/wp-json\/wp\/v2\/journal?post=45834"},{"taxonomy":"rodzaj","embeddable":true,"href":"https:\/\/wydawnictwo.ug.edu.pl\/en\/wp-json\/wp\/v2\/rodzaj?post=45834"},{"taxonomy":"seria","embeddable":true,"href":"https:\/\/wydawnictwo.ug.edu.pl\/en\/wp-json\/wp\/v2\/seria?post=45834"},{"taxonomy":"product_brand","embeddable":true,"href":"https:\/\/wydawnictwo.ug.edu.pl\/en\/wp-json\/wp\/v2\/product_brand?post=45834"},{"taxonomy":"product_cat","embeddable":true,"href":"https:\/\/wydawnictwo.ug.edu.pl\/en\/wp-json\/wp\/v2\/product_cat?post=45834"},{"taxonomy":"product_tag","embeddable":true,"href":"https:\/\/wydawnictwo.ug.edu.pl\/en\/wp-json\/wp\/v2\/product_tag?post=45834"}],"curies":[{"name":"wp","href":"https:\/\/api.w.org\/{rel}","templated":true}]}}