{"id":45833,"date":"2025-12-11T11:39:59","date_gmt":"2025-12-11T11:39:59","guid":{"rendered":"https:\/\/wydawnictwo.ug.edu.pl\/ksiegarnia-online\/uncategorized\/miejsca-pamieci-historia-turystyka\/"},"modified":"2026-04-02T13:03:06","modified_gmt":"2026-04-02T13:03:06","slug":"miejsca-pamieci-historia-turystyka","status":"publish","type":"product","link":"https:\/\/wydawnictwo.ug.edu.pl\/en\/ksiegarnia-online\/historia\/miejsca-pamieci-historia-turystyka\/","title":{"rendered":"Miejsca pami\u0119ci \u2013 Historia \u2013 Turystyka"},"content":{"rendered":"","protected":false},"excerpt":{"rendered":"<p>VII tom serii Gda\u0144skie Teki Turystyczno-Krajoznawcze: <em>Miejsca pami\u0119ci \u2013 Historia \u2013 Turystyka. Sites of Memory \u2013 History \u2013 Tourism<\/em><\/p>\n<p>Tematem kolejnego tomu (&#8230;) s\u0105 trzy zagadnienia: miejsca pami\u0119ci, ich historia, oddzia\u0142ywanie tych dw\u00f3ch na ruch turystyczny. Opieraj\u0105c si\u0119 na dotychczasowych osi\u0105gni\u0119ciach nauki i doceniaj\u0105c wk\u0142ad wielu uczonych, pragniemy poszerzy\u0107 obszar eksploracyjny odnosz\u0105cy si\u0119 do miejsc pami\u0119ci, powi\u0105za\u0107 badania z r\u00f3\u017cnych dyscyplin i dziedzin oraz nada\u0107 im, na miar\u0119 tego tomu, bardziej komplementarny wymiar. Chodzi\u0142o nam o ukazanie powi\u0105za\u0144 pomi\u0119dzy r\u00f3\u017cnego rodzaju miejscami pami\u0119ci, ich histori\u0105 oraz tym, w jaki spos\u00f3b jest ona szerzona (poprzez architektur\u0119, literatur\u0119, szeroko rozumian\u0105 kultur\u0119), a odzwierciedleniem tych wszystkich element\u00f3w w turystyce. Poszukiwali\u015bmy odpowiedzi na pytanie, jak tre\u015b\u0107 nadawana poj\u0119ciu \u201emiejsca pami\u0119ci\u201d wp\u0142ywa\u0142a i wp\u0142ywa na ruch turystyczny. Interesowa\u0142o nas, jak powi\u0105zania mi\u0119dzy turystyk\u0105 i tre\u015bci\u0105 ukryt\u0105 za miejscami pami\u0119ci oddzia\u0142ywa\u0142y na spos\u00f3b kszta\u0142towania opowie\u015bci o historii danego miejsca oraz jego walorach. Punktem wyj\u015bcia do r\u00f3\u017cnych uj\u0119\u0107 tak zarysowanego zagadnienia jest wi\u0119c cz\u0142owiek (turysta) i jego zainteresowanie jakim\u015b miejscem.<\/p>\n<p style=\"text-align: right;\">Magdalena Nowak, <em>Wst\u0119p<\/em><\/p>\n","protected":false},"featured_media":45034,"template":"","meta":{"_acf_changed":false},"journal":[],"rodzaj":[2602,2604],"seria":[6748],"product_brand":[],"product_cat":[229],"product_tag":[1089,577],"class_list":{"0":"post-45833","1":"product","2":"type-product","3":"status-publish","4":"has-post-thumbnail","6":"rodzaj-ksiazki","7":"rodzaj-serie-wydawnicze","8":"seria-gdanskie-teki-turystyczno-krajoznawcze","9":"product_cat-historia","10":"product_tag-bianca-sadowska","11":"product_tag-magdalena-nowak","13":"first","14":"instock","15":"taxable","16":"shipping-taxable","17":"purchasable","18":"product-type-simple"},"acf":[],"_links":{"self":[{"href":"https:\/\/wydawnictwo.ug.edu.pl\/en\/wp-json\/wp\/v2\/product\/45833","targetHints":{"allow":["GET"]}}],"collection":[{"href":"https:\/\/wydawnictwo.ug.edu.pl\/en\/wp-json\/wp\/v2\/product"}],"about":[{"href":"https:\/\/wydawnictwo.ug.edu.pl\/en\/wp-json\/wp\/v2\/types\/product"}],"wp:featuredmedia":[{"embeddable":true,"href":"https:\/\/wydawnictwo.ug.edu.pl\/en\/wp-json\/wp\/v2\/media\/45034"}],"wp:attachment":[{"href":"https:\/\/wydawnictwo.ug.edu.pl\/en\/wp-json\/wp\/v2\/media?parent=45833"}],"wp:term":[{"taxonomy":"journal","embeddable":true,"href":"https:\/\/wydawnictwo.ug.edu.pl\/en\/wp-json\/wp\/v2\/journal?post=45833"},{"taxonomy":"rodzaj","embeddable":true,"href":"https:\/\/wydawnictwo.ug.edu.pl\/en\/wp-json\/wp\/v2\/rodzaj?post=45833"},{"taxonomy":"seria","embeddable":true,"href":"https:\/\/wydawnictwo.ug.edu.pl\/en\/wp-json\/wp\/v2\/seria?post=45833"},{"taxonomy":"product_brand","embeddable":true,"href":"https:\/\/wydawnictwo.ug.edu.pl\/en\/wp-json\/wp\/v2\/product_brand?post=45833"},{"taxonomy":"product_cat","embeddable":true,"href":"https:\/\/wydawnictwo.ug.edu.pl\/en\/wp-json\/wp\/v2\/product_cat?post=45833"},{"taxonomy":"product_tag","embeddable":true,"href":"https:\/\/wydawnictwo.ug.edu.pl\/en\/wp-json\/wp\/v2\/product_tag?post=45833"}],"curies":[{"name":"wp","href":"https:\/\/api.w.org\/{rel}","templated":true}]}}