{"id":45832,"date":"2025-12-12T11:06:31","date_gmt":"2025-12-12T11:06:31","guid":{"rendered":"https:\/\/wydawnictwo.ug.edu.pl\/ksiegarnia-online\/uncategorized\/rzemioslo-miejskie-w-malborku-do-1626-roku\/"},"modified":"2026-04-09T09:51:50","modified_gmt":"2026-04-09T09:51:50","slug":"rzemioslo-miejskie-w-malborku-do-1626-roku","status":"publish","type":"product","link":"https:\/\/wydawnictwo.ug.edu.pl\/en\/ksiegarnia-online\/historia\/rzemioslo-miejskie-w-malborku-do-1626-roku\/","title":{"rendered":"Rzemios\u0142o miejskie w Malborku do 1626 roku"},"content":{"rendered":"","protected":false},"excerpt":{"rendered":"<p>Zagadnienia genezy, funkcjonowania i roli korporacji rzemie\u015blniczych w miastach z terenu pa\u0144stwa zakonnego w Prusach i Prus Kr\u00f3lewskich by\u0142y poruszane w polskiej literaturze przedmiotu ju\u017c od XIX w., jednak problemy te nie zosta\u0142y dot\u0105d \u2013 szczeg\u00f3lnie w odniesieniu do miast \u015brednich i ma\u0142ych \u2013 do ko\u0144ca na\u015bwietlone. Aleksandra Girsztowt-Biskup podj\u0119\u0142a pr\u00f3b\u0119 nowego, kompleksowego opracowania tematu na przyk\u0142adzie cech\u00f3w malborskich, patrz\u0105c na nie z r\u00f3\u017cnych perspektyw badawczych i wykorzystuj\u0105c w swoich studiach r\u00f3\u017cnorodne \u017ar\u00f3d\u0142a historyczne [&#8230;]. Pozwoli\u0142o Jej to lepiej pozna\u0107 dzieje tych korporacji oraz realizowane przez nie liczne funkcje zawodowe i spo\u0142eczne. Jest to wa\u017cne, gdy\u017c temat rzemios\u0142a w omawianym o\u015brodku miejskim pozostawa\u0142 do tej pory poza g\u0142\u00f3wnym nurtem bada\u0144 nad jego histori\u0105 [&#8230;]. W uzyskanym obrazie znalaz\u0142o si\u0119 wiele rzeczy nowych, niekiedy wr\u0119cz zaskakuj\u0105cych.<\/p>\n<p style=\"text-align: right;\"><em>Fragment z recenzji prof. dr. hab. Janusza Tandeckiego<\/em><\/p>\n","protected":false},"featured_media":45031,"template":"","meta":{"_acf_changed":false},"journal":[],"rodzaj":[7074],"seria":[],"product_brand":[],"product_cat":[6958,7311],"product_tag":[7358],"class_list":{"0":"post-45832","1":"product","2":"type-product","3":"status-publish","4":"has-post-thumbnail","6":"rodzaj-ksiazki","7":"product_cat-historia","8":"product_cat-nowosci","9":"product_tag-aleksandra-girsztowt-biskup","11":"first","12":"instock","13":"taxable","14":"shipping-taxable","15":"purchasable","16":"product-type-simple"},"acf":[],"_links":{"self":[{"href":"https:\/\/wydawnictwo.ug.edu.pl\/en\/wp-json\/wp\/v2\/product\/45832","targetHints":{"allow":["GET"]}}],"collection":[{"href":"https:\/\/wydawnictwo.ug.edu.pl\/en\/wp-json\/wp\/v2\/product"}],"about":[{"href":"https:\/\/wydawnictwo.ug.edu.pl\/en\/wp-json\/wp\/v2\/types\/product"}],"wp:featuredmedia":[{"embeddable":true,"href":"https:\/\/wydawnictwo.ug.edu.pl\/en\/wp-json\/wp\/v2\/media\/45031"}],"wp:attachment":[{"href":"https:\/\/wydawnictwo.ug.edu.pl\/en\/wp-json\/wp\/v2\/media?parent=45832"}],"wp:term":[{"taxonomy":"journal","embeddable":true,"href":"https:\/\/wydawnictwo.ug.edu.pl\/en\/wp-json\/wp\/v2\/journal?post=45832"},{"taxonomy":"rodzaj","embeddable":true,"href":"https:\/\/wydawnictwo.ug.edu.pl\/en\/wp-json\/wp\/v2\/rodzaj?post=45832"},{"taxonomy":"seria","embeddable":true,"href":"https:\/\/wydawnictwo.ug.edu.pl\/en\/wp-json\/wp\/v2\/seria?post=45832"},{"taxonomy":"product_brand","embeddable":true,"href":"https:\/\/wydawnictwo.ug.edu.pl\/en\/wp-json\/wp\/v2\/product_brand?post=45832"},{"taxonomy":"product_cat","embeddable":true,"href":"https:\/\/wydawnictwo.ug.edu.pl\/en\/wp-json\/wp\/v2\/product_cat?post=45832"},{"taxonomy":"product_tag","embeddable":true,"href":"https:\/\/wydawnictwo.ug.edu.pl\/en\/wp-json\/wp\/v2\/product_tag?post=45832"}],"curies":[{"name":"wp","href":"https:\/\/api.w.org\/{rel}","templated":true}]}}