{"id":45831,"date":"2025-12-12T11:16:23","date_gmt":"2025-12-12T11:16:23","guid":{"rendered":"https:\/\/wydawnictwo.ug.edu.pl\/ksiegarnia-online\/uncategorized\/ekonomiczna-inzynieria-behawioralna-ksztaltowanie-zachowan-konsumentow\/"},"modified":"2026-04-13T10:18:14","modified_gmt":"2026-04-13T10:18:14","slug":"ekonomiczna-inzynieria-behawioralna-ksztaltowanie-zachowan-konsumentow","status":"publish","type":"product","link":"https:\/\/wydawnictwo.ug.edu.pl\/en\/ksiegarnia-online\/ekonomia\/ekonomiczna-inzynieria-behawioralna-ksztaltowanie-zachowan-konsumentow\/","title":{"rendered":"Ekonomiczna in\u017cynieria behawioralna. Kszta\u0142towanie zachowa\u0144 konsument\u00f3w"},"content":{"rendered":"","protected":false},"excerpt":{"rendered":"<p>Praca Przemys\u0142awa Kulawczuka <em>Ekonomiczna in\u017cynieria behawioralna. Kszta\u0142towanie zachowa\u0144 konsument\u00f3w <\/em>jest kontynuacj\u0105 poprzedniej jego publikacji dotycz\u0105cej zastosowania in\u017cynierii behawioralnej w rozwoju gospodarczym i omawia wykorzystanie in\u017cynierii w obszarze marketingu przedsi\u0119biorstw. Przedstawia r\u00f3\u017cne rodzaje b\u0142\u0119d\u00f3w behawioralnych pope\u0142nianych i wykorzystywanych w marketingu, a tak\u017ce analizuje ich wp\u0142yw na decyzje marketingowe. W ramach om\u00f3wienia polityki cenowej odnosi zachowania cenowe konsument\u00f3w do kwestii etycznych, emocjonalnych, preferencji spo\u0142ecznych oraz racjonalnych oczekiwa\u0144. Prezentuje r\u00f3wnie\u017c zagadnienia zwi\u0105zane z testowaniem cen. Zbada\u0142 wp\u0142yw reklamy na zachowania konsument\u00f3w, w tym w szczeg\u00f3lno\u015bci polityk\u0119 marki. Ukaza\u0142 rol\u0119 eksperyment\u00f3w w usprawnianiu reklamy, przeanalizowa\u0142 skuteczno\u015b\u0107 r\u00f3\u017cnych technik sprzeda\u017cy na kszta\u0142towanie zachowa\u0144 konsument\u00f3w oraz zaproponowa\u0142 autorski model oddzia\u0142ywania na zachowania konsument\u00f3w w procesach marketingu i sprzeda\u017cy. Praca zawiera tak\u017ce przegl\u0105d praktycznych oddzia\u0142ywa\u0144 behawioralnych stosowanych na \u015bwiecie w sferze marketingu i sprzeda\u017cy.<\/p>\n","protected":false},"featured_media":45028,"template":"","meta":{"_acf_changed":false},"journal":[],"rodzaj":[7074],"seria":[],"product_brand":[],"product_cat":[6934,7311],"product_tag":[7357],"class_list":{"0":"post-45831","1":"product","2":"type-product","3":"status-publish","4":"has-post-thumbnail","6":"rodzaj-ksiazki","7":"product_cat-ekonomia","8":"product_cat-nowosci","9":"product_tag-przemyslaw-kulawczukprzemyslaw-kulawczuk","11":"first","12":"instock","13":"taxable","14":"shipping-taxable","15":"purchasable","16":"product-type-simple"},"acf":[],"_links":{"self":[{"href":"https:\/\/wydawnictwo.ug.edu.pl\/en\/wp-json\/wp\/v2\/product\/45831","targetHints":{"allow":["GET"]}}],"collection":[{"href":"https:\/\/wydawnictwo.ug.edu.pl\/en\/wp-json\/wp\/v2\/product"}],"about":[{"href":"https:\/\/wydawnictwo.ug.edu.pl\/en\/wp-json\/wp\/v2\/types\/product"}],"wp:featuredmedia":[{"embeddable":true,"href":"https:\/\/wydawnictwo.ug.edu.pl\/en\/wp-json\/wp\/v2\/media\/45028"}],"wp:attachment":[{"href":"https:\/\/wydawnictwo.ug.edu.pl\/en\/wp-json\/wp\/v2\/media?parent=45831"}],"wp:term":[{"taxonomy":"journal","embeddable":true,"href":"https:\/\/wydawnictwo.ug.edu.pl\/en\/wp-json\/wp\/v2\/journal?post=45831"},{"taxonomy":"rodzaj","embeddable":true,"href":"https:\/\/wydawnictwo.ug.edu.pl\/en\/wp-json\/wp\/v2\/rodzaj?post=45831"},{"taxonomy":"seria","embeddable":true,"href":"https:\/\/wydawnictwo.ug.edu.pl\/en\/wp-json\/wp\/v2\/seria?post=45831"},{"taxonomy":"product_brand","embeddable":true,"href":"https:\/\/wydawnictwo.ug.edu.pl\/en\/wp-json\/wp\/v2\/product_brand?post=45831"},{"taxonomy":"product_cat","embeddable":true,"href":"https:\/\/wydawnictwo.ug.edu.pl\/en\/wp-json\/wp\/v2\/product_cat?post=45831"},{"taxonomy":"product_tag","embeddable":true,"href":"https:\/\/wydawnictwo.ug.edu.pl\/en\/wp-json\/wp\/v2\/product_tag?post=45831"}],"curies":[{"name":"wp","href":"https:\/\/api.w.org\/{rel}","templated":true}]}}