{"id":45830,"date":"2025-12-15T08:01:35","date_gmt":"2025-12-15T08:01:35","guid":{"rendered":"https:\/\/wydawnictwo.ug.edu.pl\/ksiegarnia-online\/uncategorized\/akademicka-przedsiebiorczosc-w-ekosystemie-innowacji\/"},"modified":"2026-03-02T10:03:00","modified_gmt":"2026-03-02T10:03:00","slug":"akademicka-przedsiebiorczosc-w-ekosystemie-innowacji","status":"publish","type":"product","link":"https:\/\/wydawnictwo.ug.edu.pl\/en\/ksiegarnia-online\/ekonomia\/akademicka-przedsiebiorczosc-w-ekosystemie-innowacji\/","title":{"rendered":"Akademicka przedsi\u0119biorczo\u015b\u0107 w ekosystemie innowacji"},"content":{"rendered":"","protected":false},"excerpt":{"rendered":"<p><em>Akademicka przedsi\u0119biorczo\u015b\u0107 w ekosystemie innowacji. Sp\u00f3\u0142ki celowe i sp\u00f3\u0142ki spin-off w procesie komercjalizacji wiedzy<\/em><\/p>\n<p>Prac\u0119 zatytu\u0142owan\u0105 <em>Akademicka przedsi\u0119biorczo\u015b\u0107 w ekosystemie innowacji: sp\u00f3\u0142ki celowe i sp\u00f3\u0142ki spin-off w procesie komercjalizacji wiedzy<\/em> wyr\u00f3\u017cnia na tle polskiej literatury po\u015bwi\u0119conej przedsi\u0119biorczo\u015bci akademickiej nie tylko szeroko\u015b\u0107 panoramy i klarowna architektura poj\u0119\u0107, lecz tak\u017ce wgl\u0105d \u201eod kuchni\u201d w codzienno\u015b\u0107 sp\u00f3\u0142ek spin-off i sp\u00f3\u0142ek celowych, rzadko ujmowany z por\u00f3wnywaln\u0105 precyzj\u0105 i operacyjno\u015bci\u0105.<\/p>\n<p style=\"text-align: right;\"><em>Z recenzji prof. dr. hab. in\u017c. Kesry Nermenda<\/em><\/p>\n","protected":false},"featured_media":45023,"template":"","meta":{"_acf_changed":false},"journal":[],"rodzaj":[7074],"seria":[],"product_brand":[],"product_cat":[6934],"product_tag":[7355,7356],"class_list":{"0":"post-45830","1":"product","2":"type-product","3":"status-publish","4":"has-post-thumbnail","6":"rodzaj-ksiazki","7":"product_cat-ekonomia","8":"product_tag-andrzej-poszewiecki","9":"product_tag-wojciech-bizonwojciech-bizon","11":"first","12":"instock","13":"taxable","14":"shipping-taxable","15":"product-type-simple"},"acf":[],"_links":{"self":[{"href":"https:\/\/wydawnictwo.ug.edu.pl\/en\/wp-json\/wp\/v2\/product\/45830","targetHints":{"allow":["GET"]}}],"collection":[{"href":"https:\/\/wydawnictwo.ug.edu.pl\/en\/wp-json\/wp\/v2\/product"}],"about":[{"href":"https:\/\/wydawnictwo.ug.edu.pl\/en\/wp-json\/wp\/v2\/types\/product"}],"wp:featuredmedia":[{"embeddable":true,"href":"https:\/\/wydawnictwo.ug.edu.pl\/en\/wp-json\/wp\/v2\/media\/45023"}],"wp:attachment":[{"href":"https:\/\/wydawnictwo.ug.edu.pl\/en\/wp-json\/wp\/v2\/media?parent=45830"}],"wp:term":[{"taxonomy":"journal","embeddable":true,"href":"https:\/\/wydawnictwo.ug.edu.pl\/en\/wp-json\/wp\/v2\/journal?post=45830"},{"taxonomy":"rodzaj","embeddable":true,"href":"https:\/\/wydawnictwo.ug.edu.pl\/en\/wp-json\/wp\/v2\/rodzaj?post=45830"},{"taxonomy":"seria","embeddable":true,"href":"https:\/\/wydawnictwo.ug.edu.pl\/en\/wp-json\/wp\/v2\/seria?post=45830"},{"taxonomy":"product_brand","embeddable":true,"href":"https:\/\/wydawnictwo.ug.edu.pl\/en\/wp-json\/wp\/v2\/product_brand?post=45830"},{"taxonomy":"product_cat","embeddable":true,"href":"https:\/\/wydawnictwo.ug.edu.pl\/en\/wp-json\/wp\/v2\/product_cat?post=45830"},{"taxonomy":"product_tag","embeddable":true,"href":"https:\/\/wydawnictwo.ug.edu.pl\/en\/wp-json\/wp\/v2\/product_tag?post=45830"}],"curies":[{"name":"wp","href":"https:\/\/api.w.org\/{rel}","templated":true}]}}