{"id":45829,"date":"2025-12-15T11:51:03","date_gmt":"2025-12-15T11:51:03","guid":{"rendered":"https:\/\/wydawnictwo.ug.edu.pl\/ksiegarnia-online\/uncategorized\/miscellanea-anthropologica-et-sociologica-244-251\/"},"modified":"2026-03-05T09:34:43","modified_gmt":"2026-03-05T09:34:43","slug":"miscellanea-anthropologica-et-sociologica-244-251","status":"publish","type":"product","link":"https:\/\/wydawnictwo.ug.edu.pl\/en\/ksiegarnia-online\/socjologia\/miscellanea-anthropologica-et-sociologica-244-251\/","title":{"rendered":"Miscellanea Anthropologica et Sociologica 24(4)\u201325(1)"},"content":{"rendered":"","protected":false},"excerpt":{"rendered":"<p>\u201eMiscellanea Anthropologica et Sociologica\u201d 24(4)\u201325(1): Cia\u0142o, sport i to\u017csamo\u015b\u0107. Wsp\u00f3\u0142czesne praktyki spo\u0142eczno-kulturowe<\/p>\n<p>\u201eMiscellanea Anthropologica et Sociologica\u201d\u00a0to czasopismo akademickie wydawane przez Wydawnictwo Uniwersytetu Gda\u0144skiego. Czasopismo zosta\u0142o za\u0142o\u017cone w roku 1992 i od tamtego czasu publikuje numery tematyczne po\u015bwi\u0119cone zagadnieniom socjologicznym i antropologicznym.<\/p>\n<p>Tom \u201eCia\u0142o, sport i to\u017csamo\u015b\u0107. Wsp\u00f3\u0142czesne praktyki spo\u0142eczno-kulturowe\u201d stanowi interdyscyplinarne studium wsp\u00f3\u0142czesnych praktyk cielesnych, to\u017csamo\u015bciowych oraz kulturowych, osadzonych w z\u0142o\u017conym krajobrazie przemian spo\u0142ecznych. Znajduj\u0105 si\u0119 w nim artyku\u0142y, kt\u00f3re \u2013 cho\u0107 zr\u00f3\u017cnicowane pod wzgl\u0119dem tematycznym \u2013 \u0142\u0105czy wsp\u00f3lna perspektywa: pr\u00f3ba uchwycenia dynamicznych proces\u00f3w redefinicji cia\u0142a, podmiotowo\u015bci i relacji spo\u0142ecznych w dobie p\u00f3\u017anej nowoczesno\u015bci.<\/p>\n<p style=\"text-align: right;\"><em>Od Redakcji<\/em><\/p>\n","protected":false},"featured_media":45021,"template":"","meta":{"_acf_changed":false},"journal":[7064],"rodzaj":[7075,7077],"seria":[],"product_brand":[],"product_cat":[6953],"product_tag":[7354],"class_list":{"0":"post-45829","1":"product","2":"type-product","3":"status-publish","4":"has-post-thumbnail","6":"journal-miscellanea-anthropologica-et-sociologica","7":"rodzaj-e-book","8":"rodzaj-czasopismo","9":"product_cat-socjologia","10":"product_tag-julia-witkowska","12":"first","13":"instock","14":"taxable","15":"shipping-taxable","16":"product-type-external"},"acf":[],"_links":{"self":[{"href":"https:\/\/wydawnictwo.ug.edu.pl\/en\/wp-json\/wp\/v2\/product\/45829","targetHints":{"allow":["GET"]}}],"collection":[{"href":"https:\/\/wydawnictwo.ug.edu.pl\/en\/wp-json\/wp\/v2\/product"}],"about":[{"href":"https:\/\/wydawnictwo.ug.edu.pl\/en\/wp-json\/wp\/v2\/types\/product"}],"wp:featuredmedia":[{"embeddable":true,"href":"https:\/\/wydawnictwo.ug.edu.pl\/en\/wp-json\/wp\/v2\/media\/45021"}],"wp:attachment":[{"href":"https:\/\/wydawnictwo.ug.edu.pl\/en\/wp-json\/wp\/v2\/media?parent=45829"}],"wp:term":[{"taxonomy":"journal","embeddable":true,"href":"https:\/\/wydawnictwo.ug.edu.pl\/en\/wp-json\/wp\/v2\/journal?post=45829"},{"taxonomy":"rodzaj","embeddable":true,"href":"https:\/\/wydawnictwo.ug.edu.pl\/en\/wp-json\/wp\/v2\/rodzaj?post=45829"},{"taxonomy":"seria","embeddable":true,"href":"https:\/\/wydawnictwo.ug.edu.pl\/en\/wp-json\/wp\/v2\/seria?post=45829"},{"taxonomy":"product_brand","embeddable":true,"href":"https:\/\/wydawnictwo.ug.edu.pl\/en\/wp-json\/wp\/v2\/product_brand?post=45829"},{"taxonomy":"product_cat","embeddable":true,"href":"https:\/\/wydawnictwo.ug.edu.pl\/en\/wp-json\/wp\/v2\/product_cat?post=45829"},{"taxonomy":"product_tag","embeddable":true,"href":"https:\/\/wydawnictwo.ug.edu.pl\/en\/wp-json\/wp\/v2\/product_tag?post=45829"}],"curies":[{"name":"wp","href":"https:\/\/api.w.org\/{rel}","templated":true}]}}