{"id":45822,"date":"2025-12-22T08:50:05","date_gmt":"2025-12-22T08:50:05","guid":{"rendered":"https:\/\/wydawnictwo.ug.edu.pl\/ksiegarnia-online\/uncategorized\/ryzyko-nowych-technologii-informacyjnych-w-opiece-zdrowotnej\/"},"modified":"2026-04-09T09:02:30","modified_gmt":"2026-04-09T09:02:30","slug":"ryzyko-nowych-technologii-informacyjnych-w-opiece-zdrowotnej","status":"publish","type":"product","link":"https:\/\/wydawnictwo.ug.edu.pl\/en\/ksiegarnia-online\/nowosci\/ryzyko-nowych-technologii-informacyjnych-w-opiece-zdrowotnej\/","title":{"rendered":"Ryzyko nowych technologii informacyjnych w opiece zdrowotnej"},"content":{"rendered":"","protected":false},"excerpt":{"rendered":"<p>Ksi\u0105\u017cka jest skierowana do praktyk\u00f3w zarz\u0105dzaj\u0105cych opiek\u0105 zdrowotn\u0105 zar\u00f3wno na poziomie ca\u0142ego systemu opieki zdrowotnej jak i poszczeg\u00f3lnych podmiot\u00f3w medycznych (szpitali, przychodni itp). W\u015br\u00f3d odbiorc\u00f3w mo\u017cna r\u00f3wnie\u017c wymieni\u0107 personel medyczny r\u00f3\u017cnych szczebli, kt\u00f3ry bezpo\u015brednio korzysta z innowacji technologicznych w swojej pracy.<\/p>\n<p>Inni adresaci to organizacje zajmuj\u0105ce si\u0119 wspierania przedsi\u0119biorczo\u015bci technologicznej, start-up\u00f3w technologicznych, park\u00f3w technologicznych, naukowc\u00f3w zajmuj\u0105cych si\u0119 innowacjami technologicznymi w obszarze medycyny.<\/p>\n","protected":false},"featured_media":45000,"template":"","meta":{"_acf_changed":false},"journal":[],"rodzaj":[7074],"seria":[],"product_brand":[],"product_cat":[7311],"product_tag":[7343],"class_list":{"0":"post-45822","1":"product","2":"type-product","3":"status-publish","4":"has-post-thumbnail","6":"rodzaj-ksiazki","7":"product_cat-nowosci","8":"product_tag-jerzy-podlewski","10":"first","11":"instock","12":"taxable","13":"shipping-taxable","14":"purchasable","15":"product-type-simple"},"acf":[],"_links":{"self":[{"href":"https:\/\/wydawnictwo.ug.edu.pl\/en\/wp-json\/wp\/v2\/product\/45822","targetHints":{"allow":["GET"]}}],"collection":[{"href":"https:\/\/wydawnictwo.ug.edu.pl\/en\/wp-json\/wp\/v2\/product"}],"about":[{"href":"https:\/\/wydawnictwo.ug.edu.pl\/en\/wp-json\/wp\/v2\/types\/product"}],"wp:featuredmedia":[{"embeddable":true,"href":"https:\/\/wydawnictwo.ug.edu.pl\/en\/wp-json\/wp\/v2\/media\/45000"}],"wp:attachment":[{"href":"https:\/\/wydawnictwo.ug.edu.pl\/en\/wp-json\/wp\/v2\/media?parent=45822"}],"wp:term":[{"taxonomy":"journal","embeddable":true,"href":"https:\/\/wydawnictwo.ug.edu.pl\/en\/wp-json\/wp\/v2\/journal?post=45822"},{"taxonomy":"rodzaj","embeddable":true,"href":"https:\/\/wydawnictwo.ug.edu.pl\/en\/wp-json\/wp\/v2\/rodzaj?post=45822"},{"taxonomy":"seria","embeddable":true,"href":"https:\/\/wydawnictwo.ug.edu.pl\/en\/wp-json\/wp\/v2\/seria?post=45822"},{"taxonomy":"product_brand","embeddable":true,"href":"https:\/\/wydawnictwo.ug.edu.pl\/en\/wp-json\/wp\/v2\/product_brand?post=45822"},{"taxonomy":"product_cat","embeddable":true,"href":"https:\/\/wydawnictwo.ug.edu.pl\/en\/wp-json\/wp\/v2\/product_cat?post=45822"},{"taxonomy":"product_tag","embeddable":true,"href":"https:\/\/wydawnictwo.ug.edu.pl\/en\/wp-json\/wp\/v2\/product_tag?post=45822"}],"curies":[{"name":"wp","href":"https:\/\/api.w.org\/{rel}","templated":true}]}}