{"id":45821,"date":"2025-12-22T11:25:29","date_gmt":"2025-12-22T11:25:29","guid":{"rendered":"https:\/\/wydawnictwo.ug.edu.pl\/ksiegarnia-online\/uncategorized\/teatr-terayamy-shuji\/"},"modified":"2026-04-07T10:21:50","modified_gmt":"2026-04-07T10:21:50","slug":"teatr-terayamy-shuji","status":"publish","type":"product","link":"https:\/\/wydawnictwo.ug.edu.pl\/en\/ksiegarnia-online\/historia-sztuki-i-kulturoznawstwo\/teatr-terayamy-shuji\/","title":{"rendered":"Teatr Terayamy Sh\u016bji"},"content":{"rendered":"","protected":false},"excerpt":{"rendered":"<p><strong>Terayama Sh\u016bji<\/strong> (1935\u20131983) to jeden z najwybitniejszych tw\u00f3rc\u00f3w wsp\u00f3\u0142czesnego teatru japo\u0144skiego. W swoich pracach cz\u0119sto odwo\u0142ywa\u0142 si\u0119 do lokalnych wierze\u0144. Inspirowa\u0142y go kultury pierwotne, a teatr postrzega\u0142 w analogii do magii. Cz\u0119sty motyw jego tw\u00f3rczo\u015bci stanowi system rodzinny jako decyduj\u0105cy element to\u017csamo\u015bci Japo\u0144czyk\u00f3w. Szczeg\u00f3lne znaczenie nadawa\u0142 przestrzeni teatralnej, rozumiej\u0105c j\u0105 jako \u201eprzestrze\u0144 s\u0142\u00f3w\u201d, \u201eprzestrze\u0144 przypadkowych spotka\u0144\u201d oraz \u201eprzestrze\u0144 wyobra\u017ani\u201d, kt\u00f3re wi\u0105\u017c\u0105 si\u0119 u niego z koncepcj\u0105 \u201eprzestrzeni performatywnej\u201d.<\/p>\n<p>Terayama krytycznie odnosi\u0142 si\u0119 do teatr\u00f3w Bertolta Brechta i Konstantina Stanis\u0142awskiego, jednak to w\u0142a\u015bnie ich teorie pomog\u0142y mu sformu\u0142owa\u0107 w\u0142asn\u0105 \u201edramaturgi\u0119 spotkania\u201d. Pozostawa\u0142 pod silnym wp\u0142ywem Antonina Artauda i jego spadkobiercy \u2013 The Living Theatre. Nawi\u0105zywa\u0142 do koncepcji aktora jako medium magicznego, teatru jako magicznego rytua\u0142u czy d\u017cumy wywo\u0142anej przez martwego szczura. Prac\u0119 Jerzego Grotowskiego i Richarda Schechnera postrzega\u0142 jako indywidualistyczny i zamkni\u0119ty \u201eteatr cia\u0142a\u201d, kt\u00f3remu przeciwstawia\u0142 sw\u00f3j postulat \u201ecia\u0142a synchronicznego\u201d. Jego uj\u0119cie \u201edramaturgii \u00abprzerwy\u00bb&#8221; wiele zawdzi\u0119cza Tadeuszowi Kantorowi i Witkacemu.<\/p>\n<p>Seria Biblioteka Studi\u00f3w Azji Wschodniej (redaktor serii: Kamil Zeidler).<\/p>\n","protected":false},"featured_media":44996,"template":"","meta":{"_acf_changed":false},"journal":[],"rodzaj":[7074],"seria":[7079],"product_brand":[],"product_cat":[6936],"product_tag":[7342],"class_list":{"0":"post-45821","1":"product","2":"type-product","3":"status-publish","4":"has-post-thumbnail","6":"rodzaj-ksiazki","7":"seria-biblioteka-studiow-azji-wschodniej","8":"product_cat-historia-sztuki-i-kulturoznawstwo","9":"product_tag-terumichi-tsuda","11":"first","12":"instock","13":"taxable","14":"shipping-taxable","15":"purchasable","16":"product-type-simple"},"acf":[],"_links":{"self":[{"href":"https:\/\/wydawnictwo.ug.edu.pl\/en\/wp-json\/wp\/v2\/product\/45821","targetHints":{"allow":["GET"]}}],"collection":[{"href":"https:\/\/wydawnictwo.ug.edu.pl\/en\/wp-json\/wp\/v2\/product"}],"about":[{"href":"https:\/\/wydawnictwo.ug.edu.pl\/en\/wp-json\/wp\/v2\/types\/product"}],"wp:featuredmedia":[{"embeddable":true,"href":"https:\/\/wydawnictwo.ug.edu.pl\/en\/wp-json\/wp\/v2\/media\/44996"}],"wp:attachment":[{"href":"https:\/\/wydawnictwo.ug.edu.pl\/en\/wp-json\/wp\/v2\/media?parent=45821"}],"wp:term":[{"taxonomy":"journal","embeddable":true,"href":"https:\/\/wydawnictwo.ug.edu.pl\/en\/wp-json\/wp\/v2\/journal?post=45821"},{"taxonomy":"rodzaj","embeddable":true,"href":"https:\/\/wydawnictwo.ug.edu.pl\/en\/wp-json\/wp\/v2\/rodzaj?post=45821"},{"taxonomy":"seria","embeddable":true,"href":"https:\/\/wydawnictwo.ug.edu.pl\/en\/wp-json\/wp\/v2\/seria?post=45821"},{"taxonomy":"product_brand","embeddable":true,"href":"https:\/\/wydawnictwo.ug.edu.pl\/en\/wp-json\/wp\/v2\/product_brand?post=45821"},{"taxonomy":"product_cat","embeddable":true,"href":"https:\/\/wydawnictwo.ug.edu.pl\/en\/wp-json\/wp\/v2\/product_cat?post=45821"},{"taxonomy":"product_tag","embeddable":true,"href":"https:\/\/wydawnictwo.ug.edu.pl\/en\/wp-json\/wp\/v2\/product_tag?post=45821"}],"curies":[{"name":"wp","href":"https:\/\/api.w.org\/{rel}","templated":true}]}}