{"id":45820,"date":"2026-02-17T07:50:35","date_gmt":"2026-02-17T07:50:35","guid":{"rendered":"https:\/\/wydawnictwo.ug.edu.pl\/ksiegarnia-online\/uncategorized\/regulacyjne-uwarunkowania-rozwoju-instrumentow-rynku-finansowego\/"},"modified":"2026-04-02T13:08:16","modified_gmt":"2026-04-02T13:08:16","slug":"regulacyjne-uwarunkowania-rozwoju-instrumentow-rynku-finansowego-2","status":"publish","type":"product","link":"https:\/\/wydawnictwo.ug.edu.pl\/en\/ksiegarnia-online\/ekonomia\/regulacyjne-uwarunkowania-rozwoju-instrumentow-rynku-finansowego-2\/","title":{"rendered":"Regulacyjne uwarunkowania rozwoju instrument\u00f3w rynku finansowego"},"content":{"rendered":"","protected":false},"excerpt":{"rendered":"<p>Dynamiczny rozw\u00f3j instrument\u00f3w finansowych w pierwszych latach XXI w. oraz akcesja Polski do Unii Europejskiej spowodowa\u0142y, \u017ce zar\u00f3wno siedemdziesi\u0119cioletni kodeks handlowy, jak i ustawy z po\u0142owy lat dziewi\u0119\u0107dziesi\u0105tych XX w. nie przystawa\u0142y ju\u017c do wsp\u00f3\u0142czesnego obrotu gospodarczego. St\u0105d te\u017c w 2000 r. uchwalono nowoczesny kodeks sp\u00f3\u0142ek handlowych, w 2004 r. now\u0105 ustaw\u0119 reguluj\u0105c\u0105 fundusze inwestycyjne, a w 2005 r. zestaw trzech ustaw dotycz\u0105cych publicznego obrotu instrumentami finansowymi. W 2006 r. uchwalono natomiast ustaw\u0119 o nadzorze nad rynkiem finansowym, powo\u0142uj\u0105c\u0105 do \u017cycia najwa\u017cniejsza instytucj\u0119 systemu nadzorczego w Polsce \u2013 Komisj\u0119 Nadzoru Finansowego.<\/p>\n<p>Konsekwencj\u0105 powy\u017cszych obserwacji jest niniejsza monografia, w kt\u00f3rej przebadano zasygnalizowane regulacje dotycz\u0105ce emisji instrument\u00f3w rynku kapita\u0142owego i pieni\u0119\u017cnego. Skupiono si\u0119 na genezie i ewolucji uregulowa\u0144 dotycz\u0105cych emisji poszczeg\u00f3lnych instrument\u00f3w finansowych wyst\u0119puj\u0105cych na polskim rynku.<\/p>\n","protected":false},"featured_media":44993,"template":"","meta":{"_acf_changed":false},"journal":[],"rodzaj":[7074],"seria":[],"product_brand":[],"product_cat":[6934],"product_tag":[7341],"class_list":{"0":"post-45820","1":"product","2":"type-product","3":"status-publish","4":"has-post-thumbnail","6":"rodzaj-ksiazki","7":"product_cat-ekonomia","8":"product_tag-slawomir-antkiewiczslawomir-antkiewicz","10":"first","11":"instock","12":"taxable","13":"shipping-taxable","14":"product-type-simple"},"acf":[],"_links":{"self":[{"href":"https:\/\/wydawnictwo.ug.edu.pl\/en\/wp-json\/wp\/v2\/product\/45820","targetHints":{"allow":["GET"]}}],"collection":[{"href":"https:\/\/wydawnictwo.ug.edu.pl\/en\/wp-json\/wp\/v2\/product"}],"about":[{"href":"https:\/\/wydawnictwo.ug.edu.pl\/en\/wp-json\/wp\/v2\/types\/product"}],"wp:featuredmedia":[{"embeddable":true,"href":"https:\/\/wydawnictwo.ug.edu.pl\/en\/wp-json\/wp\/v2\/media\/44993"}],"wp:attachment":[{"href":"https:\/\/wydawnictwo.ug.edu.pl\/en\/wp-json\/wp\/v2\/media?parent=45820"}],"wp:term":[{"taxonomy":"journal","embeddable":true,"href":"https:\/\/wydawnictwo.ug.edu.pl\/en\/wp-json\/wp\/v2\/journal?post=45820"},{"taxonomy":"rodzaj","embeddable":true,"href":"https:\/\/wydawnictwo.ug.edu.pl\/en\/wp-json\/wp\/v2\/rodzaj?post=45820"},{"taxonomy":"seria","embeddable":true,"href":"https:\/\/wydawnictwo.ug.edu.pl\/en\/wp-json\/wp\/v2\/seria?post=45820"},{"taxonomy":"product_brand","embeddable":true,"href":"https:\/\/wydawnictwo.ug.edu.pl\/en\/wp-json\/wp\/v2\/product_brand?post=45820"},{"taxonomy":"product_cat","embeddable":true,"href":"https:\/\/wydawnictwo.ug.edu.pl\/en\/wp-json\/wp\/v2\/product_cat?post=45820"},{"taxonomy":"product_tag","embeddable":true,"href":"https:\/\/wydawnictwo.ug.edu.pl\/en\/wp-json\/wp\/v2\/product_tag?post=45820"}],"curies":[{"name":"wp","href":"https:\/\/api.w.org\/{rel}","templated":true}]}}