{"id":47334,"date":"2021-08-17T08:50:06","date_gmt":"2021-08-17T08:50:06","guid":{"rendered":"https:\/\/wydawnictwo.ug.edu.pl\/university-bookstore\/"},"modified":"2026-02-09T12:44:48","modified_gmt":"2026-02-09T12:44:48","slug":"university-bookstore","status":"publish","type":"page","link":"https:\/\/wydawnictwo.ug.edu.pl\/en\/university-bookstore\/","title":{"rendered":"University Bookstore"},"content":{"rendered":"\t\t<div data-elementor-type=\"wp-page\" data-elementor-id=\"47334\" class=\"elementor elementor-47334\" data-elementor-post-type=\"page\">\n\t\t\t\t<div class=\"elementor-element elementor-element-bb519a5 p-4 py-20 e-flex e-con-boxed e-con e-parent\" data-id=\"bb519a5\" data-element_type=\"container\" data-e-type=\"container\" data-settings=\"{&quot;background_background&quot;:&quot;classic&quot;}\">\n\t\t\t\t\t<div class=\"e-con-inner\">\n\t\t\t\t<div class=\"elementor-element elementor-element-73d334f pb-10 elementor-widget elementor-widget-image\" data-id=\"73d334f\" data-element_type=\"widget\" data-e-type=\"widget\" data-widget_type=\"image.default\">\n\t\t\t\t\t\t\t\t\t\t\t\t\t\t\t<img decoding=\"async\" width=\"150\" height=\"150\" src=\"https:\/\/wydawnictwo.ug.edu.pl\/wp-content\/uploads\/2025\/06\/foczka-1-300x300-1-150x150.png\" class=\"attachment-thumbnail size-thumbnail wp-image-47236\" alt=\"\" srcset=\"https:\/\/wydawnictwo.ug.edu.pl\/wp-content\/uploads\/2025\/06\/foczka-1-300x300-1-150x150.png 150w, https:\/\/wydawnictwo.ug.edu.pl\/wp-content\/uploads\/2025\/06\/foczka-1-300x300-1-100x100.png 100w, https:\/\/wydawnictwo.ug.edu.pl\/wp-content\/uploads\/2025\/06\/foczka-1-300x300-1.png 300w\" sizes=\"(max-width: 150px) 100vw, 150px\" \/>\t\t\t\t\t\t\t\t\t\t\t\t\t\t\t<\/div>\n\t\t\t\t<div class=\"elementor-element elementor-element-50152cf drop-shadow-lg elementor-invisible elementor-widget elementor-widget-heading\" data-id=\"50152cf\" data-element_type=\"widget\" data-e-type=\"widget\" data-settings=\"{&quot;_animation&quot;:&quot;fadeInDown&quot;}\" data-widget_type=\"heading.default\">\n\t\t\t\t\t<h1 class=\"elementor-heading-title elementor-size-default\">University bookstore<\/h1>\t\t\t\t<\/div>\n\t\t\t\t\t<\/div>\n\t\t\t\t<\/div>\n\t\t<div class=\"elementor-element elementor-element-3f2a522 p-4 py-10 e-flex e-con-boxed e-con e-parent\" data-id=\"3f2a522\" data-element_type=\"container\" data-e-type=\"container\">\n\t\t\t\t\t<div class=\"e-con-inner\">\n\t\t\t\t<div class=\"elementor-element elementor-element-889a195 elementor-widget elementor-widget-text-editor\" data-id=\"889a195\" data-element_type=\"widget\" data-e-type=\"widget\" data-widget_type=\"text-editor.default\">\n\t\t\t\t\t\t\t\t\t<p>On May 23, 2022, we opened the University Bookstore in the Faculty of Social Sciences \u2014 a new meeting place not only for students and researchers of the University of Gda\u0144sk, but also for everyone outside the university who craves good reading, delicious coffee, and a friendly atmosphere. Here you can purchase books published by the University of Gda\u0144sk Press and other academic, popular science, and literary publishers. The new space also hosts author meetings promoting publications by the University of Gda\u0144sk Press, and the wide stairs fitted with electrical outlets are the perfect place to work or relax.<\/p><p>The caf\u00e9 section of the bookstore, run by the owners of the small caf\u00e9 Cha\u0142upka Wejherowo, known as Ksi\u0105\u017ck\u0105 i Kaw\u0105 (Book and Coffee), delights guests with the aromas of teas and coffees brewed from beans sourced from the best roasteries in Poland. Tea and coffee enthusiasts can choose from various types of tea and black and white coffees, brewed in a lever or pour-over espresso machine. There are also plenty of sweet and savory snacks: from breakfast options like smoothies and granola, through sandwiches, to cakes.<\/p><h2>We Love Books<\/h2><p>We firmly believe that in the age of the Internet, the proliferation of e-books, and open-access resources, these tangible, printed publications remain unrivaled and hold something that no electronic file will ever replace. That is why we want to surround ourselves with them, and we hope that a space built almost entirely from books will influence our visitors in such a way that they will succumb to the charm of these traditional books and want to take them to their homes.<\/p><h2>More Than Just Books<\/h2><p>For those seeking more than just books, our bookstore also offers original promotional gadgets related to the University of Gda\u0144sk. Here you can buy, among other things, mugs, notepads, bags, and many other items that can serve as both a great gift and a souvenir for those visiting our campus.<\/p><h2>We Are Open to You and for You<\/h2><p>We want our readers and guests to create this place with us by participating in events organized here or by posting short reviews and recommendations about the books offered in the bookstore, and even by submitting your ideas and suggestions regarding our offer. To do this, all you need to do is join our Readers&#8217; Club or like one of our social media pages.<\/p><p><strong><em>Piotr Stepnowski and Joanna Kamie\u0144<\/em><\/strong><\/p>\t\t\t\t\t\t\t\t<\/div>\n\t\t\t\t\t<\/div>\n\t\t\t\t<\/div>\n\t\t<div class=\"elementor-element elementor-element-8f04c69 e-flex e-con-boxed e-con e-parent\" data-id=\"8f04c69\" data-element_type=\"container\" data-e-type=\"container\">\n\t\t\t\t\t<div class=\"e-con-inner\">\n\t\t\t\t<div class=\"elementor-element elementor-element-5b73344 elementor-widget elementor-widget-text-editor\" data-id=\"5b73344\" data-element_type=\"widget\" data-e-type=\"widget\" data-widget_type=\"text-editor.default\">\n\t\t\t\t\t\t\t\t\t<p style=\"text-align: center;\"><img decoding=\"async\" class=\"alignnone wp-image-41233\" src=\"https:\/\/wydawnictwo.ug.edu.pl\/wp-content\/uploads\/2025\/06\/foczka-1-300x300-1.png\" alt=\"\" width=\"76\" height=\"76\" srcset=\"https:\/\/wydawnictwo.ug.edu.pl\/wp-content\/uploads\/2025\/06\/foczka-1-300x300-1.png 300w, https:\/\/wydawnictwo.ug.edu.pl\/wp-content\/uploads\/2025\/06\/foczka-1-300x300-1-150x150.png 150w, https:\/\/wydawnictwo.ug.edu.pl\/wp-content\/uploads\/2025\/06\/foczka-1-300x300-1-100x100.png 100w\" sizes=\"(max-width: 76px) 100vw, 76px\" \/><\/p><p style=\"text-align: center;\">Bookstore social media:<br \/><a href=\"https:\/\/www.facebook.com\/ksiegarniaUG\/\" target=\"_blank\" rel=\"noopener\">Facebook<\/a> &amp;\u00a0<a href=\"https:\/\/www.instagram.com\/ksiegarniaug\/\" target=\"_blank\" rel=\"noopener\">Instagram<\/a><\/p><p>\u00a0<\/p>\t\t\t\t\t\t\t\t<\/div>\n\t\t\t\t<div class=\"elementor-element elementor-element-25af3ab elementor-widget elementor-widget-text-editor\" data-id=\"25af3ab\" data-element_type=\"widget\" data-e-type=\"widget\" data-widget_type=\"text-editor.default\">\n\t\t\t\t\t\t\t\t\t<p style=\"text-align: center;\"><img decoding=\"async\" class=\"alignnone wp-image-41255\" src=\"https:\/\/wydawnictwo.ug.edu.pl\/wp-content\/uploads\/2025\/06\/Logo-Ksiazka-i-kawa-1-300x295-1.png\" alt=\"\" width=\"155\" height=\"153\" srcset=\"https:\/\/wydawnictwo.ug.edu.pl\/wp-content\/uploads\/2025\/06\/Logo-Ksiazka-i-kawa-1-300x295-1.png 300w, https:\/\/wydawnictwo.ug.edu.pl\/wp-content\/uploads\/2025\/06\/Logo-Ksiazka-i-kawa-1-300x295-1-100x100.png 100w\" sizes=\"(max-width: 155px) 100vw, 155px\" \/><br \/>Cafe Ksi\u0105\u017ck\u0105 i Kaw\u0105 social media:<br \/><a href=\"https:\/\/www.facebook.com\/KawiarniaKiKUg\">Facebook<\/a> &amp; <a href=\"https:\/\/www.instagram.com\/kawiarnia_kik_ug\/\">Instagram<\/a><\/p>\t\t\t\t\t\t\t\t<\/div>\n\t\t\t\t<div class=\"elementor-element elementor-element-f62481c elementor-widget elementor-widget-text-editor\" data-id=\"f62481c\" data-element_type=\"widget\" data-e-type=\"widget\" data-widget_type=\"text-editor.default\">\n\t\t\t\t\t\t\t\t\t<h5 style=\"text-align: center;\"><strong>Opening hours:<\/strong><\/h5>\n<p style=\"text-align: center;\">Monday \u2013 Friday: 08:00\u201316:00\nSaturday: 09:00\u201315:00\nSunday: 10:00\u201314:00<\/p>\t\t\t\t\t\t\t\t<\/div>\n\t\t<div class=\"elementor-element elementor-element-2019962 px-4 py-20 e-con-full e-flex e-con e-child\" data-id=\"2019962\" data-element_type=\"container\" data-e-type=\"container\">\n\t\t\t\t<div class=\"elementor-element elementor-element-492ba47 gallery-spacing-custom elementor-widget elementor-widget-image-gallery\" data-id=\"492ba47\" data-element_type=\"widget\" data-e-type=\"widget\" data-widget_type=\"image-gallery.default\">\n\t\t\t\t\t\t\t<div class=\"elementor-image-gallery\">\n\t\t\t<div id='gallery-1' class='gallery galleryid-47334 gallery-columns-4 gallery-size-woocommerce_thumbnail'><figure class='gallery-item'>\n\t\t\t<div class='gallery-icon portrait'>\n\t\t\t\t<a data-elementor-open-lightbox=\"yes\" data-elementor-lightbox-slideshow=\"492ba47\" data-elementor-lightbox-title=\"159-scaled-1\" data-e-action-hash=\"#elementor-action%3Aaction%3Dlightbox%26settings%3DeyJpZCI6NDcyMjcsInVybCI6Imh0dHBzOlwvXC93eWRhd25pY3R3by51Zy5lZHUucGxcL3dwLWNvbnRlbnRcL3VwbG9hZHNcLzIwMjVcLzA0XC8xNTktc2NhbGVkLTEuanBnIiwic2xpZGVzaG93IjoiNDkyYmE0NyJ9\" href='https:\/\/wydawnictwo.ug.edu.pl\/wp-content\/uploads\/2025\/04\/159-scaled-1.jpg'><img loading=\"lazy\" decoding=\"async\" width=\"600\" height=\"600\" src=\"https:\/\/wydawnictwo.ug.edu.pl\/wp-content\/uploads\/2025\/04\/159-scaled-1-600x600.jpg\" class=\"attachment-woocommerce_thumbnail size-woocommerce_thumbnail\" alt=\"\" srcset=\"https:\/\/wydawnictwo.ug.edu.pl\/wp-content\/uploads\/2025\/04\/159-scaled-1-600x600.jpg 600w, https:\/\/wydawnictwo.ug.edu.pl\/wp-content\/uploads\/2025\/04\/159-scaled-1-150x150.jpg 150w, https:\/\/wydawnictwo.ug.edu.pl\/wp-content\/uploads\/2025\/04\/159-scaled-1-100x100.jpg 100w\" sizes=\"(max-width: 600px) 100vw, 600px\" \/><\/a>\n\t\t\t<\/div><\/figure><figure class='gallery-item'>\n\t\t\t<div class='gallery-icon landscape'>\n\t\t\t\t<a data-elementor-open-lightbox=\"yes\" data-elementor-lightbox-slideshow=\"492ba47\" data-elementor-lightbox-title=\"DSC_0242_1\" data-e-action-hash=\"#elementor-action%3Aaction%3Dlightbox%26settings%3DeyJpZCI6NDc4NTQsInVybCI6Imh0dHBzOlwvXC93eWRhd25pY3R3by51Zy5lZHUucGxcL3dwLWNvbnRlbnRcL3VwbG9hZHNcLzIwMjVcLzA2XC9EU0NfMDI0Ml8xLmpwZyIsInNsaWRlc2hvdyI6IjQ5MmJhNDcifQ%3D%3D\" href='https:\/\/wydawnictwo.ug.edu.pl\/wp-content\/uploads\/2025\/06\/DSC_0242_1.jpg'><img loading=\"lazy\" decoding=\"async\" width=\"600\" height=\"600\" src=\"https:\/\/wydawnictwo.ug.edu.pl\/wp-content\/uploads\/2025\/06\/DSC_0242_1-600x600.jpg\" class=\"attachment-woocommerce_thumbnail size-woocommerce_thumbnail\" alt=\"\" srcset=\"https:\/\/wydawnictwo.ug.edu.pl\/wp-content\/uploads\/2025\/06\/DSC_0242_1-600x600.jpg 600w, https:\/\/wydawnictwo.ug.edu.pl\/wp-content\/uploads\/2025\/06\/DSC_0242_1-150x150.jpg 150w, https:\/\/wydawnictwo.ug.edu.pl\/wp-content\/uploads\/2025\/06\/DSC_0242_1-100x100.jpg 100w\" sizes=\"(max-width: 600px) 100vw, 600px\" \/><\/a>\n\t\t\t<\/div><\/figure><figure class='gallery-item'>\n\t\t\t<div class='gallery-icon landscape'>\n\t\t\t\t<a data-elementor-open-lightbox=\"yes\" data-elementor-lightbox-slideshow=\"492ba47\" data-elementor-lightbox-title=\"IMG_4712\" data-e-action-hash=\"#elementor-action%3Aaction%3Dlightbox%26settings%3DeyJpZCI6NDc4NTEsInVybCI6Imh0dHBzOlwvXC93eWRhd25pY3R3by51Zy5lZHUucGxcL3dwLWNvbnRlbnRcL3VwbG9hZHNcLzIwMjVcLzA2XC9JTUdfNDcxMi0xLndlYnAiLCJzbGlkZXNob3ciOiI0OTJiYTQ3In0%3D\" href='https:\/\/wydawnictwo.ug.edu.pl\/wp-content\/uploads\/2025\/06\/IMG_4712-1.webp'><img loading=\"lazy\" decoding=\"async\" width=\"600\" height=\"600\" src=\"https:\/\/wydawnictwo.ug.edu.pl\/wp-content\/uploads\/2025\/06\/IMG_4712-1-600x600.webp\" class=\"attachment-woocommerce_thumbnail size-woocommerce_thumbnail\" alt=\"\" srcset=\"https:\/\/wydawnictwo.ug.edu.pl\/wp-content\/uploads\/2025\/06\/IMG_4712-1-600x600.webp 600w, https:\/\/wydawnictwo.ug.edu.pl\/wp-content\/uploads\/2025\/06\/IMG_4712-1-150x150.webp 150w, https:\/\/wydawnictwo.ug.edu.pl\/wp-content\/uploads\/2025\/06\/IMG_4712-1-100x100.webp 100w\" sizes=\"(max-width: 600px) 100vw, 600px\" \/><\/a>\n\t\t\t<\/div><\/figure><figure class='gallery-item'>\n\t\t\t<div class='gallery-icon portrait'>\n\t\t\t\t<a data-elementor-open-lightbox=\"yes\" data-elementor-lightbox-slideshow=\"492ba47\" data-elementor-lightbox-title=\"IMG_4718\" data-e-action-hash=\"#elementor-action%3Aaction%3Dlightbox%26settings%3DeyJpZCI6NDc4NTMsInVybCI6Imh0dHBzOlwvXC93eWRhd25pY3R3by51Zy5lZHUucGxcL3dwLWNvbnRlbnRcL3VwbG9hZHNcLzIwMjVcLzA2XC9JTUdfNDcxOC53ZWJwIiwic2xpZGVzaG93IjoiNDkyYmE0NyJ9\" href='https:\/\/wydawnictwo.ug.edu.pl\/wp-content\/uploads\/2025\/06\/IMG_4718.webp'><img loading=\"lazy\" decoding=\"async\" width=\"600\" height=\"600\" src=\"https:\/\/wydawnictwo.ug.edu.pl\/wp-content\/uploads\/2025\/06\/IMG_4718-600x600.webp\" class=\"attachment-woocommerce_thumbnail size-woocommerce_thumbnail\" alt=\"\" srcset=\"https:\/\/wydawnictwo.ug.edu.pl\/wp-content\/uploads\/2025\/06\/IMG_4718-600x600.webp 600w, https:\/\/wydawnictwo.ug.edu.pl\/wp-content\/uploads\/2025\/06\/IMG_4718-150x150.webp 150w, https:\/\/wydawnictwo.ug.edu.pl\/wp-content\/uploads\/2025\/06\/IMG_4718-100x100.webp 100w\" sizes=\"(max-width: 600px) 100vw, 600px\" \/><\/a>\n\t\t\t<\/div><\/figure><figure class='gallery-item'>\n\t\t\t<div class='gallery-icon landscape'>\n\t\t\t\t<a data-elementor-open-lightbox=\"yes\" data-elementor-lightbox-slideshow=\"492ba47\" data-elementor-lightbox-title=\"bez nazwy (78 z 103)\" data-e-action-hash=\"#elementor-action%3Aaction%3Dlightbox%26settings%3DeyJpZCI6NDc4NTcsInVybCI6Imh0dHBzOlwvXC93eWRhd25pY3R3by51Zy5lZHUucGxcL3dwLWNvbnRlbnRcL3VwbG9hZHNcLzIwMjVcLzA2XC9iZXotbmF6d3ktNzgtei0xMDMuanBnIiwic2xpZGVzaG93IjoiNDkyYmE0NyJ9\" href='https:\/\/wydawnictwo.ug.edu.pl\/wp-content\/uploads\/2025\/06\/bez-nazwy-78-z-103.jpg'><img loading=\"lazy\" decoding=\"async\" width=\"600\" height=\"600\" src=\"https:\/\/wydawnictwo.ug.edu.pl\/wp-content\/uploads\/2025\/06\/bez-nazwy-78-z-103-600x600.jpg\" class=\"attachment-woocommerce_thumbnail size-woocommerce_thumbnail\" alt=\"\" srcset=\"https:\/\/wydawnictwo.ug.edu.pl\/wp-content\/uploads\/2025\/06\/bez-nazwy-78-z-103-600x600.jpg 600w, https:\/\/wydawnictwo.ug.edu.pl\/wp-content\/uploads\/2025\/06\/bez-nazwy-78-z-103-150x150.jpg 150w, https:\/\/wydawnictwo.ug.edu.pl\/wp-content\/uploads\/2025\/06\/bez-nazwy-78-z-103-100x100.jpg 100w\" sizes=\"(max-width: 600px) 100vw, 600px\" \/><\/a>\n\t\t\t<\/div><\/figure><figure class='gallery-item'>\n\t\t\t<div class='gallery-icon portrait'>\n\t\t\t\t<a data-elementor-open-lightbox=\"yes\" data-elementor-lightbox-slideshow=\"492ba47\" data-elementor-lightbox-title=\"DSC_0965\" data-e-action-hash=\"#elementor-action%3Aaction%3Dlightbox%26settings%3DeyJpZCI6NDc4NTUsInVybCI6Imh0dHBzOlwvXC93eWRhd25pY3R3by51Zy5lZHUucGxcL3dwLWNvbnRlbnRcL3VwbG9hZHNcLzIwMjVcLzA2XC9EU0NfMDk2NS5qcGciLCJzbGlkZXNob3ciOiI0OTJiYTQ3In0%3D\" href='https:\/\/wydawnictwo.ug.edu.pl\/wp-content\/uploads\/2025\/06\/DSC_0965.jpg'><img loading=\"lazy\" decoding=\"async\" width=\"600\" height=\"600\" src=\"https:\/\/wydawnictwo.ug.edu.pl\/wp-content\/uploads\/2025\/06\/DSC_0965-600x600.jpg\" class=\"attachment-woocommerce_thumbnail size-woocommerce_thumbnail\" alt=\"\" srcset=\"https:\/\/wydawnictwo.ug.edu.pl\/wp-content\/uploads\/2025\/06\/DSC_0965-600x600.jpg 600w, https:\/\/wydawnictwo.ug.edu.pl\/wp-content\/uploads\/2025\/06\/DSC_0965-150x150.jpg 150w, https:\/\/wydawnictwo.ug.edu.pl\/wp-content\/uploads\/2025\/06\/DSC_0965-100x100.jpg 100w\" sizes=\"(max-width: 600px) 100vw, 600px\" \/><\/a>\n\t\t\t<\/div><\/figure><figure class='gallery-item'>\n\t\t\t<div class='gallery-icon landscape'>\n\t\t\t\t<a data-elementor-open-lightbox=\"yes\" data-elementor-lightbox-slideshow=\"492ba47\" data-elementor-lightbox-title=\"DSC_0962-1\" data-e-action-hash=\"#elementor-action%3Aaction%3Dlightbox%26settings%3DeyJpZCI6NDcyMzMsInVybCI6Imh0dHBzOlwvXC93eWRhd25pY3R3by51Zy5lZHUucGxcL3dwLWNvbnRlbnRcL3VwbG9hZHNcLzIwMjVcLzA0XC9EU0NfMDk2Mi0xLmpwZyIsInNsaWRlc2hvdyI6IjQ5MmJhNDcifQ%3D%3D\" href='https:\/\/wydawnictwo.ug.edu.pl\/wp-content\/uploads\/2025\/04\/DSC_0962-1.jpg'><img loading=\"lazy\" decoding=\"async\" width=\"600\" height=\"600\" src=\"https:\/\/wydawnictwo.ug.edu.pl\/wp-content\/uploads\/2025\/04\/DSC_0962-1-600x600.jpg\" class=\"attachment-woocommerce_thumbnail size-woocommerce_thumbnail\" alt=\"\" srcset=\"https:\/\/wydawnictwo.ug.edu.pl\/wp-content\/uploads\/2025\/04\/DSC_0962-1-600x600.jpg 600w, https:\/\/wydawnictwo.ug.edu.pl\/wp-content\/uploads\/2025\/04\/DSC_0962-1-150x150.jpg 150w, https:\/\/wydawnictwo.ug.edu.pl\/wp-content\/uploads\/2025\/04\/DSC_0962-1-100x100.jpg 100w\" sizes=\"(max-width: 600px) 100vw, 600px\" \/><\/a>\n\t\t\t<\/div><\/figure><figure class='gallery-item'>\n\t\t\t<div class='gallery-icon landscape'>\n\t\t\t\t<a data-elementor-open-lightbox=\"yes\" data-elementor-lightbox-slideshow=\"492ba47\" data-elementor-lightbox-title=\"DSC_0957-scaled\" data-e-action-hash=\"#elementor-action%3Aaction%3Dlightbox%26settings%3DeyJpZCI6NDcyMzEsInVybCI6Imh0dHBzOlwvXC93eWRhd25pY3R3by51Zy5lZHUucGxcL3dwLWNvbnRlbnRcL3VwbG9hZHNcLzIwMjVcLzA0XC9EU0NfMDk1Ny1zY2FsZWQtMS5qcGciLCJzbGlkZXNob3ciOiI0OTJiYTQ3In0%3D\" href='https:\/\/wydawnictwo.ug.edu.pl\/wp-content\/uploads\/2025\/04\/DSC_0957-scaled-1.jpg'><img loading=\"lazy\" decoding=\"async\" width=\"600\" height=\"600\" src=\"https:\/\/wydawnictwo.ug.edu.pl\/wp-content\/uploads\/2025\/04\/DSC_0957-scaled-1-600x600.jpg\" class=\"attachment-woocommerce_thumbnail size-woocommerce_thumbnail\" alt=\"\" srcset=\"https:\/\/wydawnictwo.ug.edu.pl\/wp-content\/uploads\/2025\/04\/DSC_0957-scaled-1-600x600.jpg 600w, https:\/\/wydawnictwo.ug.edu.pl\/wp-content\/uploads\/2025\/04\/DSC_0957-scaled-1-150x150.jpg 150w, https:\/\/wydawnictwo.ug.edu.pl\/wp-content\/uploads\/2025\/04\/DSC_0957-scaled-1-100x100.jpg 100w\" sizes=\"(max-width: 600px) 100vw, 600px\" \/><\/a>\n\t\t\t<\/div><\/figure><figure class='gallery-item'>\n\t\t\t<div class='gallery-icon landscape'>\n\t\t\t\t<a data-elementor-open-lightbox=\"yes\" data-elementor-lightbox-slideshow=\"492ba47\" data-elementor-lightbox-title=\"DSC_0958-scaled\" data-e-action-hash=\"#elementor-action%3Aaction%3Dlightbox%26settings%3DeyJpZCI6NDcyMzIsInVybCI6Imh0dHBzOlwvXC93eWRhd25pY3R3by51Zy5lZHUucGxcL3dwLWNvbnRlbnRcL3VwbG9hZHNcLzIwMjVcLzA0XC9EU0NfMDk1OC1zY2FsZWQtMS5qcGciLCJzbGlkZXNob3ciOiI0OTJiYTQ3In0%3D\" href='https:\/\/wydawnictwo.ug.edu.pl\/wp-content\/uploads\/2025\/04\/DSC_0958-scaled-1.jpg'><img loading=\"lazy\" decoding=\"async\" width=\"600\" height=\"600\" src=\"https:\/\/wydawnictwo.ug.edu.pl\/wp-content\/uploads\/2025\/04\/DSC_0958-scaled-1-600x600.jpg\" class=\"attachment-woocommerce_thumbnail size-woocommerce_thumbnail\" alt=\"\" srcset=\"https:\/\/wydawnictwo.ug.edu.pl\/wp-content\/uploads\/2025\/04\/DSC_0958-scaled-1-600x600.jpg 600w, https:\/\/wydawnictwo.ug.edu.pl\/wp-content\/uploads\/2025\/04\/DSC_0958-scaled-1-150x150.jpg 150w, https:\/\/wydawnictwo.ug.edu.pl\/wp-content\/uploads\/2025\/04\/DSC_0958-scaled-1-100x100.jpg 100w\" sizes=\"(max-width: 600px) 100vw, 600px\" \/><\/a>\n\t\t\t<\/div><\/figure><figure class='gallery-item'>\n\t\t\t<div class='gallery-icon landscape'>\n\t\t\t\t<a data-elementor-open-lightbox=\"yes\" data-elementor-lightbox-slideshow=\"492ba47\" data-elementor-lightbox-title=\"DSC_0953-scaled\" data-e-action-hash=\"#elementor-action%3Aaction%3Dlightbox%26settings%3DeyJpZCI6NDcyMzAsInVybCI6Imh0dHBzOlwvXC93eWRhd25pY3R3by51Zy5lZHUucGxcL3dwLWNvbnRlbnRcL3VwbG9hZHNcLzIwMjVcLzA0XC9EU0NfMDk1My1zY2FsZWQtMS5qcGciLCJzbGlkZXNob3ciOiI0OTJiYTQ3In0%3D\" href='https:\/\/wydawnictwo.ug.edu.pl\/wp-content\/uploads\/2025\/04\/DSC_0953-scaled-1.jpg'><img loading=\"lazy\" decoding=\"async\" width=\"600\" height=\"600\" src=\"https:\/\/wydawnictwo.ug.edu.pl\/wp-content\/uploads\/2025\/04\/DSC_0953-scaled-1-600x600.jpg\" class=\"attachment-woocommerce_thumbnail size-woocommerce_thumbnail\" alt=\"\" srcset=\"https:\/\/wydawnictwo.ug.edu.pl\/wp-content\/uploads\/2025\/04\/DSC_0953-scaled-1-600x600.jpg 600w, https:\/\/wydawnictwo.ug.edu.pl\/wp-content\/uploads\/2025\/04\/DSC_0953-scaled-1-150x150.jpg 150w, https:\/\/wydawnictwo.ug.edu.pl\/wp-content\/uploads\/2025\/04\/DSC_0953-scaled-1-100x100.jpg 100w\" sizes=\"(max-width: 600px) 100vw, 600px\" \/><\/a>\n\t\t\t<\/div><\/figure><figure class='gallery-item'>\n\t\t\t<div class='gallery-icon landscape'>\n\t\t\t\t<a data-elementor-open-lightbox=\"yes\" data-elementor-lightbox-slideshow=\"492ba47\" data-elementor-lightbox-title=\"DSC_0996-scaled\" data-e-action-hash=\"#elementor-action%3Aaction%3Dlightbox%26settings%3DeyJpZCI6NDcyMzQsInVybCI6Imh0dHBzOlwvXC93eWRhd25pY3R3by51Zy5lZHUucGxcL3dwLWNvbnRlbnRcL3VwbG9hZHNcLzIwMjVcLzA0XC9EU0NfMDk5Ni1zY2FsZWQtMS5qcGciLCJzbGlkZXNob3ciOiI0OTJiYTQ3In0%3D\" href='https:\/\/wydawnictwo.ug.edu.pl\/wp-content\/uploads\/2025\/04\/DSC_0996-scaled-1.jpg'><img loading=\"lazy\" decoding=\"async\" width=\"600\" height=\"600\" src=\"https:\/\/wydawnictwo.ug.edu.pl\/wp-content\/uploads\/2025\/04\/DSC_0996-scaled-1-600x600.jpg\" class=\"attachment-woocommerce_thumbnail size-woocommerce_thumbnail\" alt=\"\" srcset=\"https:\/\/wydawnictwo.ug.edu.pl\/wp-content\/uploads\/2025\/04\/DSC_0996-scaled-1-600x600.jpg 600w, https:\/\/wydawnictwo.ug.edu.pl\/wp-content\/uploads\/2025\/04\/DSC_0996-scaled-1-150x150.jpg 150w, https:\/\/wydawnictwo.ug.edu.pl\/wp-content\/uploads\/2025\/04\/DSC_0996-scaled-1-100x100.jpg 100w\" sizes=\"(max-width: 600px) 100vw, 600px\" \/><\/a>\n\t\t\t<\/div><\/figure><figure class='gallery-item'>\n\t\t\t<div class='gallery-icon portrait'>\n\t\t\t\t<a data-elementor-open-lightbox=\"yes\" data-elementor-lightbox-slideshow=\"492ba47\" data-elementor-lightbox-title=\"314-kopia-scaled\" data-e-action-hash=\"#elementor-action%3Aaction%3Dlightbox%26settings%3DeyJpZCI6NDcyMjgsInVybCI6Imh0dHBzOlwvXC93eWRhd25pY3R3by51Zy5lZHUucGxcL3dwLWNvbnRlbnRcL3VwbG9hZHNcLzIwMjVcLzA0XC8zMTQta29waWEtc2NhbGVkLTEuanBnIiwic2xpZGVzaG93IjoiNDkyYmE0NyJ9\" href='https:\/\/wydawnictwo.ug.edu.pl\/wp-content\/uploads\/2025\/04\/314-kopia-scaled-1.jpg'><img loading=\"lazy\" decoding=\"async\" width=\"600\" height=\"600\" src=\"https:\/\/wydawnictwo.ug.edu.pl\/wp-content\/uploads\/2025\/04\/314-kopia-scaled-1-600x600.jpg\" class=\"attachment-woocommerce_thumbnail size-woocommerce_thumbnail\" alt=\"\" srcset=\"https:\/\/wydawnictwo.ug.edu.pl\/wp-content\/uploads\/2025\/04\/314-kopia-scaled-1-600x600.jpg 600w, https:\/\/wydawnictwo.ug.edu.pl\/wp-content\/uploads\/2025\/04\/314-kopia-scaled-1-150x150.jpg 150w, https:\/\/wydawnictwo.ug.edu.pl\/wp-content\/uploads\/2025\/04\/314-kopia-scaled-1-100x100.jpg 100w\" sizes=\"(max-width: 600px) 100vw, 600px\" \/><\/a>\n\t\t\t<\/div><\/figure>\n\t\t<\/div>\n\t\t<\/div>\n\t\t\t\t\t\t<\/div>\n\t\t\t\t<\/div>\n\t\t\t\t\t<\/div>\n\t\t\t\t<\/div>\n\t\t<div class=\"elementor-element elementor-element-3b20c2a py-20 p-4 e-con-full e-flex e-con e-child\" data-id=\"3b20c2a\" data-element_type=\"container\" data-e-type=\"container\" data-settings=\"{&quot;background_background&quot;:&quot;classic&quot;}\">\n\t\t\t\t<div class=\"elementor-element elementor-element-a193b0c elementor-widget elementor-widget-heading\" data-id=\"a193b0c\" data-element_type=\"widget\" data-e-type=\"widget\" data-widget_type=\"heading.default\">\n\t\t\t\t\t<h2 class=\"elementor-heading-title elementor-size-default\">University bookstore<\/h2>\t\t\t\t<\/div>\n\t\t\t\t<div class=\"elementor-element elementor-element-2fa1696 elementor-position-inline-start elementor-view-default elementor-mobile-position-block-start elementor-widget elementor-widget-icon-box\" data-id=\"2fa1696\" data-element_type=\"widget\" data-e-type=\"widget\" data-widget_type=\"icon-box.default\">\n\t\t\t\t\t\t\t<div class=\"elementor-icon-box-wrapper\">\n\n\t\t\t\t\t\t<div class=\"elementor-icon-box-icon\">\n\t\t\t\t<span  class=\"elementor-icon\">\n\t\t\t\t<svg aria-hidden=\"true\" class=\"e-font-icon-svg e-fas-map-marked-alt\" viewBox=\"0 0 576 512\" xmlns=\"http:\/\/www.w3.org\/2000\/svg\"><path d=\"M288 0c-69.59 0-126 56.41-126 126 0 56.26 82.35 158.8 113.9 196.02 6.39 7.54 17.82 7.54 24.2 0C331.65 284.8 414 182.26 414 126 414 56.41 357.59 0 288 0zm0 168c-23.2 0-42-18.8-42-42s18.8-42 42-42 42 18.8 42 42-18.8 42-42 42zM20.12 215.95A32.006 32.006 0 0 0 0 245.66v250.32c0 11.32 11.43 19.06 21.94 14.86L160 448V214.92c-8.84-15.98-16.07-31.54-21.25-46.42L20.12 215.95zM288 359.67c-14.07 0-27.38-6.18-36.51-16.96-19.66-23.2-40.57-49.62-59.49-76.72v182l192 64V266c-18.92 27.09-39.82 53.52-59.49 76.72-9.13 10.77-22.44 16.95-36.51 16.95zm266.06-198.51L416 224v288l139.88-55.95A31.996 31.996 0 0 0 576 426.34V176.02c0-11.32-11.43-19.06-21.94-14.86z\"><\/path><\/svg>\t\t\t\t<\/span>\n\t\t\t<\/div>\n\t\t\t\n\t\t\t\t\t\t<div class=\"elementor-icon-box-content\">\n\n\t\t\t\t\n\t\t\t\t\t\t\t\t\t<p class=\"elementor-icon-box-description\">\n\t\t\t\t\t\tWydzia\u0142 Nauk Spo\u0142ecznych UG<br>Marii Janion 4, 80-309 Gda\u0144sk\t\t\t\t\t<\/p>\n\t\t\t\t\n\t\t\t<\/div>\n\t\t\t\n\t\t<\/div>\n\t\t\t\t\t\t<\/div>\n\t\t\t\t<\/div>\n\t\t<div class=\"elementor-element elementor-element-d19c009 e-con-full p-0 e-flex e-con e-parent\" data-id=\"d19c009\" data-element_type=\"container\" data-e-type=\"container\">\n\t\t\t\t<div class=\"elementor-element elementor-element-5a9cb27 elementor-widget elementor-widget-google_maps\" data-id=\"5a9cb27\" data-element_type=\"widget\" data-e-type=\"widget\" data-widget_type=\"google_maps.default\">\n\t\t\t\t\t\t\t<div class=\"elementor-custom-embed\">\n\t\t\t<iframe loading=\"lazy\"\n\t\t\t\t\tsrc=\"https:\/\/maps.google.com\/maps?q=Ksi%C4%85%C5%BCk%C4%85%20i%20Kaw%C4%85%2C%20Gda%C5%84sk&#038;t=m&#038;z=16&#038;output=embed&#038;iwloc=near\"\n\t\t\t\t\ttitle=\"Ksi\u0105\u017ck\u0105 i Kaw\u0105, Gda\u0144sk\"\n\t\t\t\t\taria-label=\"Ksi\u0105\u017ck\u0105 i Kaw\u0105, Gda\u0144sk\"\n\t\t\t><\/iframe>\n\t\t<\/div>\n\t\t\t\t\t\t<\/div>\n\t\t\t\t<\/div>\n\t\t\t\t<\/div>\n\t\t","protected":false},"excerpt":{"rendered":"<p>University bookstore On May 23, 2022, we opened the University Bookstore in the Faculty of Social Sciences \u2014 a new meeting place not only for students and researchers of the University of Gda\u0144sk, but also for everyone outside the university who craves good reading, delicious coffee, and a friendly atmosphere. Here you can purchase books [&hellip;]<\/p>\n","protected":false},"author":1718,"featured_media":0,"parent":0,"menu_order":43,"comment_status":"closed","ping_status":"closed","template":"","meta":{"_acf_changed":false,"footnotes":""},"class_list":["post-47334","page","type-page","status-publish","hentry"],"acf":[],"_links":{"self":[{"href":"https:\/\/wydawnictwo.ug.edu.pl\/en\/wp-json\/wp\/v2\/pages\/47334","targetHints":{"allow":["GET"]}}],"collection":[{"href":"https:\/\/wydawnictwo.ug.edu.pl\/en\/wp-json\/wp\/v2\/pages"}],"about":[{"href":"https:\/\/wydawnictwo.ug.edu.pl\/en\/wp-json\/wp\/v2\/types\/page"}],"author":[{"embeddable":true,"href":"https:\/\/wydawnictwo.ug.edu.pl\/en\/wp-json\/wp\/v2\/users\/1718"}],"replies":[{"embeddable":true,"href":"https:\/\/wydawnictwo.ug.edu.pl\/en\/wp-json\/wp\/v2\/comments?post=47334"}],"version-history":[{"count":5,"href":"https:\/\/wydawnictwo.ug.edu.pl\/en\/wp-json\/wp\/v2\/pages\/47334\/revisions"}],"predecessor-version":[{"id":48092,"href":"https:\/\/wydawnictwo.ug.edu.pl\/en\/wp-json\/wp\/v2\/pages\/47334\/revisions\/48092"}],"wp:attachment":[{"href":"https:\/\/wydawnictwo.ug.edu.pl\/en\/wp-json\/wp\/v2\/media?parent=47334"}],"curies":[{"name":"wp","href":"https:\/\/api.w.org\/{rel}","templated":true}]}}