{"id":47047,"date":"2024-10-04T12:44:56","date_gmt":"2024-10-04T12:44:56","guid":{"rendered":"https:\/\/wydawnictwo.ug.edu.pl\/ksiegarnia-uniwersytecka-2\/"},"modified":"2026-02-12T21:09:03","modified_gmt":"2026-02-12T21:09:03","slug":"ksiegarnia","status":"publish","type":"page","link":"https:\/\/wydawnictwo.ug.edu.pl\/en\/ksiegarnia\/","title":{"rendered":"Ksi\u0119garnia Uniwersytecka"},"content":{"rendered":"\t\t<div data-elementor-type=\"wp-page\" data-elementor-id=\"47047\" class=\"elementor elementor-47047 elementor-30287\" data-elementor-post-type=\"page\">\n\t\t\t\t<div class=\"elementor-element elementor-element-6330c5c p-4 py-20 e-flex e-con-boxed e-con e-parent\" data-id=\"6330c5c\" data-element_type=\"container\" data-e-type=\"container\" data-settings=\"{&quot;background_background&quot;:&quot;classic&quot;}\">\n\t\t\t\t\t<div class=\"e-con-inner\">\n\t\t\t\t<div class=\"elementor-element elementor-element-66853c7 pb-10 elementor-widget elementor-widget-image\" data-id=\"66853c7\" data-element_type=\"widget\" data-e-type=\"widget\" data-widget_type=\"image.default\">\n\t\t\t\t\t\t\t\t\t\t\t\t\t\t\t<img decoding=\"async\" width=\"150\" height=\"150\" src=\"https:\/\/wydawnictwo.ug.edu.pl\/wp-content\/uploads\/2025\/06\/foczka-1-300x300-1-150x150.png\" class=\"attachment-thumbnail size-thumbnail wp-image-47236\" alt=\"\" srcset=\"https:\/\/wydawnictwo.ug.edu.pl\/wp-content\/uploads\/2025\/06\/foczka-1-300x300-1-150x150.png 150w, https:\/\/wydawnictwo.ug.edu.pl\/wp-content\/uploads\/2025\/06\/foczka-1-300x300-1-100x100.png 100w, https:\/\/wydawnictwo.ug.edu.pl\/wp-content\/uploads\/2025\/06\/foczka-1-300x300-1.png 300w\" sizes=\"(max-width: 150px) 100vw, 150px\" \/>\t\t\t\t\t\t\t\t\t\t\t\t\t\t\t<\/div>\n\t\t\t\t<div class=\"elementor-element elementor-element-ff841bc drop-shadow-lg elementor-invisible elementor-widget elementor-widget-heading\" data-id=\"ff841bc\" data-element_type=\"widget\" data-e-type=\"widget\" data-settings=\"{&quot;_animation&quot;:&quot;fadeInDown&quot;}\" data-widget_type=\"heading.default\">\n\t\t\t\t\t<h1 class=\"elementor-heading-title elementor-size-default\">Ksi\u0119garnia\nUniwersytecka<\/h1>\t\t\t\t<\/div>\n\t\t\t\t\t<\/div>\n\t\t\t\t<\/div>\n\t\t<div class=\"elementor-element elementor-element-909a47c p-4 py-10 e-flex e-con-boxed e-con e-parent\" data-id=\"909a47c\" data-element_type=\"container\" data-e-type=\"container\">\n\t\t\t\t\t<div class=\"e-con-inner\">\n\t\t\t\t<div class=\"elementor-element elementor-element-d1c7b82 elementor-widget elementor-widget-text-editor\" data-id=\"d1c7b82\" data-element_type=\"widget\" data-e-type=\"widget\" data-widget_type=\"text-editor.default\">\n\t\t\t\t\t\t\t\t\t<p>On May 23, 2022, at the Faculty of Social Sciences, we opened the University Bookstore \u2014 a new meeting place not only for students and academics of the University of Gda\u0144sk, but also for everyone from outside the university who wants a good read, delicious coffee and a friendly atmosphere. Here you can purchase books published by the University of Gda\u0144sk Publishing House and other scientific, popular science and literary publishing houses. The new space also hosts author meetings promoting publications by the University of Gda\u0144sk Publishing House, and the wide stairs with electrical sockets are an ideal place for work or relaxation.<\/p><p>The caf\u00e9 section of the bookstore, run by the owners of the small caf\u00e9 Cha\u0142upka Wejherowo, i.e. Ksi\u0105\u017cka i Kaw\u0105, treats guests to the scents of teas and coffees brewed from beans from the best roasters in Poland. Lovers of these drinks can choose from a variety of teas and black and white coffees, brewed in a flask or drip coffee maker. There is also no shortage of snacks for sweet and savory: from breakfast smoothies and granola options, through sandwiches, to cakes.<\/p><h2>We love books<\/h2><p>We strongly believe that in the era of the Internet, the dissemination of e-books and forms of accessibility on an open access basis, these tangible, printed publications are still unrivaled and have something in them that will never be replaced by an electronic file. That&#8217;s why we want to surround ourselves with them and hope that the space that will almost be made of books will also influence visitors in such a way that they will succumb to the charm of these traditional books and want to take them into their homes.<\/p><h2>Not just books<\/h2><p>For those looking not only for books, the bookstore also offers original promotional gadgets related to the University of Gda\u0144sk. Here you will buy mugs, notebooks, bags and many other things that can be both a good gift and a souvenir for visitors to our campus.<\/p><h2>We are open to you and to you<\/h2><p>We want our readers and guests to create this place with us, participating in events organized here, posting short reviews and recommendations about the books offered in the bookstore, and even submitting their ideas and suggestions for the offer. To do this, simply join our Reader Club or like one of our social networking sites.<\/p><p><strong><em>Piotr Stepnowski &amp; Joanna Kamie\u0144<\/em><\/strong><\/p>\t\t\t\t\t\t\t\t<\/div>\n\t\t\t\t\t<\/div>\n\t\t\t\t<\/div>\n\t\t<div class=\"elementor-element elementor-element-ddc8baa e-flex e-con-boxed e-con e-parent\" data-id=\"ddc8baa\" data-element_type=\"container\" data-e-type=\"container\">\n\t\t\t\t\t<div class=\"e-con-inner\">\n\t\t\t\t<div class=\"elementor-element elementor-element-fa31659 elementor-widget elementor-widget-text-editor\" data-id=\"fa31659\" data-element_type=\"widget\" data-e-type=\"widget\" data-widget_type=\"text-editor.default\">\n\t\t\t\t\t\t\t\t\t<p style=\"text-align: center;\"><img decoding=\"async\" class=\"alignnone wp-image-41233\" src=\"https:\/\/wydawnictwo.ug.edu.pl\/wp-content\/uploads\/2025\/06\/foczka-1-300x300-1.png\" alt=\"\" width=\"76\" height=\"76\" srcset=\"https:\/\/wydawnictwo.ug.edu.pl\/wp-content\/uploads\/2025\/06\/foczka-1-300x300-1.png 300w, https:\/\/wydawnictwo.ug.edu.pl\/wp-content\/uploads\/2025\/06\/foczka-1-300x300-1-150x150.png 150w, https:\/\/wydawnictwo.ug.edu.pl\/wp-content\/uploads\/2025\/06\/foczka-1-300x300-1-100x100.png 100w\" sizes=\"(max-width: 76px) 100vw, 76px\" \/><\/p><p style=\"text-align: center;\">Ksi\u0119garnia Uniwersytecka<br \/><a href=\"https:\/\/www.facebook.com\/ksiegarniaUG\/\" target=\"_blank\" rel=\"noopener\">Facebook<\/a> &amp; <a href=\"https:\/\/www.instagram.com\/ksiegarniaug\/\" target=\"_blank\" rel=\"noopener\">Instagram<\/a><\/p>\t\t\t\t\t\t\t\t<\/div>\n\t\t\t\t<div class=\"elementor-element elementor-element-a6a26b6 elementor-widget elementor-widget-text-editor\" data-id=\"a6a26b6\" data-element_type=\"widget\" data-e-type=\"widget\" data-widget_type=\"text-editor.default\">\n\t\t\t\t\t\t\t\t\t<p style=\"text-align: center;\"><img decoding=\"async\" class=\"alignnone wp-image-41255\" src=\"https:\/\/wydawnictwo.ug.edu.pl\/wp-content\/uploads\/2025\/06\/Logo-Ksiazka-i-kawa-1-300x295-1.png\" alt=\"\" width=\"155\" height=\"153\" srcset=\"https:\/\/wydawnictwo.ug.edu.pl\/wp-content\/uploads\/2025\/06\/Logo-Ksiazka-i-kawa-1-300x295-1.png 300w, https:\/\/wydawnictwo.ug.edu.pl\/wp-content\/uploads\/2025\/06\/Logo-Ksiazka-i-kawa-1-300x295-1-100x100.png 100w\" sizes=\"(max-width: 155px) 100vw, 155px\" \/><br \/>Caffee Ksi\u0105\u017ck\u0105 i Kaw\u0105 <br \/><a href=\"https:\/\/www.facebook.com\/KawiarniaKiKUg\">Facebooku<\/a> i <a href=\"https:\/\/www.instagram.com\/kawiarnia_kik_ug\/\">Instagramie<\/a><\/p>\t\t\t\t\t\t\t\t<\/div>\n\t\t\t\t<div class=\"elementor-element elementor-element-6a5d0d3 elementor-widget elementor-widget-text-editor\" data-id=\"6a5d0d3\" data-element_type=\"widget\" data-e-type=\"widget\" data-widget_type=\"text-editor.default\">\n\t\t\t\t\t\t\t\t\t<h5 style=\"text-align: center;\"><strong>Opening hours:<\/strong><\/h5><p style=\"text-align: center;\">Monday \u2013 Friday: 08.00\u201316.00<br \/>Saturday: 09.00\u201315.00<br \/>Sunday: 10.00\u201314.00<\/p>\t\t\t\t\t\t\t\t<\/div>\n\t\t\t\t\t<\/div>\n\t\t\t\t<\/div>\n\t\t<div class=\"elementor-element elementor-element-aac0808 px-4 py-20 e-flex e-con-boxed e-con e-parent\" data-id=\"aac0808\" data-element_type=\"container\" data-e-type=\"container\">\n\t\t\t\t\t<div class=\"e-con-inner\">\n\t\t\t\t<div class=\"elementor-element elementor-element-ab04f02 gallery-spacing-custom elementor-widget elementor-widget-image-gallery\" data-id=\"ab04f02\" data-element_type=\"widget\" data-e-type=\"widget\" data-widget_type=\"image-gallery.default\">\n\t\t\t\t\t\t\t<div class=\"elementor-image-gallery\">\n\t\t\t<div id='gallery-1' class='gallery galleryid-47047 gallery-columns-4 gallery-size-woocommerce_thumbnail'><figure class='gallery-item'>\n\t\t\t<div class='gallery-icon portrait'>\n\t\t\t\t<a data-elementor-open-lightbox=\"yes\" data-elementor-lightbox-slideshow=\"ab04f02\" data-elementor-lightbox-title=\"159-scaled-1\" data-e-action-hash=\"#elementor-action%3Aaction%3Dlightbox%26settings%3DeyJpZCI6NDcyMjcsInVybCI6Imh0dHBzOlwvXC93eWRhd25pY3R3by51Zy5lZHUucGxcL3dwLWNvbnRlbnRcL3VwbG9hZHNcLzIwMjVcLzA0XC8xNTktc2NhbGVkLTEuanBnIiwic2xpZGVzaG93IjoiYWIwNGYwMiJ9\" href='https:\/\/wydawnictwo.ug.edu.pl\/wp-content\/uploads\/2025\/04\/159-scaled-1.jpg'><img loading=\"lazy\" decoding=\"async\" width=\"600\" height=\"600\" src=\"https:\/\/wydawnictwo.ug.edu.pl\/wp-content\/uploads\/2025\/04\/159-scaled-1-600x600.jpg\" class=\"attachment-woocommerce_thumbnail size-woocommerce_thumbnail\" alt=\"\" srcset=\"https:\/\/wydawnictwo.ug.edu.pl\/wp-content\/uploads\/2025\/04\/159-scaled-1-600x600.jpg 600w, https:\/\/wydawnictwo.ug.edu.pl\/wp-content\/uploads\/2025\/04\/159-scaled-1-150x150.jpg 150w, https:\/\/wydawnictwo.ug.edu.pl\/wp-content\/uploads\/2025\/04\/159-scaled-1-100x100.jpg 100w\" sizes=\"(max-width: 600px) 100vw, 600px\" \/><\/a>\n\t\t\t<\/div><\/figure><figure class='gallery-item'>\n\t\t\t<div class='gallery-icon landscape'>\n\t\t\t\t<a data-elementor-open-lightbox=\"yes\" data-elementor-lightbox-slideshow=\"ab04f02\" data-elementor-lightbox-title=\"DSC_0242_1\" data-e-action-hash=\"#elementor-action%3Aaction%3Dlightbox%26settings%3DeyJpZCI6NDc4NTQsInVybCI6Imh0dHBzOlwvXC93eWRhd25pY3R3by51Zy5lZHUucGxcL3dwLWNvbnRlbnRcL3VwbG9hZHNcLzIwMjVcLzA2XC9EU0NfMDI0Ml8xLmpwZyIsInNsaWRlc2hvdyI6ImFiMDRmMDIifQ%3D%3D\" href='https:\/\/wydawnictwo.ug.edu.pl\/wp-content\/uploads\/2025\/06\/DSC_0242_1.jpg'><img loading=\"lazy\" decoding=\"async\" width=\"600\" height=\"600\" src=\"https:\/\/wydawnictwo.ug.edu.pl\/wp-content\/uploads\/2025\/06\/DSC_0242_1-600x600.jpg\" class=\"attachment-woocommerce_thumbnail size-woocommerce_thumbnail\" alt=\"\" srcset=\"https:\/\/wydawnictwo.ug.edu.pl\/wp-content\/uploads\/2025\/06\/DSC_0242_1-600x600.jpg 600w, https:\/\/wydawnictwo.ug.edu.pl\/wp-content\/uploads\/2025\/06\/DSC_0242_1-150x150.jpg 150w, https:\/\/wydawnictwo.ug.edu.pl\/wp-content\/uploads\/2025\/06\/DSC_0242_1-100x100.jpg 100w\" sizes=\"(max-width: 600px) 100vw, 600px\" \/><\/a>\n\t\t\t<\/div><\/figure><figure class='gallery-item'>\n\t\t\t<div class='gallery-icon landscape'>\n\t\t\t\t<a data-elementor-open-lightbox=\"yes\" data-elementor-lightbox-slideshow=\"ab04f02\" data-elementor-lightbox-title=\"IMG_4712\" data-e-action-hash=\"#elementor-action%3Aaction%3Dlightbox%26settings%3DeyJpZCI6NDc4NTEsInVybCI6Imh0dHBzOlwvXC93eWRhd25pY3R3by51Zy5lZHUucGxcL3dwLWNvbnRlbnRcL3VwbG9hZHNcLzIwMjVcLzA2XC9JTUdfNDcxMi0xLndlYnAiLCJzbGlkZXNob3ciOiJhYjA0ZjAyIn0%3D\" href='https:\/\/wydawnictwo.ug.edu.pl\/wp-content\/uploads\/2025\/06\/IMG_4712-1.webp'><img loading=\"lazy\" decoding=\"async\" width=\"600\" height=\"600\" src=\"https:\/\/wydawnictwo.ug.edu.pl\/wp-content\/uploads\/2025\/06\/IMG_4712-1-600x600.webp\" class=\"attachment-woocommerce_thumbnail size-woocommerce_thumbnail\" alt=\"\" srcset=\"https:\/\/wydawnictwo.ug.edu.pl\/wp-content\/uploads\/2025\/06\/IMG_4712-1-600x600.webp 600w, https:\/\/wydawnictwo.ug.edu.pl\/wp-content\/uploads\/2025\/06\/IMG_4712-1-150x150.webp 150w, https:\/\/wydawnictwo.ug.edu.pl\/wp-content\/uploads\/2025\/06\/IMG_4712-1-100x100.webp 100w\" sizes=\"(max-width: 600px) 100vw, 600px\" \/><\/a>\n\t\t\t<\/div><\/figure><figure class='gallery-item'>\n\t\t\t<div class='gallery-icon portrait'>\n\t\t\t\t<a data-elementor-open-lightbox=\"yes\" data-elementor-lightbox-slideshow=\"ab04f02\" data-elementor-lightbox-title=\"IMG_4718\" data-e-action-hash=\"#elementor-action%3Aaction%3Dlightbox%26settings%3DeyJpZCI6NDc4NTMsInVybCI6Imh0dHBzOlwvXC93eWRhd25pY3R3by51Zy5lZHUucGxcL3dwLWNvbnRlbnRcL3VwbG9hZHNcLzIwMjVcLzA2XC9JTUdfNDcxOC53ZWJwIiwic2xpZGVzaG93IjoiYWIwNGYwMiJ9\" href='https:\/\/wydawnictwo.ug.edu.pl\/wp-content\/uploads\/2025\/06\/IMG_4718.webp'><img loading=\"lazy\" decoding=\"async\" width=\"600\" height=\"600\" src=\"https:\/\/wydawnictwo.ug.edu.pl\/wp-content\/uploads\/2025\/06\/IMG_4718-600x600.webp\" class=\"attachment-woocommerce_thumbnail size-woocommerce_thumbnail\" alt=\"\" srcset=\"https:\/\/wydawnictwo.ug.edu.pl\/wp-content\/uploads\/2025\/06\/IMG_4718-600x600.webp 600w, https:\/\/wydawnictwo.ug.edu.pl\/wp-content\/uploads\/2025\/06\/IMG_4718-150x150.webp 150w, https:\/\/wydawnictwo.ug.edu.pl\/wp-content\/uploads\/2025\/06\/IMG_4718-100x100.webp 100w\" sizes=\"(max-width: 600px) 100vw, 600px\" \/><\/a>\n\t\t\t<\/div><\/figure><figure class='gallery-item'>\n\t\t\t<div class='gallery-icon landscape'>\n\t\t\t\t<a data-elementor-open-lightbox=\"yes\" data-elementor-lightbox-slideshow=\"ab04f02\" data-elementor-lightbox-title=\"bez nazwy (78 z 103)\" data-e-action-hash=\"#elementor-action%3Aaction%3Dlightbox%26settings%3DeyJpZCI6NDc4NTcsInVybCI6Imh0dHBzOlwvXC93eWRhd25pY3R3by51Zy5lZHUucGxcL3dwLWNvbnRlbnRcL3VwbG9hZHNcLzIwMjVcLzA2XC9iZXotbmF6d3ktNzgtei0xMDMuanBnIiwic2xpZGVzaG93IjoiYWIwNGYwMiJ9\" href='https:\/\/wydawnictwo.ug.edu.pl\/wp-content\/uploads\/2025\/06\/bez-nazwy-78-z-103.jpg'><img loading=\"lazy\" decoding=\"async\" width=\"600\" height=\"600\" src=\"https:\/\/wydawnictwo.ug.edu.pl\/wp-content\/uploads\/2025\/06\/bez-nazwy-78-z-103-600x600.jpg\" class=\"attachment-woocommerce_thumbnail size-woocommerce_thumbnail\" alt=\"\" srcset=\"https:\/\/wydawnictwo.ug.edu.pl\/wp-content\/uploads\/2025\/06\/bez-nazwy-78-z-103-600x600.jpg 600w, https:\/\/wydawnictwo.ug.edu.pl\/wp-content\/uploads\/2025\/06\/bez-nazwy-78-z-103-150x150.jpg 150w, https:\/\/wydawnictwo.ug.edu.pl\/wp-content\/uploads\/2025\/06\/bez-nazwy-78-z-103-100x100.jpg 100w\" sizes=\"(max-width: 600px) 100vw, 600px\" \/><\/a>\n\t\t\t<\/div><\/figure><figure class='gallery-item'>\n\t\t\t<div class='gallery-icon portrait'>\n\t\t\t\t<a data-elementor-open-lightbox=\"yes\" data-elementor-lightbox-slideshow=\"ab04f02\" data-elementor-lightbox-title=\"DSC_0965\" data-e-action-hash=\"#elementor-action%3Aaction%3Dlightbox%26settings%3DeyJpZCI6NDc4NTUsInVybCI6Imh0dHBzOlwvXC93eWRhd25pY3R3by51Zy5lZHUucGxcL3dwLWNvbnRlbnRcL3VwbG9hZHNcLzIwMjVcLzA2XC9EU0NfMDk2NS5qcGciLCJzbGlkZXNob3ciOiJhYjA0ZjAyIn0%3D\" href='https:\/\/wydawnictwo.ug.edu.pl\/wp-content\/uploads\/2025\/06\/DSC_0965.jpg'><img loading=\"lazy\" decoding=\"async\" width=\"600\" height=\"600\" src=\"https:\/\/wydawnictwo.ug.edu.pl\/wp-content\/uploads\/2025\/06\/DSC_0965-600x600.jpg\" class=\"attachment-woocommerce_thumbnail size-woocommerce_thumbnail\" alt=\"\" srcset=\"https:\/\/wydawnictwo.ug.edu.pl\/wp-content\/uploads\/2025\/06\/DSC_0965-600x600.jpg 600w, https:\/\/wydawnictwo.ug.edu.pl\/wp-content\/uploads\/2025\/06\/DSC_0965-150x150.jpg 150w, https:\/\/wydawnictwo.ug.edu.pl\/wp-content\/uploads\/2025\/06\/DSC_0965-100x100.jpg 100w\" sizes=\"(max-width: 600px) 100vw, 600px\" \/><\/a>\n\t\t\t<\/div><\/figure><figure class='gallery-item'>\n\t\t\t<div class='gallery-icon landscape'>\n\t\t\t\t<a data-elementor-open-lightbox=\"yes\" data-elementor-lightbox-slideshow=\"ab04f02\" data-elementor-lightbox-title=\"DSC_0962-1\" data-e-action-hash=\"#elementor-action%3Aaction%3Dlightbox%26settings%3DeyJpZCI6NDcyMzMsInVybCI6Imh0dHBzOlwvXC93eWRhd25pY3R3by51Zy5lZHUucGxcL3dwLWNvbnRlbnRcL3VwbG9hZHNcLzIwMjVcLzA0XC9EU0NfMDk2Mi0xLmpwZyIsInNsaWRlc2hvdyI6ImFiMDRmMDIifQ%3D%3D\" href='https:\/\/wydawnictwo.ug.edu.pl\/wp-content\/uploads\/2025\/04\/DSC_0962-1.jpg'><img loading=\"lazy\" decoding=\"async\" width=\"600\" height=\"600\" src=\"https:\/\/wydawnictwo.ug.edu.pl\/wp-content\/uploads\/2025\/04\/DSC_0962-1-600x600.jpg\" class=\"attachment-woocommerce_thumbnail size-woocommerce_thumbnail\" alt=\"\" srcset=\"https:\/\/wydawnictwo.ug.edu.pl\/wp-content\/uploads\/2025\/04\/DSC_0962-1-600x600.jpg 600w, https:\/\/wydawnictwo.ug.edu.pl\/wp-content\/uploads\/2025\/04\/DSC_0962-1-150x150.jpg 150w, https:\/\/wydawnictwo.ug.edu.pl\/wp-content\/uploads\/2025\/04\/DSC_0962-1-100x100.jpg 100w\" sizes=\"(max-width: 600px) 100vw, 600px\" \/><\/a>\n\t\t\t<\/div><\/figure><figure class='gallery-item'>\n\t\t\t<div class='gallery-icon landscape'>\n\t\t\t\t<a data-elementor-open-lightbox=\"yes\" data-elementor-lightbox-slideshow=\"ab04f02\" data-elementor-lightbox-title=\"DSC_0957-scaled\" data-e-action-hash=\"#elementor-action%3Aaction%3Dlightbox%26settings%3DeyJpZCI6NDcyMzEsInVybCI6Imh0dHBzOlwvXC93eWRhd25pY3R3by51Zy5lZHUucGxcL3dwLWNvbnRlbnRcL3VwbG9hZHNcLzIwMjVcLzA0XC9EU0NfMDk1Ny1zY2FsZWQtMS5qcGciLCJzbGlkZXNob3ciOiJhYjA0ZjAyIn0%3D\" href='https:\/\/wydawnictwo.ug.edu.pl\/wp-content\/uploads\/2025\/04\/DSC_0957-scaled-1.jpg'><img loading=\"lazy\" decoding=\"async\" width=\"600\" height=\"600\" src=\"https:\/\/wydawnictwo.ug.edu.pl\/wp-content\/uploads\/2025\/04\/DSC_0957-scaled-1-600x600.jpg\" class=\"attachment-woocommerce_thumbnail size-woocommerce_thumbnail\" alt=\"\" srcset=\"https:\/\/wydawnictwo.ug.edu.pl\/wp-content\/uploads\/2025\/04\/DSC_0957-scaled-1-600x600.jpg 600w, https:\/\/wydawnictwo.ug.edu.pl\/wp-content\/uploads\/2025\/04\/DSC_0957-scaled-1-150x150.jpg 150w, https:\/\/wydawnictwo.ug.edu.pl\/wp-content\/uploads\/2025\/04\/DSC_0957-scaled-1-100x100.jpg 100w\" sizes=\"(max-width: 600px) 100vw, 600px\" \/><\/a>\n\t\t\t<\/div><\/figure><figure class='gallery-item'>\n\t\t\t<div class='gallery-icon landscape'>\n\t\t\t\t<a data-elementor-open-lightbox=\"yes\" data-elementor-lightbox-slideshow=\"ab04f02\" data-elementor-lightbox-title=\"DSC_0958-scaled\" data-e-action-hash=\"#elementor-action%3Aaction%3Dlightbox%26settings%3DeyJpZCI6NDcyMzIsInVybCI6Imh0dHBzOlwvXC93eWRhd25pY3R3by51Zy5lZHUucGxcL3dwLWNvbnRlbnRcL3VwbG9hZHNcLzIwMjVcLzA0XC9EU0NfMDk1OC1zY2FsZWQtMS5qcGciLCJzbGlkZXNob3ciOiJhYjA0ZjAyIn0%3D\" href='https:\/\/wydawnictwo.ug.edu.pl\/wp-content\/uploads\/2025\/04\/DSC_0958-scaled-1.jpg'><img loading=\"lazy\" decoding=\"async\" width=\"600\" height=\"600\" src=\"https:\/\/wydawnictwo.ug.edu.pl\/wp-content\/uploads\/2025\/04\/DSC_0958-scaled-1-600x600.jpg\" class=\"attachment-woocommerce_thumbnail size-woocommerce_thumbnail\" alt=\"\" srcset=\"https:\/\/wydawnictwo.ug.edu.pl\/wp-content\/uploads\/2025\/04\/DSC_0958-scaled-1-600x600.jpg 600w, https:\/\/wydawnictwo.ug.edu.pl\/wp-content\/uploads\/2025\/04\/DSC_0958-scaled-1-150x150.jpg 150w, https:\/\/wydawnictwo.ug.edu.pl\/wp-content\/uploads\/2025\/04\/DSC_0958-scaled-1-100x100.jpg 100w\" sizes=\"(max-width: 600px) 100vw, 600px\" \/><\/a>\n\t\t\t<\/div><\/figure><figure class='gallery-item'>\n\t\t\t<div class='gallery-icon landscape'>\n\t\t\t\t<a data-elementor-open-lightbox=\"yes\" data-elementor-lightbox-slideshow=\"ab04f02\" data-elementor-lightbox-title=\"DSC_0953-scaled\" data-e-action-hash=\"#elementor-action%3Aaction%3Dlightbox%26settings%3DeyJpZCI6NDcyMzAsInVybCI6Imh0dHBzOlwvXC93eWRhd25pY3R3by51Zy5lZHUucGxcL3dwLWNvbnRlbnRcL3VwbG9hZHNcLzIwMjVcLzA0XC9EU0NfMDk1My1zY2FsZWQtMS5qcGciLCJzbGlkZXNob3ciOiJhYjA0ZjAyIn0%3D\" href='https:\/\/wydawnictwo.ug.edu.pl\/wp-content\/uploads\/2025\/04\/DSC_0953-scaled-1.jpg'><img loading=\"lazy\" decoding=\"async\" width=\"600\" height=\"600\" src=\"https:\/\/wydawnictwo.ug.edu.pl\/wp-content\/uploads\/2025\/04\/DSC_0953-scaled-1-600x600.jpg\" class=\"attachment-woocommerce_thumbnail size-woocommerce_thumbnail\" alt=\"\" srcset=\"https:\/\/wydawnictwo.ug.edu.pl\/wp-content\/uploads\/2025\/04\/DSC_0953-scaled-1-600x600.jpg 600w, https:\/\/wydawnictwo.ug.edu.pl\/wp-content\/uploads\/2025\/04\/DSC_0953-scaled-1-150x150.jpg 150w, https:\/\/wydawnictwo.ug.edu.pl\/wp-content\/uploads\/2025\/04\/DSC_0953-scaled-1-100x100.jpg 100w\" sizes=\"(max-width: 600px) 100vw, 600px\" \/><\/a>\n\t\t\t<\/div><\/figure><figure class='gallery-item'>\n\t\t\t<div class='gallery-icon landscape'>\n\t\t\t\t<a data-elementor-open-lightbox=\"yes\" data-elementor-lightbox-slideshow=\"ab04f02\" data-elementor-lightbox-title=\"DSC_0996-scaled\" data-e-action-hash=\"#elementor-action%3Aaction%3Dlightbox%26settings%3DeyJpZCI6NDcyMzQsInVybCI6Imh0dHBzOlwvXC93eWRhd25pY3R3by51Zy5lZHUucGxcL3dwLWNvbnRlbnRcL3VwbG9hZHNcLzIwMjVcLzA0XC9EU0NfMDk5Ni1zY2FsZWQtMS5qcGciLCJzbGlkZXNob3ciOiJhYjA0ZjAyIn0%3D\" href='https:\/\/wydawnictwo.ug.edu.pl\/wp-content\/uploads\/2025\/04\/DSC_0996-scaled-1.jpg'><img loading=\"lazy\" decoding=\"async\" width=\"600\" height=\"600\" src=\"https:\/\/wydawnictwo.ug.edu.pl\/wp-content\/uploads\/2025\/04\/DSC_0996-scaled-1-600x600.jpg\" class=\"attachment-woocommerce_thumbnail size-woocommerce_thumbnail\" alt=\"\" srcset=\"https:\/\/wydawnictwo.ug.edu.pl\/wp-content\/uploads\/2025\/04\/DSC_0996-scaled-1-600x600.jpg 600w, https:\/\/wydawnictwo.ug.edu.pl\/wp-content\/uploads\/2025\/04\/DSC_0996-scaled-1-150x150.jpg 150w, https:\/\/wydawnictwo.ug.edu.pl\/wp-content\/uploads\/2025\/04\/DSC_0996-scaled-1-100x100.jpg 100w\" sizes=\"(max-width: 600px) 100vw, 600px\" \/><\/a>\n\t\t\t<\/div><\/figure><figure class='gallery-item'>\n\t\t\t<div class='gallery-icon portrait'>\n\t\t\t\t<a data-elementor-open-lightbox=\"yes\" data-elementor-lightbox-slideshow=\"ab04f02\" data-elementor-lightbox-title=\"314-kopia-scaled\" data-e-action-hash=\"#elementor-action%3Aaction%3Dlightbox%26settings%3DeyJpZCI6NDcyMjgsInVybCI6Imh0dHBzOlwvXC93eWRhd25pY3R3by51Zy5lZHUucGxcL3dwLWNvbnRlbnRcL3VwbG9hZHNcLzIwMjVcLzA0XC8zMTQta29waWEtc2NhbGVkLTEuanBnIiwic2xpZGVzaG93IjoiYWIwNGYwMiJ9\" href='https:\/\/wydawnictwo.ug.edu.pl\/wp-content\/uploads\/2025\/04\/314-kopia-scaled-1.jpg'><img loading=\"lazy\" decoding=\"async\" width=\"600\" height=\"600\" src=\"https:\/\/wydawnictwo.ug.edu.pl\/wp-content\/uploads\/2025\/04\/314-kopia-scaled-1-600x600.jpg\" class=\"attachment-woocommerce_thumbnail size-woocommerce_thumbnail\" alt=\"\" srcset=\"https:\/\/wydawnictwo.ug.edu.pl\/wp-content\/uploads\/2025\/04\/314-kopia-scaled-1-600x600.jpg 600w, https:\/\/wydawnictwo.ug.edu.pl\/wp-content\/uploads\/2025\/04\/314-kopia-scaled-1-150x150.jpg 150w, https:\/\/wydawnictwo.ug.edu.pl\/wp-content\/uploads\/2025\/04\/314-kopia-scaled-1-100x100.jpg 100w\" sizes=\"(max-width: 600px) 100vw, 600px\" \/><\/a>\n\t\t\t<\/div><\/figure>\n\t\t<\/div>\n\t\t<\/div>\n\t\t\t\t\t\t<\/div>\n\t\t\t\t\t<\/div>\n\t\t\t\t<\/div>\n\t\t<div class=\"elementor-element elementor-element-fe7f040 py-20 p-4 e-flex e-con-boxed e-con e-parent\" data-id=\"fe7f040\" data-element_type=\"container\" data-e-type=\"container\" data-settings=\"{&quot;background_background&quot;:&quot;classic&quot;}\">\n\t\t\t\t\t<div class=\"e-con-inner\">\n\t\t\t\t<div class=\"elementor-element elementor-element-2f8e05a elementor-widget elementor-widget-heading\" data-id=\"2f8e05a\" data-element_type=\"widget\" data-e-type=\"widget\" data-widget_type=\"heading.default\">\n\t\t\t\t\t<h2 class=\"elementor-heading-title elementor-size-default\">Ksi\u0119garnia Uniwersytecka<\/h2>\t\t\t\t<\/div>\n\t\t\t\t<div class=\"elementor-element elementor-element-8618e6d elementor-position-inline-start elementor-view-default elementor-mobile-position-block-start elementor-widget elementor-widget-icon-box\" data-id=\"8618e6d\" data-element_type=\"widget\" data-e-type=\"widget\" data-widget_type=\"icon-box.default\">\n\t\t\t\t\t\t\t<div class=\"elementor-icon-box-wrapper\">\n\n\t\t\t\t\t\t<div class=\"elementor-icon-box-icon\">\n\t\t\t\t<span  class=\"elementor-icon\">\n\t\t\t\t<svg aria-hidden=\"true\" class=\"e-font-icon-svg e-fas-map-marked-alt\" viewBox=\"0 0 576 512\" xmlns=\"http:\/\/www.w3.org\/2000\/svg\"><path d=\"M288 0c-69.59 0-126 56.41-126 126 0 56.26 82.35 158.8 113.9 196.02 6.39 7.54 17.82 7.54 24.2 0C331.65 284.8 414 182.26 414 126 414 56.41 357.59 0 288 0zm0 168c-23.2 0-42-18.8-42-42s18.8-42 42-42 42 18.8 42 42-18.8 42-42 42zM20.12 215.95A32.006 32.006 0 0 0 0 245.66v250.32c0 11.32 11.43 19.06 21.94 14.86L160 448V214.92c-8.84-15.98-16.07-31.54-21.25-46.42L20.12 215.95zM288 359.67c-14.07 0-27.38-6.18-36.51-16.96-19.66-23.2-40.57-49.62-59.49-76.72v182l192 64V266c-18.92 27.09-39.82 53.52-59.49 76.72-9.13 10.77-22.44 16.95-36.51 16.95zm266.06-198.51L416 224v288l139.88-55.95A31.996 31.996 0 0 0 576 426.34V176.02c0-11.32-11.43-19.06-21.94-14.86z\"><\/path><\/svg>\t\t\t\t<\/span>\n\t\t\t<\/div>\n\t\t\t\n\t\t\t\t\t\t<div class=\"elementor-icon-box-content\">\n\n\t\t\t\t\n\t\t\t\t\t\t\t\t\t<p class=\"elementor-icon-box-description\">\n\t\t\t\t\t\tWydzia\u0142 Nauk Spo\u0142ecznych UG<br>Marii Janion 7, 80-309 Gda\u0144sk\t\t\t\t\t<\/p>\n\t\t\t\t\n\t\t\t<\/div>\n\t\t\t\n\t\t<\/div>\n\t\t\t\t\t\t<\/div>\n\t\t\t\t\t<\/div>\n\t\t\t\t<\/div>\n\t\t<div class=\"elementor-element elementor-element-8919e2f e-con-full p-0 e-flex e-con e-parent\" data-id=\"8919e2f\" data-element_type=\"container\" data-e-type=\"container\">\n\t\t\t\t<div class=\"elementor-element elementor-element-c1a0e6b elementor-widget elementor-widget-google_maps\" data-id=\"c1a0e6b\" data-element_type=\"widget\" data-e-type=\"widget\" data-widget_type=\"google_maps.default\">\n\t\t\t\t\t\t\t<div class=\"elementor-custom-embed\">\n\t\t\t<iframe loading=\"lazy\"\n\t\t\t\t\tsrc=\"https:\/\/maps.google.com\/maps?q=Ksi%C4%85%C5%BCk%C4%85%20i%20Kaw%C4%85%2C%20Gda%C5%84sk&#038;t=m&#038;z=16&#038;output=embed&#038;iwloc=near\"\n\t\t\t\t\ttitle=\"Ksi\u0105\u017ck\u0105 i Kaw\u0105, Gda\u0144sk\"\n\t\t\t\t\taria-label=\"Ksi\u0105\u017ck\u0105 i Kaw\u0105, Gda\u0144sk\"\n\t\t\t><\/iframe>\n\t\t<\/div>\n\t\t\t\t\t\t<\/div>\n\t\t\t\t<\/div>\n\t\t\t\t<\/div>\n\t\t","protected":false},"excerpt":{"rendered":"<p>Ksi\u0119garnia Uniwersytecka On May 23, 2022, at the Faculty of Social Sciences, we opened the University Bookstore \u2014 a new meeting place not only for students and academics of the University of Gda\u0144sk, but also for everyone from outside the university who wants a good read, delicious coffee and a friendly atmosphere. Here you can [&hellip;]<\/p>\n","protected":false},"author":1758,"featured_media":47049,"parent":0,"menu_order":106,"comment_status":"closed","ping_status":"closed","template":"elementor_header_footer","meta":{"_acf_changed":false,"footnotes":""},"class_list":["post-47047","page","type-page","status-publish","has-post-thumbnail","hentry"],"acf":[],"_links":{"self":[{"href":"https:\/\/wydawnictwo.ug.edu.pl\/en\/wp-json\/wp\/v2\/pages\/47047","targetHints":{"allow":["GET"]}}],"collection":[{"href":"https:\/\/wydawnictwo.ug.edu.pl\/en\/wp-json\/wp\/v2\/pages"}],"about":[{"href":"https:\/\/wydawnictwo.ug.edu.pl\/en\/wp-json\/wp\/v2\/types\/page"}],"author":[{"embeddable":true,"href":"https:\/\/wydawnictwo.ug.edu.pl\/en\/wp-json\/wp\/v2\/users\/1758"}],"replies":[{"embeddable":true,"href":"https:\/\/wydawnictwo.ug.edu.pl\/en\/wp-json\/wp\/v2\/comments?post=47047"}],"version-history":[{"count":5,"href":"https:\/\/wydawnictwo.ug.edu.pl\/en\/wp-json\/wp\/v2\/pages\/47047\/revisions"}],"predecessor-version":[{"id":48663,"href":"https:\/\/wydawnictwo.ug.edu.pl\/en\/wp-json\/wp\/v2\/pages\/47047\/revisions\/48663"}],"wp:featuredmedia":[{"embeddable":true,"href":"https:\/\/wydawnictwo.ug.edu.pl\/en\/wp-json\/wp\/v2\/media\/47049"}],"wp:attachment":[{"href":"https:\/\/wydawnictwo.ug.edu.pl\/en\/wp-json\/wp\/v2\/media?parent=47047"}],"curies":[{"name":"wp","href":"https:\/\/api.w.org\/{rel}","templated":true}]}}